{"id":1189,"date":"2026-02-28T11:47:05","date_gmt":"2026-02-28T15:47:05","guid":{"rendered":"https:\/\/docdeletepr.com\/?page_id=1189"},"modified":"2026-03-01T09:41:24","modified_gmt":"2026-03-01T13:41:24","slug":"pay-your-invoice","status":"publish","type":"page","link":"https:\/\/docdeletepr.com\/es\/pay-your-invoice\/","title":{"rendered":"Paga Su Factura"},"content":{"rendered":"<div data-elementor-type=\"wp-page\" data-elementor-id=\"1189\" class=\"elementor elementor-1189\">\n\t\t\t\t\t\t<section class=\"elementor-section elementor-top-section elementor-element elementor-element-7d7b42a elementor-section-full_width elementor-section-height-default elementor-section-height-default cms-full-content-with-space-none cms-section-banner-no\" data-id=\"7d7b42a\" data-element_type=\"section\" data-e-type=\"section\">\r\n\t\t\t<div class=\"cms-section-banner cms-section-banner-no cms-gradient- relative\"><div class=\"cms-gradient-render\"><\/div><\/div>\t\t\t<div class=\"elementor-container elementor-column-gap-no\" >\r\n\t\t\t        <div class=\"elementor-column elementor-col-100 elementor-top-column elementor-element elementor-element-22b0738\" data-id=\"22b0738\" data-element_type=\"column\" data-e-type=\"column\">\r\n            <div class=\"elementor-widget-wrap elementor-element-populated\">\r\n                \t\t<div class=\"elementor-element elementor-element-4078062 cms-eptitle-overlay-1 elementor-widget elementor-widget-cms_page_title\" data-id=\"4078062\" data-element_type=\"widget\" data-e-type=\"widget\" data-widget_type=\"cms_page_title.default\">\n\t\t\t\t<div class=\"elementor-widget-container\">\n\t\t\t\t\t<img width=\"\" height=\"\" data-src=\"https:\/\/docdeletepr.com\/wp-content\/uploads\/2026\/03\/stressed-young-woman-has-financial-problems-with-credit-card-debt-pay-crucial-show-concept-bad-personal-money-mortgage-pay-management-crisis-scaled.jpg\" title=\"Stressed young woman has financial problems credit card debt to pay crucial\" alt=\"Stressed young woman has financial problems with credit card debt to pay crucial show concept of bad personal money and mortgage pay management crisis.\" class=\"cms-lazy lazy-loading img-cover cms-overlay\" loading=\"lazy\" \/><div class=\"cms-eptitle-overlay cms-overlay\"><\/div><div class=\"cms-eptitle cms-eptitle-4\">\n\t<div class=\"cms-content relative z-top container\">\n\t\t<div class=\"cms--content\">\n\t\t\t<h1 class=\"cms-title text-75 text-tablet-50 text-mobile-40 font-700 lh-1066 text-white w-100\">Paga Su Factura<\/h1>\n\t\t<\/div>\n\t<\/div>\n<\/div>\t\t\t\t<\/div>\n\t\t\t\t<\/div>\n\t\t            <\/div>\r\n        <\/div>\r\n        \t\t\t<\/div>\r\n\t\t<\/section>\r\n\t\t\t\t<section class=\"elementor-section elementor-top-section elementor-element elementor-element-617b9e7 pt-80 pb-80 p-tb-tablet-40 elementor-section-boxed elementor-section-height-default elementor-section-height-default cms-section-banner-no\" data-id=\"617b9e7\" data-element_type=\"section\" data-e-type=\"section\">\r\n\t\t\t<div class=\"cms-section-banner cms-section-banner-no cms-gradient- relative\"><div class=\"cms-gradient-render\"><\/div><\/div>\t\t\t<div class=\"elementor-container elementor-column-gap-default\" >\r\n\t\t\t        <div class=\"elementor-column elementor-col-100 elementor-top-column elementor-element elementor-element-0f85909\" data-id=\"0f85909\" data-element_type=\"column\" data-e-type=\"column\">\r\n            <div class=\"elementor-widget-wrap elementor-element-populated\">\r\n                \t\t<div class=\"elementor-element elementor-element-f26c64a elementor-widget__width-initial pb-50 elementor-invisible elementor-widget elementor-widget-cms_heading\" data-id=\"f26c64a\" data-element_type=\"widget\" data-e-type=\"widget\" data-settings=\"{&quot;_animation&quot;:&quot;fadeInUp&quot;}\" data-widget_type=\"cms_heading.default\">\n\t\t\t\t<div class=\"elementor-widget-container\">\n\t\t\t\t\t<div class=\"cms-eheading cms-eheading-1 text-center\">\n\t<div class=\"cms-smallheading empty-none font-700 text-16 text-primary pb-10 mt-n7\">Paga Su Factura<\/div>\n\t<h2 class=\"cms-heading empty-none text-\">Opciones de pago r\u00e1pidas, seguras y convenientes<\/h2>\n<\/div>\t\t\t\t<\/div>\n\t\t\t\t<\/div>\n\t\t\t\t<div class=\"elementor-element elementor-element-791840b pt-25 elementor-invisible elementor-widget elementor-widget-cms_heading\" data-id=\"791840b\" data-element_type=\"widget\" data-e-type=\"widget\" data-settings=\"{&quot;_animation&quot;:&quot;fadeInUp&quot;}\" data-widget_type=\"cms_heading.default\">\n\t\t\t\t<div class=\"elementor-widget-container\">\n\t\t\t\t\t<div class=\"cms-eheading cms-eheading-3 text-start\">\n\t<h2 class=\"cms-heading text-24 font-700 text- empty-none\"><\/h2>\n\t<div class=\"cms-desc pt-15 empty-none text-\">Gracias por elegir Doc Delete PR para sus servicios de destrucci\u00f3n y reciclaje seguros.<br \/>\n<br \/>\nPara su comodidad, ofrecemos opciones de pago seguras y sencillas. Elija el m\u00e9todo que mejor se adapte a sus necesidades a continuaci\u00f3n.<br \/>\n<br \/>\nSi tiene alguna pregunta sobre su factura, comun\u00edquese con nuestra oficina antes de enviar el pago.<\/div>\n<\/div>\t\t\t\t<\/div>\n\t\t\t\t<\/div>\n\t\t            <\/div>\r\n        <\/div>\r\n        \t\t\t<\/div>\r\n\t\t<\/section>\r\n\t\t\t\t<section class=\"elementor-section elementor-top-section elementor-element elementor-element-381f20d bg-secondary-darken2 text-white elementor-section-full_width elementor-section-height-default elementor-section-height-default cms-full-content-with-space-none cms-section-banner-no\" data-id=\"381f20d\" data-element_type=\"section\" data-e-type=\"section\">\r\n\t\t\t<div class=\"cms-section-banner cms-section-banner-no cms-gradient- relative\"><div class=\"cms-gradient-render\"><\/div><\/div>\t\t\t<div class=\"elementor-container elementor-column-gap-default\" >\r\n\t\t\t        <div class=\"elementor-column elementor-col-50 elementor-top-column elementor-element elementor-element-cdab8f0 pr-110 pr-laptop-20 pr-tablet-extra-0 p-tb-50 elementor-invisible\" data-id=\"cdab8f0\" data-element_type=\"column\" data-e-type=\"column\" data-settings=\"{&quot;animation&quot;:&quot;fadeInLeft&quot;}\">\r\n            <div class=\"elementor-widget-wrap elementor-element-populated\">\r\n                \t\t<div class=\"elementor-element elementor-element-87a84a7 elementor-widget__width-initial elementor-widget elementor-widget-cms_heading\" data-id=\"87a84a7\" data-element_type=\"widget\" data-e-type=\"widget\" data-widget_type=\"cms_heading.default\">\n\t\t\t\t<div class=\"elementor-widget-container\">\n\t\t\t\t\t<div class=\"cms-eheading cms-eheading-1 text-start\">\n\t<div class=\"cms-smallheading empty-none font-700 text-16 text-primary pb-10 mt-n7\"><\/div>\n\t<h2 class=\"cms-heading empty-none text-white\">Pagar con ATH M\u00f3vil<\/h2>\n<\/div>\t\t\t\t<\/div>\n\t\t\t\t<\/div>\n\t\t\t\t<div class=\"elementor-element elementor-element-31604fea elementor-widget__width-initial mt-n10 elementor-widget elementor-widget-cms_heading\" data-id=\"31604fea\" data-element_type=\"widget\" data-e-type=\"widget\" data-widget_type=\"cms_heading.default\">\n\t\t\t\t<div class=\"elementor-widget-container\">\n\t\t\t\t\t<div class=\"cms-eheading cms-eheading-6 text-start\">\n\t<div class=\"cms-smallheading empty-none font-700 text-16 text-primary pb-15\"><\/div>\n\t<h2 class=\"cms-heading empty-none text-heading pb-30\"><\/h2>\n\t<div class=\"cms-desc text-17 pb-25 font-700 empty-none text-white\">Aceptamos pagos a trav\u00e9s de ATH M\u00f3vil Negocios para transacciones r\u00e1pidas y convenientes.<\/div>\n\t<div class=\"cms-desc text-17 empty-none text-white\"><\/div>\n<\/div>\t\t\t\t<\/div>\n\t\t\t\t<\/div>\n\t\t\t\t<div class=\"elementor-element elementor-element-4f2ded6 elementor-widget__width-initial mt-n10 elementor-widget elementor-widget-cms_heading\" data-id=\"4f2ded6\" data-element_type=\"widget\" data-e-type=\"widget\" data-widget_type=\"cms_heading.default\">\n\t\t\t\t<div class=\"elementor-widget-container\">\n\t\t\t\t\t<div class=\"cms-eheading cms-eheading-6 text-start\">\n\t<div class=\"cms-smallheading empty-none font-700 text-16 text-primary pb-15\">C\u00f3mo pagar:<\/div>\n\t<h2 class=\"cms-heading empty-none text-heading pb-30\"><\/h2>\n\t<div class=\"cms-desc text-17 pb-25 font-700 empty-none text-white\">Abre tu app ATH M\u00f3vil.<br \/>\nSeleccione \"Negocios\".<br \/>\nBusca \"docdelete\".<br \/>\nIntroduzca el importe de su pago.<br \/>\nIncluya su n\u00famero de factura en el campo de mensaje (opcional).<br \/>\nConfirma tu pago.<\/div>\n\t<div class=\"cms-desc text-17 empty-none text-white\">Tambi\u00e9n puede escanear el c\u00f3digo QR a continuaci\u00f3n para pagar instant\u00e1neamente:<\/div>\n<\/div>\t\t\t\t<\/div>\n\t\t\t\t<\/div>\n\t\t\t\t<div class=\"elementor-element elementor-element-5d264a3 elementor-widget__width-initial elementor-widget elementor-widget-image\" data-id=\"5d264a3\" data-element_type=\"widget\" data-e-type=\"widget\" data-widget_type=\"image.default\">\n\t\t\t\t\t\t\t\t\t\t\t\t\t\t\t<img loading=\"lazy\" width=\"350\" height=\"400\" data-src=\"https:\/\/docdeletepr.com\/wp-content\/uploads\/elementor\/thumbs\/WhatsApp-Image-2026-02-27-at-7.57.11-PM-e1772294246823-rjtreo5yuzwf1yk01kax9s9xt5rxneml2r1hsye1wg.jpeg\" title=\"WhatsApp Image 2026-02-27 at 7.57.11 PM\" alt=\"WhatsApp Image 2026-02-27 at 7.57.11 PM\" class=\"cms-lazy lazy-loading\" \/>\t\t\t\t\t\t\t\t\t\t\t\t\t\t\t<\/div>\n\t\t\t\t<div class=\"elementor-element elementor-element-1872b8ce elementor-widget elementor-widget-spacer\" data-id=\"1872b8ce\" data-element_type=\"widget\" data-e-type=\"widget\" data-widget_type=\"spacer.default\">\n\t\t\t\t\t\t\t<div class=\"elementor-spacer\">\n\t\t\t<div class=\"elementor-spacer-inner\"><\/div>\n\t\t<\/div>\n\t\t\t\t\t\t<\/div>\n\t\t            <\/div>\r\n        <\/div>\r\n                <div class=\"elementor-column elementor-col-50 elementor-top-column elementor-element elementor-element-290e776a bg-secondary pl-110 pl-laptop-20 pl-tablet-extra-0  pt-100 pb-90 p-tb-tablet-40 elementor-invisible\" data-id=\"290e776a\" data-element_type=\"column\" data-e-type=\"column\" data-settings=\"{&quot;animation&quot;:&quot;fadeInRight&quot;}\">\r\n            <div class=\"elementor-widget-wrap elementor-element-populated\">\r\n                \t\t<div class=\"elementor-element elementor-element-c6b2ff7 elementor-widget__width-initial elementor-widget elementor-widget-cms_heading\" data-id=\"c6b2ff7\" data-element_type=\"widget\" data-e-type=\"widget\" data-widget_type=\"cms_heading.default\">\n\t\t\t\t<div class=\"elementor-widget-container\">\n\t\t\t\t\t<div class=\"cms-eheading cms-eheading-1 text-start\">\n\t<div class=\"cms-smallheading empty-none font-700 text-16 text-primary pb-10 mt-n7\"><\/div>\n\t<h2 class=\"cms-heading empty-none text-white\">Pagar con tarjeta de cr\u00e9dito o d\u00e9bito<\/h2>\n<\/div>\t\t\t\t<\/div>\n\t\t\t\t<\/div>\n\t\t\t\t<div class=\"elementor-element elementor-element-61625ea6 elementor-widget elementor-widget-spacer\" data-id=\"61625ea6\" data-element_type=\"widget\" data-e-type=\"widget\" data-widget_type=\"spacer.default\">\n\t\t\t\t\t\t\t<div class=\"elementor-spacer\">\n\t\t\t<div class=\"elementor-spacer-inner\"><\/div>\n\t\t<\/div>\n\t\t\t\t\t\t<\/div>\n\t\t\t\t<div class=\"elementor-element elementor-element-3e4d87b elementor-widget__width-initial mt-n10 elementor-widget elementor-widget-cms_heading\" data-id=\"3e4d87b\" data-element_type=\"widget\" data-e-type=\"widget\" data-widget_type=\"cms_heading.default\">\n\t\t\t\t<div class=\"elementor-widget-container\">\n\t\t\t\t\t<div class=\"cms-eheading cms-eheading-6 text-start\">\n\t<div class=\"cms-smallheading empty-none font-700 text-16 text-primary pb-15\"><\/div>\n\t<h2 class=\"cms-heading empty-none text-heading pb-30\"><\/h2>\n\t<div class=\"cms-desc text-17 pb-25 font-700 empty-none text-white\">Ofrecemos pagos seguros en l\u00ednea a trav\u00e9s de nuestro enlace de pago directo.<\/div>\n\t<div class=\"cms-desc text-17 empty-none text-white\">Aceptamos:<\/div>\n<\/div>\t\t\t\t<\/div>\n\t\t\t\t<\/div>\n\t\t\t\t<div class=\"elementor-element elementor-element-673a276 elementor-widget__width-initial elementor-widget elementor-widget-image\" data-id=\"673a276\" data-element_type=\"widget\" data-e-type=\"widget\" data-widget_type=\"image.default\">\n\t\t\t\t\t\t\t\t\t\t\t\t\t\t\t<img loading=\"lazy\" width=\"100\" height=\"100\" data-src=\"https:\/\/docdeletepr.com\/wp-content\/uploads\/elementor\/thumbs\/credit-cards-rjv5ln4i1qiwuardebfo11v7wxoum25i676tyfpsrs.png\" title=\"credit-cards\" alt=\"credit-cards\" class=\"cms-lazy lazy-loading\" \/>\t\t\t\t\t\t\t\t\t\t\t\t\t\t\t<\/div>\n\t\t\t\t<div class=\"elementor-element elementor-element-3c72c9f elementor-widget__width-initial mt-n10 elementor-widget elementor-widget-cms_heading\" data-id=\"3c72c9f\" data-element_type=\"widget\" data-e-type=\"widget\" data-widget_type=\"cms_heading.default\">\n\t\t\t\t<div class=\"elementor-widget-container\">\n\t\t\t\t\t<div class=\"cms-eheading cms-eheading-6 text-start\">\n\t<div class=\"cms-smallheading empty-none font-700 text-16 text-primary pb-15\"><\/div>\n\t<h2 class=\"cms-heading empty-none text-heading pb-30\"><\/h2>\n\t<div class=\"cms-desc text-17 pb-25 font-700 empty-none text-white\"><\/div>\n\t<div class=\"cms-desc text-17 empty-none text-white\">Todas las transacciones se procesan a trav\u00e9s de un sistema de pago seguro y encriptado para proteger su informaci\u00f3n.<\/div>\n<\/div>\t\t\t\t<\/div>\n\t\t\t\t<\/div>\n\t\t\t\t<div class=\"elementor-element elementor-element-963c585 elementor-widget__width-initial mt-n10 elementor-widget elementor-widget-cms_heading\" data-id=\"963c585\" data-element_type=\"widget\" data-e-type=\"widget\" data-widget_type=\"cms_heading.default\">\n\t\t\t\t<div class=\"elementor-widget-container\">\n\t\t\t\t\t<div class=\"cms-eheading cms-eheading-6 text-start\">\n\t<div class=\"cms-smallheading empty-none font-700 text-16 text-primary pb-15\">Para pagar en l\u00ednea:<\/div>\n\t<h2 class=\"cms-heading empty-none text-heading pb-30\"><\/h2>\n\t<div class=\"cms-desc text-17 pb-25 font-700 empty-none text-white\">Simplemente haga clic en el bot\u00f3n a continuaci\u00f3n para acceder a nuestra p\u00e1gina de pago seguro:<\/div>\n\t<div class=\"cms-desc text-17 empty-none text-white\"><\/div>\n<\/div>\t\t\t\t<\/div>\n\t\t\t\t<\/div>\n\t\t\t\t<div class=\"elementor-element elementor-element-90de9bb elementor-widget elementor-widget-cms_button\" data-id=\"90de9bb\" data-element_type=\"widget\" data-e-type=\"widget\" data-widget_type=\"cms_button.default\">\n\t\t\t\t<div class=\"elementor-widget-container\">\n\t\t\t\t\t<div class=\"cms-btn-desc text-15 font-700 empty-none pb-25 text-body\"><\/div>\n<a class=\"btn btn-white btn-hover-primary text-hover-white icon-first\" href=\"https:\/\/buy.stripe.com\/8wM7vb8sG3QO81y7st\">\n\tPAGAR FACTURA AQU\u00cd<\/a>\t\t\t\t<\/div>\n\t\t\t\t<\/div>\n\t\t\t\t<div class=\"elementor-element elementor-element-e49f15f elementor-widget__width-initial mt-n10 elementor-widget elementor-widget-cms_heading\" data-id=\"e49f15f\" data-element_type=\"widget\" data-e-type=\"widget\" data-widget_type=\"cms_heading.default\">\n\t\t\t\t<div class=\"elementor-widget-container\">\n\t\t\t\t\t<div class=\"cms-eheading cms-eheading-6 text-start\">\n\t<div class=\"cms-smallheading empty-none font-700 text-16 text-primary pb-15\"><\/div>\n\t<h2 class=\"cms-heading empty-none text-heading pb-30\"><\/h2>\n\t<div class=\"cms-desc text-17 pb-25 font-700 empty-none text-white\"><\/div>\n\t<div class=\"cms-desc text-17 empty-none text-white\">Aseg\u00farese de ingresar su n\u00famero de factura en la secci\u00f3n de referencia o notas al enviar el pago.<\/div>\n<\/div>\t\t\t\t<\/div>\n\t\t\t\t<\/div>\n\t\t            <\/div>\r\n        <\/div>\r\n        \t\t\t<\/div>\r\n\t\t<\/section>\r\n\t\t\t\t<section class=\"elementor-section elementor-top-section elementor-element elementor-element-21c72235 pt-80 pb-80 p-tb-tablet-40 elementor-section-boxed elementor-section-height-default elementor-section-height-default cms-section-banner-no\" data-id=\"21c72235\" data-element_type=\"section\" data-e-type=\"section\">\r\n\t\t\t<div class=\"cms-section-banner cms-section-banner-no cms-gradient- relative\"><div class=\"cms-gradient-render\"><\/div><\/div>\t\t\t<div class=\"elementor-container elementor-column-gap-default\" >\r\n\t\t\t        <div class=\"elementor-column elementor-col-100 elementor-top-column elementor-element elementor-element-22a1023d\" data-id=\"22a1023d\" data-element_type=\"column\" data-e-type=\"column\">\r\n            <div class=\"elementor-widget-wrap elementor-element-populated\">\r\n                \t\t<div class=\"elementor-element elementor-element-06fa07b pt-25 elementor-invisible elementor-widget elementor-widget-cms_heading\" data-id=\"06fa07b\" data-element_type=\"widget\" data-e-type=\"widget\" data-settings=\"{&quot;_animation&quot;:&quot;fadeInUp&quot;}\" data-widget_type=\"cms_heading.default\">\n\t\t\t\t<div class=\"elementor-widget-container\">\n\t\t\t\t\t<div class=\"cms-eheading cms-eheading-3 text-start\">\n\t<h2 class=\"cms-heading text-24 font-700 text- empty-none\">Gracias por su compra<\/h2>\n\t<div class=\"cms-desc pt-15 empty-none text-\">Agradecemos su pronto pago y su confianza en Doc Delete PR.<br \/>\n<br \/>\nSu apoyo nos permite continuar brindando servicios de trituraci\u00f3n segura y reciclaje responsable en todo Puerto Rico.<br \/>\n<br \/>\nSi necesita ayuda, nuestro equipo estar\u00e1 encantado de ayudarle.<\/div>\n<\/div>\t\t\t\t<\/div>\n\t\t\t\t<\/div>\n\t\t            <\/div>\r\n        <\/div>\r\n        \t\t\t<\/div>\r\n\t\t<\/section>\r\n\t\t\t\t<\/div>","protected":false},"excerpt":{"rendered":"<p>Pay Your Invoice Pay Your Invoice Fast, Secure &#038; Convenient Payment Options Thank you for choosing Doc Delete PR for your secure shredding and recycling services. For your convenience, we offer secure and easy payment options. Please choose the method that works best for you below. If you have any questions about your invoice, please [&hellip;]<\/p>\n","protected":false},"author":1,"featured_media":0,"parent":0,"menu_order":17,"comment_status":"closed","ping_status":"closed","template":"","meta":{"footnotes":""},"class_list":["post-1189","page","type-page","status-publish","hentry"],"yoast_head":"<!-- This site is optimized with the Yoast SEO Premium plugin v25.8 (Yoast SEO v27.4) - https:\/\/yoast.com\/product\/yoast-seo-premium-wordpress\/ -->\n<title>Pay Your Invoice - Doc Delete PR<\/title>\n<meta name=\"robots\" content=\"index, follow, max-snippet:-1, max-image-preview:large, max-video-preview:-1\" \/>\n<link rel=\"canonical\" href=\"https:\/\/docdeletepr.com\/es\/pay-your-invoice\/\" \/>\n<meta property=\"og:locale\" content=\"es_ES\" \/>\n<meta property=\"og:type\" content=\"article\" \/>\n<meta property=\"og:title\" content=\"Pay Your Invoice\" \/>\n<meta property=\"og:description\" content=\"Locally owned business providing secure shredding and recycling services. With over 10 years in the industry, we serve clients across all Puerto Rico, protecting sensitive information with reliable and compliant solutions.\" \/>\n<meta property=\"og:url\" content=\"https:\/\/docdeletepr.com\/es\/pay-your-invoice\/\" \/>\n<meta property=\"og:site_name\" content=\"Doc Delete PR\" \/>\n<meta property=\"article:publisher\" content=\"https:\/\/www.facebook.com\/DocDeleteCorp\" \/>\n<meta property=\"article:modified_time\" content=\"2026-03-01T13:41:24+00:00\" \/>\n<meta property=\"og:image\" content=\"https:\/\/docdeletepr.com\/wp-content\/uploads\/2026\/03\/stressed-young-woman-has-financial-problems-with-credit-card-debt-pay-crucial-show-concept-bad-personal-money-mortgage-pay-management-crisis-scaled.jpg\" \/>\n<meta name=\"twitter:card\" content=\"summary_large_image\" \/>\n<meta name=\"twitter:label1\" content=\"Tiempo de lectura\" \/>\n\t<meta name=\"twitter:data1\" content=\"2 minutos\" \/>\n<!-- \/ Yoast SEO Premium plugin. -->","yoast_head_json":{"title":"Pay Your Invoice - Doc Delete PR","robots":{"index":"index","follow":"follow","max-snippet":"max-snippet:-1","max-image-preview":"max-image-preview:large","max-video-preview":"max-video-preview:-1"},"canonical":"https:\/\/docdeletepr.com\/es\/pay-your-invoice\/","og_locale":"es_ES","og_type":"article","og_title":"Pay Your Invoice","og_description":"Locally owned business providing secure shredding and recycling services. With over 10 years in the industry, we serve clients across all Puerto Rico, protecting sensitive information with reliable and compliant solutions.","og_url":"https:\/\/docdeletepr.com\/es\/pay-your-invoice\/","og_site_name":"Doc Delete PR","article_publisher":"https:\/\/www.facebook.com\/DocDeleteCorp","article_modified_time":"2026-03-01T13:41:24+00:00","og_image":[{"url":"https:\/\/docdeletepr.com\/wp-content\/uploads\/2026\/03\/stressed-young-woman-has-financial-problems-with-credit-card-debt-pay-crucial-show-concept-bad-personal-money-mortgage-pay-management-crisis-scaled.jpg","type":"","width":"","height":""}],"twitter_card":"summary_large_image","twitter_misc":{"Tiempo de lectura":"2 minutos"},"schema":{"@context":"https:\/\/schema.org","@graph":[{"@type":"WebPage","@id":"https:\/\/docdeletepr.com\/pay-your-invoice\/","url":"https:\/\/docdeletepr.com\/pay-your-invoice\/","name":"Pay Your Invoice - Doc Delete PR","isPartOf":{"@id":"https:\/\/docdeletepr.com\/#website"},"primaryImageOfPage":{"@id":"https:\/\/docdeletepr.com\/pay-your-invoice\/#primaryimage"},"image":{"@id":"https:\/\/docdeletepr.com\/pay-your-invoice\/#primaryimage"},"thumbnailUrl":"https:\/\/docdeletepr.com\/wp-content\/uploads\/2026\/03\/stressed-young-woman-has-financial-problems-with-credit-card-debt-pay-crucial-show-concept-bad-personal-money-mortgage-pay-management-crisis-scaled.jpg","datePublished":"2026-02-28T15:47:05+00:00","dateModified":"2026-03-01T13:41:24+00:00","breadcrumb":{"@id":"https:\/\/docdeletepr.com\/pay-your-invoice\/#breadcrumb"},"inLanguage":"es","potentialAction":[{"@type":"ReadAction","target":["https:\/\/docdeletepr.com\/pay-your-invoice\/"]}]},{"@type":"ImageObject","inLanguage":"es","@id":"https:\/\/docdeletepr.com\/pay-your-invoice\/#primaryimage","url":"https:\/\/docdeletepr.com\/wp-content\/uploads\/2026\/03\/stressed-young-woman-has-financial-problems-with-credit-card-debt-pay-crucial-show-concept-bad-personal-money-mortgage-pay-management-crisis-scaled.jpg","contentUrl":"https:\/\/docdeletepr.com\/wp-content\/uploads\/2026\/03\/stressed-young-woman-has-financial-problems-with-credit-card-debt-pay-crucial-show-concept-bad-personal-money-mortgage-pay-management-crisis-scaled.jpg"},{"@type":"BreadcrumbList","@id":"https:\/\/docdeletepr.com\/pay-your-invoice\/#breadcrumb","itemListElement":[{"@type":"ListItem","position":1,"name":"Home","item":"https:\/\/docdeletepr.com\/"},{"@type":"ListItem","position":2,"name":"Pay Your Invoice"}]},{"@type":"WebSite","@id":"https:\/\/docdeletepr.com\/#website","url":"https:\/\/docdeletepr.com\/","name":"Doc Delete PR","description":"Shredding &amp; Recycling Company in Puerto Rico","publisher":{"@id":"https:\/\/docdeletepr.com\/#organization"},"potentialAction":[{"@type":"SearchAction","target":{"@type":"EntryPoint","urlTemplate":"https:\/\/docdeletepr.com\/?s={search_term_string}"},"query-input":{"@type":"PropertyValueSpecification","valueRequired":true,"valueName":"search_term_string"}}],"inLanguage":"es"},{"@type":"Organization","@id":"https:\/\/docdeletepr.com\/#organization","name":"Doc Delete PR","url":"https:\/\/docdeletepr.com\/","logo":{"@type":"ImageObject","inLanguage":"es","@id":"https:\/\/docdeletepr.com\/#\/schema\/logo\/image\/","url":"https:\/\/docdeletepr.com\/wp-content\/uploads\/2026\/02\/cropped-docdelete-logo-1.png","contentUrl":"https:\/\/docdeletepr.com\/wp-content\/uploads\/2026\/02\/cropped-docdelete-logo-1.png","width":1535,"height":1535,"caption":"Doc Delete PR"},"image":{"@id":"https:\/\/docdeletepr.com\/#\/schema\/logo\/image\/"},"sameAs":["https:\/\/www.facebook.com\/DocDeleteCorp","https:\/\/www.instagram.com\/docdeletepr\/","https:\/\/www.linkedin.com\/company\/docdelete\/","https:\/\/www.youtube.com\/channel\/UCo05WoahBYJgsLehcKwtF3A"],"description":"Doc Delete PR es una empresa local que ofrece servicios seguros de destrucci\u00f3n y reciclaje. Con m\u00e1s de 10 a\u00f1os de experiencia en la industria, atendemos a clientes en todo Puerto Rico, protegiendo informaci\u00f3n confidencial con soluciones confiables y que cumplen con las normas.","email":"info@docdeletepr.com","telephone":"787-900-5511"}]}},"_links":{"self":[{"href":"https:\/\/docdeletepr.com\/es\/wp-json\/wp\/v2\/pages\/1189","targetHints":{"allow":["GET"]}}],"collection":[{"href":"https:\/\/docdeletepr.com\/es\/wp-json\/wp\/v2\/pages"}],"about":[{"href":"https:\/\/docdeletepr.com\/es\/wp-json\/wp\/v2\/types\/page"}],"author":[{"embeddable":true,"href":"https:\/\/docdeletepr.com\/es\/wp-json\/wp\/v2\/users\/1"}],"replies":[{"embeddable":true,"href":"https:\/\/docdeletepr.com\/es\/wp-json\/wp\/v2\/comments?post=1189"}],"version-history":[{"count":70,"href":"https:\/\/docdeletepr.com\/es\/wp-json\/wp\/v2\/pages\/1189\/revisions"}],"predecessor-version":[{"id":1381,"href":"https:\/\/docdeletepr.com\/es\/wp-json\/wp\/v2\/pages\/1189\/revisions\/1381"}],"wp:attachment":[{"href":"https:\/\/docdeletepr.com\/es\/wp-json\/wp\/v2\/media?parent=1189"}],"curies":[{"name":"wp","href":"https:\/\/api.w.org\/{rel}","templated":true}]}}