{"id":22,"date":"2023-06-01T01:07:49","date_gmt":"2023-06-01T01:07:49","guid":{"rendered":"https:\/\/demo.cmssuperheroes.com\/themeforest\/wastia\/?page_id=22"},"modified":"2026-04-01T03:27:56","modified_gmt":"2026-04-01T07:27:56","slug":"about-us","status":"publish","type":"page","link":"https:\/\/docdeletepr.com\/es\/about-us\/","title":{"rendered":"Sobre Nosotros"},"content":{"rendered":"<div data-elementor-type=\"wp-page\" data-elementor-id=\"22\" class=\"elementor elementor-22\">\n\t\t\t\t\t\t<section class=\"elementor-section elementor-top-section elementor-element elementor-element-cb729b7 elementor-section-full_width elementor-section-height-default elementor-section-height-default cms-full-content-with-space-none cms-section-banner-no\" data-id=\"cb729b7\" data-element_type=\"section\" data-e-type=\"section\">\r\n\t\t\t<div class=\"cms-section-banner cms-section-banner-no cms-gradient- relative\"><div class=\"cms-gradient-render\"><\/div><\/div>\t\t\t<div class=\"elementor-container elementor-column-gap-no\" >\r\n\t\t\t        <div class=\"elementor-column elementor-col-100 elementor-top-column elementor-element elementor-element-00d7e63\" data-id=\"00d7e63\" data-element_type=\"column\" data-e-type=\"column\">\r\n            <div class=\"elementor-widget-wrap elementor-element-populated\">\r\n                \t\t<div class=\"elementor-element elementor-element-e8f0784 cms-eptitle-overlay-1 elementor-widget elementor-widget-cms_page_title\" data-id=\"e8f0784\" data-element_type=\"widget\" data-e-type=\"widget\" data-widget_type=\"cms_page_title.default\">\n\t\t\t\t<div class=\"elementor-widget-container\">\n\t\t\t\t\t<img width=\"\" height=\"\" data-src=\"https:\/\/docdeletepr.com\/wp-content\/uploads\/2026\/03\/WhatsApp-Image-2026-02-28-at-12.57.26-PM.jpeg\" title=\"WhatsApp Image 2026-02-28 at 12.57.26 PM\" alt=\"WhatsApp Image 2026-02-28 at 12.57.26 PM\" class=\"cms-lazy lazy-loading img-cover cms-overlay\" loading=\"lazy\" \/><div class=\"cms-eptitle-overlay cms-overlay\"><\/div><div class=\"cms-eptitle cms-eptitle-4\">\n\t<div class=\"cms-content relative z-top container\">\n\t\t<div class=\"cms--content\">\n\t\t\t<h1 class=\"cms-title text-75 text-tablet-50 text-mobile-40 font-700 lh-1066 text-white w-100\">Sobre Nosotros<\/h1>\n\t\t<\/div>\n\t<\/div>\n<\/div>\t\t\t\t<\/div>\n\t\t\t\t<\/div>\n\t\t            <\/div>\r\n        <\/div>\r\n        \t\t\t<\/div>\r\n\t\t<\/section>\r\n\t\t\t\t<section class=\"elementor-section elementor-top-section elementor-element elementor-element-09468b1 elementor-section-boxed elementor-section-height-default elementor-section-height-default cms-section-banner-no\" data-id=\"09468b1\" data-element_type=\"section\" data-e-type=\"section\">\r\n\t\t\t<div class=\"cms-section-banner cms-section-banner-no cms-gradient- relative\"><div class=\"cms-gradient-render\"><\/div><\/div>\t\t\t<div class=\"elementor-container elementor-column-gap-default\" >\r\n\t\t\t        <div class=\"elementor-column elementor-col-100 elementor-top-column elementor-element elementor-element-c40c488\" data-id=\"c40c488\" data-element_type=\"column\" data-e-type=\"column\">\r\n            <div class=\"elementor-widget-wrap elementor-element-populated\">\r\n                \t\t<div class=\"elementor-element elementor-element-8a24f28 pt-90 pt-tablet-0 pb-110 pb-tablet-40 elementor-widget elementor-widget-cms_tabs\" data-id=\"8a24f28\" data-element_type=\"widget\" data-e-type=\"widget\" data-widget_type=\"cms_tabs.default\">\n\t\t\t\t<div class=\"elementor-widget-container\">\n\t\t\t\t\t<div class=\"cms-tabs cms-tabs-2 d-flex gutter gutter-grid\">\n\t<div class=\"cms-tab-heading col-6 col-tablet-7 col-mobile-extra-12 pr-70 pr-tablet-extra-20\">\n\t\t<div class=\"cms-smallheading empty-none font-700 text-16 pb-15 mt-n7 text-primary\"><\/div>\n\t\t<h2 class=\"cms-heading empty-none text-heading pb-30\">Nuestra Historia<\/h2>\n\t\t<div class=\"cms-desc text-17 empty-none text-body\">Doc Delete PR se estableci\u00f3 en 2014 con una misi\u00f3n simple pero importante: brindar a las empresas en Puerto Rico una soluci\u00f3n segura y confiable para la destrucci\u00f3n de documentos confidenciales, al tiempo que promueve pr\u00e1cticas ambientalmente responsables.<br \/>\n<br \/>\nNuestra trayectoria comenz\u00f3 con la confianza de una peque\u00f1a farmacia comunitaria que necesitaba una forma segura de desechar documentos confidenciales. Lo que empez\u00f3 como un servicio \u00fanico para un cliente local creci\u00f3 r\u00e1pidamente a medida que m\u00e1s organizaciones reconocieron la importancia de proteger la informaci\u00f3n confidencial y garantizar la correcta eliminaci\u00f3n de documentos.<br \/>\n<br \/>\nCon el paso de los a\u00f1os, Doc Delete PR ha ampliado sus servicios para satisfacer las cambiantes necesidades de nuestros clientes. Hoy en d\u00eda, ofrecemos una amplia gama de soluciones de gesti\u00f3n de la informaci\u00f3n, que incluyen la destrucci\u00f3n segura de documentos, la digitalizaci\u00f3n de documentos, la destrucci\u00f3n de equipos electr\u00f3nicos, el reciclaje de pel\u00edculas radiogr\u00e1ficas y el almacenamiento seguro de documentos.<br \/>\n<br \/>\nComo parte de nuestro compromiso a largo plazo con la sostenibilidad, tambi\u00e9n desarrollamos nuestra propia planta de reciclaje, lo que nos permite procesar papel triturado y prepararlo para su exportaci\u00f3n y reciclaje. Esta iniciativa refuerza nuestra misi\u00f3n de proteger la informaci\u00f3n confidencial y contribuir a la preservaci\u00f3n de los recursos naturales de Puerto Rico.<br \/>\n<br \/>\nDesde sus humildes comienzos hasta servir a empresas y organizaciones en toda la isla, Doc Delete PR contin\u00faa creciendo como un socio confiable en la gesti\u00f3n segura de documentos, brindando servicios que protegen la informaci\u00f3n, respaldan el cumplimiento y promueven la responsabilidad ambiental.<\/div>\n\n\t\t<div class=\"cms-tabs-title\">\n\t\t\t\t\t\t<div class=\"cms-tab-title-item\">\n\t\t\t\t<div class=\"cms-tab-title active d-flex gap-30 no-wrap heading text-23 font-500 text-secondary\" data-target=\"#cms-aa989f7\" data-target-2=\"#cms2-aa989f7\">\n\t\t\t\t\tValores\t\t\t\t<\/div>\n\t\t\t\t<div id=\"cms-aa989f7\" class=\"cms-tabs-content text-15 active\" style=\"display:block;\">Doc Delete se cre\u00f3 con el objetivo de brindar soluciones para el manejo y la destrucci\u00f3n seguros de sus documentos confidenciales. Nos enfocamos en proteger la privacidad de nuestros clientes y garantizamos un proceso r\u00e1pido y seguro. Nuestros precios competitivos y la excelencia en nuestro servicio al cliente son parte de nuestro compromiso con la calidad.<br \/>\n<br \/>\nTeniendo en cuenta las necesidades de nuestros clientes, brindamos servicios de trituraci\u00f3n en el sitio y fuera del sitio, con recogidas programadas y de guardia, a cualquier direcci\u00f3n, y nos encargaremos de una destrucci\u00f3n r\u00e1pida, segura y discreta.\t\t\t\t<\/div>\n\t\t\t<\/div>\n\t\t\t\t\t\t<div class=\"cms-tab-title-item\">\n\t\t\t\t<div class=\"cms-tab-title d-flex gap-30 no-wrap heading text-23 font-500 text-secondary\" data-target=\"#cms-c1ec0cc\" data-target-2=\"#cms2-c1ec0cc\">\n\t\t\t\t\tMisi\u00f3n\t\t\t\t<\/div>\n\t\t\t\t<div id=\"cms-c1ec0cc\" class=\"cms-tabs-content text-15\" style=\"display:none;\">Nuestra misi\u00f3n es ser un actor principal en su seguridad brindando las mejores alternativas y soluciones a sus pol\u00edticas de gesti\u00f3n de documentos confidenciales.\t\t\t\t<\/div>\n\t\t\t<\/div>\n\t\t\t\t\t\t<div class=\"cms-tab-title-item\">\n\t\t\t\t<div class=\"cms-tab-title d-flex gap-30 no-wrap heading text-23 font-500 text-secondary\" data-target=\"#cms-7c3a8eb\" data-target-2=\"#cms2-7c3a8eb\">\n\t\t\t\t\tVisi\u00f3n\t\t\t\t<\/div>\n\t\t\t\t<div id=\"cms-7c3a8eb\" class=\"cms-tabs-content text-15\" style=\"display:none;\">Nuestra visi\u00f3n es ser una empresa respetuosa con el medio ambiente que ofrece la gesti\u00f3n y destrucci\u00f3n segura de sus documentos sensibles y confidenciales mediante procesos de reciclaje como parte de nuestros procedimientos est\u00e1ndar de destrucci\u00f3n y trituraci\u00f3n de papel. Una vez finalizada la destrucci\u00f3n de sus documentos, le garantizamos que su material se reciclar\u00e1 para contribuir a la conservaci\u00f3n del medio ambiente. No hay necesidad de depositarlos en vertederos.\t\t\t\t<\/div>\n\t\t\t<\/div>\n\t\t\t\t\t<\/div>\n\t<\/div>\n\t<div class=\"cms-tabs-content-wrap col-6 col-tablet-5 col-mobile-extra-12\">\n\t\t\t\t\t<div id=\"cms2-aa989f7\" class=\"cms-tabs-content active cms-sticky\" style=\"display:block;\">\n\t\t\t\t<div class=\"cms-tab-content cms-ebanner-2 relative\">\n\t\t\t\t\t<div class=\"cms-overlay banner-bg m-n40 rtl-flip\"><\/div><img loading=\"lazy\" width=\"620\" height=\"676\" data-src=\"https:\/\/docdeletepr.com\/wp-content\/uploads\/elementor\/thumbs\/protect-your-information-studio-shot-womans-hand-holding-pile-shredded-paper-against-grey-background-scaled-rjqtf8kao5lcsnr7vg8v34wth1n2svm9od1clh1z6w.jpg\" title=\"Proteger su informaci\u00f3n. Foto de estudio de womans mano que sostiene un\" alt=\"Studio shot of a womans hand holding a pile of shredded paper against a grey background.\" class=\"cms-lazy lazy-loading cms-radius-4 relative z-top\" \/>\t\t\t\t\t<div class=\"cms-contents bg-white cms-triangle-bt absolute top-left z-top mt-20 ml-20 ml-smobile-0 p-40 p-lr-smobile-20 cms-radius-tbr-4 hover-icon-bounce\">\n\t\t\t\t\t\t\t\t\t\t\t\t<div class=\"cms-banner-title cms-heading empty-none text-heading text-18 mb-n7 lh-1-5\">\u00a1Empresa de destrucci\u00f3n de papel en la que puede confiar!<\/div>\n\t\t\t\t\t<\/div>\n\t\t\t\t<\/div>\n\t\t\t<\/div>\n\t\t\t\t\t<div id=\"cms2-c1ec0cc\" class=\"cms-tabs-content cms-sticky\" style=\"display:none;\">\n\t\t\t\t<div class=\"cms-tab-content cms-ebanner-2 relative\">\n\t\t\t\t\t<div class=\"cms-overlay banner-bg m-n40 rtl-flip\"><\/div><img loading=\"lazy\" width=\"620\" height=\"676\" data-src=\"https:\/\/docdeletepr.com\/wp-content\/uploads\/elementor\/thumbs\/this-is-only-evidence-thats-left-studio-shot-womans-hands-holding-pile-shredded-paper-scaled-rjqto37l0zpk4gwd6rze2ei2uo0ia9r9w66ya9xilk.jpg\" title=\"Esta es la \u00fanica evidencia de eso es la izquierda. Foto de estudio de womans ha\" alt=\"Studio shot of a womans hands holding a pile of shredded paper.\" class=\"cms-lazy lazy-loading cms-radius-4 relative z-top\" \/>\t\t\t\t\t<div class=\"cms-contents bg-white cms-triangle-bt absolute top-left z-top mt-20 ml-20 ml-smobile-0 p-40 p-lr-smobile-20 cms-radius-tbr-4 hover-icon-bounce\">\n\t\t\t\t\t\t\t\t\t\t\t\t<div class=\"cms-banner-title cms-heading empty-none text-heading text-18 mb-n7 lh-1-5\">\u00a1Empresa de destrucci\u00f3n de papel en la que puede confiar!<\/div>\n\t\t\t\t\t<\/div>\n\t\t\t\t<\/div>\n\t\t\t<\/div>\n\t\t\t\t\t<div id=\"cms2-7c3a8eb\" class=\"cms-tabs-content cms-sticky\" style=\"display:none;\">\n\t\t\t\t<div class=\"cms-tab-content cms-ebanner-2 relative\">\n\t\t\t\t\t<div class=\"cms-overlay banner-bg m-n40 rtl-flip\"><\/div><img loading=\"lazy\" width=\"620\" height=\"676\" data-src=\"https:\/\/docdeletepr.com\/wp-content\/uploads\/elementor\/thumbs\/paper-folder-shredded-paper-office-scaled-rjqtsg6mqbofzckcq5u34sw220iszq2g5r51fhgrqg.jpg\" title=\"El papel de la carpeta y el papel triturado en la oficina\" alt=\"Paper folder and shredded paper in office close up\" class=\"cms-lazy lazy-loading cms-radius-4 relative z-top\" \/>\t\t\t\t\t<div class=\"cms-contents bg-white cms-triangle-bt absolute top-left z-top mt-20 ml-20 ml-smobile-0 p-40 p-lr-smobile-20 cms-radius-tbr-4 hover-icon-bounce\">\n\t\t\t\t\t\t\t\t\t\t\t\t<div class=\"cms-banner-title cms-heading empty-none text-heading text-18 mb-n7 lh-1-5\">\u00a1Empresa de destrucci\u00f3n de papel en la que puede confiar!<\/div>\n\t\t\t\t\t<\/div>\n\t\t\t\t<\/div>\n\t\t\t<\/div>\n\t\t\t<\/div>\n<\/div>\n\n\t\t\t\t<\/div>\n\t\t\t\t<\/div>\n\t\t            <\/div>\r\n        <\/div>\r\n        \t\t\t<\/div>\r\n\t\t<\/section>\r\n\t\t\t\t<section class=\"elementor-section elementor-top-section elementor-element elementor-element-d178b4f bg-secondary-lighten pt-110 pt-tablet-40 elementor-section-full_width cms-full-content-with-space-start elementor-section-height-default elementor-section-height-default cms-section-banner-no elementor-invisible\" data-id=\"d178b4f\" data-element_type=\"section\" data-e-type=\"section\" data-settings=\"{&quot;animation&quot;:&quot;fadeIn&quot;}\">\r\n\t\t\t<div class=\"cms-section-banner cms-section-banner-no cms-gradient- relative\"><div class=\"cms-gradient-render\"><\/div><\/div>\t\t\t<div class=\"elementor-container elementor-column-gap-no\" >\r\n\t\t\t        <div class=\"elementor-column elementor-col-100 elementor-top-column elementor-element elementor-element-608cff2d p-lr-20 elementor-invisible\" data-id=\"608cff2d\" data-element_type=\"column\" data-e-type=\"column\" data-settings=\"{&quot;animation&quot;:&quot;fadeInLeft&quot;}\">\r\n            <div class=\"elementor-widget-wrap elementor-element-populated\">\r\n                \t\t<div class=\"elementor-element elementor-element-c7954c6 pr-70 pr-laptop-20 pr-tablet-extra-0 elementor-widget elementor-widget-cms_heading\" data-id=\"c7954c6\" data-element_type=\"widget\" data-e-type=\"widget\" data-widget_type=\"cms_heading.default\">\n\t\t\t\t<div class=\"elementor-widget-container\">\n\t\t\t\t\t<div class=\"cms-eheading cms-eheading-7 text-start\">\n\t<div class=\"cms-smallheading empty-none font-700 text-16 pb-15 mt-n7 text-white\"><\/div>\n\t<h2 class=\"cms-heading empty-none text-white pb-30\">\u00bfQu\u00e9 hace que nuestra empresa de destrucci\u00f3n de papel sea diferente?<\/h2>\n\t<div class=\"cms-desc text-17 empty-none text-white\"><\/div>\n<\/div>\t\t\t\t<\/div>\n\t\t\t\t<\/div>\n\t\t\t\t<section class=\"elementor-section elementor-inner-section elementor-element elementor-element-6be52a59 m-lr-n20 elementor-section-boxed elementor-section-height-default elementor-section-height-default cms-section-banner-no\" data-id=\"6be52a59\" data-element_type=\"section\" data-e-type=\"section\">\r\n\t\t\t<div class=\"cms-section-banner cms-section-banner-no cms-gradient- relative\"><div class=\"cms-gradient-render\"><\/div><\/div>\t\t\t<div class=\"elementor-container elementor-column-gap-default\" >\r\n\t\t\t        <div class=\"elementor-column elementor-col-50 elementor-inner-column elementor-element elementor-element-874c865\" data-id=\"874c865\" data-element_type=\"column\" data-e-type=\"column\">\r\n            <div class=\"elementor-widget-wrap elementor-element-populated\">\r\n                \t\t<div class=\"elementor-element elementor-element-2dc37c3c elementor-widget elementor-widget-cms_fancy_box\" data-id=\"2dc37c3c\" data-element_type=\"widget\" data-e-type=\"widget\" data-widget_type=\"cms_fancy_box.default\">\n\t\t\t\t<div class=\"elementor-widget-container\">\n\t\t\t\t\t<div class=\"cms-fancybox cms-fancybox-1 hover-icon-bounce\">\n\t    <h4 class=\"cms-title cms-heading text-18 text-white\">Buena reputaci\u00f3n<\/h4>\n    <div class=\"cms-desc text-15 pt-15 text-white\"><\/div>\n\t<\/div>\t\t\t\t<\/div>\n\t\t\t\t<\/div>\n\t\t\t\t<div class=\"elementor-element elementor-element-6a5c10ba elementor-widget elementor-widget-cms_fancy_box\" data-id=\"6a5c10ba\" data-element_type=\"widget\" data-e-type=\"widget\" data-widget_type=\"cms_fancy_box.default\">\n\t\t\t\t<div class=\"elementor-widget-container\">\n\t\t\t\t\t<div class=\"cms-fancybox cms-fancybox-1 hover-icon-bounce\">\n\t    <h4 class=\"cms-title cms-heading text-18 text-white\">Flexibilidad<\/h4>\n    <div class=\"cms-desc text-15 pt-15 text-white\"><\/div>\n\t<\/div>\t\t\t\t<\/div>\n\t\t\t\t<\/div>\n\t\t\t\t<div class=\"elementor-element elementor-element-2f378dfc elementor-widget elementor-widget-cms_fancy_box\" data-id=\"2f378dfc\" data-element_type=\"widget\" data-e-type=\"widget\" data-widget_type=\"cms_fancy_box.default\">\n\t\t\t\t<div class=\"elementor-widget-container\">\n\t\t\t\t\t<div class=\"cms-fancybox cms-fancybox-1 hover-icon-bounce\">\n\t    <h4 class=\"cms-title cms-heading text-18 text-white\">Servicio Confiable<\/h4>\n    <div class=\"cms-desc text-15 pt-15 text-white\"><\/div>\n\t<\/div>\t\t\t\t<\/div>\n\t\t\t\t<\/div>\n\t\t\t\t<div class=\"elementor-element elementor-element-56a9bc9 elementor-widget elementor-widget-cms_fancy_box\" data-id=\"56a9bc9\" data-element_type=\"widget\" data-e-type=\"widget\" data-widget_type=\"cms_fancy_box.default\">\n\t\t\t\t<div class=\"elementor-widget-container\">\n\t\t\t\t\t<div class=\"cms-fancybox cms-fancybox-1 hover-icon-bounce\">\n\t    <h4 class=\"cms-title cms-heading text-18 text-white\">Servicio de Llamadas<\/h4>\n    <div class=\"cms-desc text-15 pt-15 text-white\"><\/div>\n\t<\/div>\t\t\t\t<\/div>\n\t\t\t\t<\/div>\n\t\t            <\/div>\r\n        <\/div>\r\n                <div class=\"elementor-column elementor-col-50 elementor-inner-column elementor-element elementor-element-5b14c248\" data-id=\"5b14c248\" data-element_type=\"column\" data-e-type=\"column\">\r\n            <div class=\"elementor-widget-wrap elementor-element-populated\">\r\n                \t\t<div class=\"elementor-element elementor-element-4942665 elementor-widget elementor-widget-cms_fancy_box\" data-id=\"4942665\" data-element_type=\"widget\" data-e-type=\"widget\" data-widget_type=\"cms_fancy_box.default\">\n\t\t\t\t<div class=\"elementor-widget-container\">\n\t\t\t\t\t<div class=\"cms-fancybox cms-fancybox-1 hover-icon-bounce\">\n\t    <h4 class=\"cms-title cms-heading text-18 text-white\">Conocimiento De La Industria<\/h4>\n    <div class=\"cms-desc text-15 pt-15 text-white\"><\/div>\n\t<\/div>\t\t\t\t<\/div>\n\t\t\t\t<\/div>\n\t\t\t\t<div class=\"elementor-element elementor-element-4b64e86c elementor-widget elementor-widget-cms_fancy_box\" data-id=\"4b64e86c\" data-element_type=\"widget\" data-e-type=\"widget\" data-widget_type=\"cms_fancy_box.default\">\n\t\t\t\t<div class=\"elementor-widget-container\">\n\t\t\t\t\t<div class=\"cms-fancybox cms-fancybox-1 hover-icon-bounce\">\n\t    <h4 class=\"cms-title cms-heading text-18 text-white\">Seguro<\/h4>\n    <div class=\"cms-desc text-15 pt-15 text-white\"><\/div>\n\t<\/div>\t\t\t\t<\/div>\n\t\t\t\t<\/div>\n\t\t\t\t<div class=\"elementor-element elementor-element-ddf8144 elementor-widget elementor-widget-cms_fancy_box\" data-id=\"ddf8144\" data-element_type=\"widget\" data-e-type=\"widget\" data-widget_type=\"cms_fancy_box.default\">\n\t\t\t\t<div class=\"elementor-widget-container\">\n\t\t\t\t\t<div class=\"cms-fancybox cms-fancybox-1 hover-icon-bounce\">\n\t    <h4 class=\"cms-title cms-heading text-18 text-white\">Precios<\/h4>\n    <div class=\"cms-desc text-15 pt-15 text-white\"><\/div>\n\t<\/div>\t\t\t\t<\/div>\n\t\t\t\t<\/div>\n\t\t            <\/div>\r\n        <\/div>\r\n        \t\t\t<\/div>\r\n\t\t<\/section>\r\n\t\t\t\t<div class=\"elementor-element elementor-element-5e38e42a pr-70 pr-laptop-20 pr-tablet-extra-0 elementor-widget elementor-widget-cms_heading\" data-id=\"5e38e42a\" data-element_type=\"widget\" data-e-type=\"widget\" data-widget_type=\"cms_heading.default\">\n\t\t\t\t<div class=\"elementor-widget-container\">\n\t\t\t\t\t<div class=\"cms-eheading cms-eheading-7 text-start\">\n\t<div class=\"cms-smallheading empty-none font-700 text-16 pb-15 mt-n7 text-white\"><\/div>\n\t<h2 class=\"cms-heading empty-none text-white pb-30\"><\/h2>\n\t<div class=\"cms-desc text-17 empty-none text-white\">Si tiene alguna pregunta o duda sobre asociarse con una empresa de destrucci\u00f3n de papel profesional como Doc Delete, es una decisi\u00f3n que debe considerar; ll\u00e1menos, env\u00edenos un correo electr\u00f3nico o complete nuestro formulario de contacto, nuestro equipo est\u00e1 listo para ayudarlo.<\/div>\n<\/div>\t\t\t\t<\/div>\n\t\t\t\t<\/div>\n\t\t            <\/div>\r\n        <\/div>\r\n        \t\t\t<\/div>\r\n\t\t<\/section>\r\n\t\t\t\t<\/div>","protected":false},"excerpt":{"rendered":"<p>About Us Our History Doc Delete PR was established in 2014 with a simple but important mission: to provide businesses in Puerto Rico with a secure and reliable solution for the destruction of confidential documents, while promoting environmentally responsible practices. Our journey began with the trust of a small community pharmacy that needed a secure [&hellip;]<\/p>\n","protected":false},"author":1,"featured_media":0,"parent":0,"menu_order":4,"comment_status":"closed","ping_status":"closed","template":"","meta":{"footnotes":""},"class_list":["post-22","page","type-page","status-publish","hentry"],"yoast_head":"<!-- This site is optimized with the Yoast SEO Premium plugin v25.8 (Yoast SEO v27.4) - https:\/\/yoast.com\/product\/yoast-seo-premium-wordpress\/ -->\n<title>Sobre Nosotros | Destrucci\u00f3n de papel en Puerto Rico confiable | Doc Delete PR<\/title>\n<meta name=\"description\" content=\"Desde 2014, Doc Delete PR brinda destrucci\u00f3n de papel en Puerto Rico con shredding seguro, soluciones confiables y compromiso ambiental para empresas.\" \/>\n<meta name=\"robots\" content=\"index, follow, max-snippet:-1, max-image-preview:large, max-video-preview:-1\" \/>\n<link rel=\"canonical\" href=\"https:\/\/docdeletepr.com\/es\/about-us\/\" \/>\n<meta property=\"og:locale\" content=\"es_ES\" \/>\n<meta property=\"og:type\" content=\"article\" \/>\n<meta property=\"og:title\" content=\"About Us\" \/>\n<meta property=\"og:description\" content=\"Locally owned business providing secure shredding and recycling services. With over 10 years in the industry, we serve clients across all Puerto Rico, protecting sensitive information with reliable and compliant solutions.\" \/>\n<meta property=\"og:url\" content=\"https:\/\/docdeletepr.com\/es\/about-us\/\" \/>\n<meta property=\"og:site_name\" content=\"Doc Delete PR\" \/>\n<meta property=\"article:publisher\" content=\"https:\/\/www.facebook.com\/DocDeleteCorp\" \/>\n<meta property=\"article:modified_time\" content=\"2026-04-01T07:27:56+00:00\" \/>\n<meta property=\"og:image\" content=\"https:\/\/docdeletepr.com\/wp-content\/uploads\/2026\/03\/WhatsApp-Image-2026-02-28-at-12.57.26-PM.jpeg\" \/>\n<meta name=\"twitter:card\" content=\"summary_large_image\" \/>\n<meta name=\"twitter:label1\" content=\"Tiempo de lectura\" \/>\n\t<meta name=\"twitter:data1\" content=\"3 minutos\" \/>\n<!-- \/ Yoast SEO Premium plugin. -->","yoast_head_json":{"title":"Sobre Nosotros | Destrucci\u00f3n de papel en Puerto Rico confiable | Doc Delete PR","description":"Desde 2014, Doc Delete PR brinda destrucci\u00f3n de papel en Puerto Rico con shredding seguro, soluciones confiables y compromiso ambiental para empresas.","robots":{"index":"index","follow":"follow","max-snippet":"max-snippet:-1","max-image-preview":"max-image-preview:large","max-video-preview":"max-video-preview:-1"},"canonical":"https:\/\/docdeletepr.com\/es\/about-us\/","og_locale":"es_ES","og_type":"article","og_title":"About Us","og_description":"Locally owned business providing secure shredding and recycling services. With over 10 years in the industry, we serve clients across all Puerto Rico, protecting sensitive information with reliable and compliant solutions.","og_url":"https:\/\/docdeletepr.com\/es\/about-us\/","og_site_name":"Doc Delete PR","article_publisher":"https:\/\/www.facebook.com\/DocDeleteCorp","article_modified_time":"2026-04-01T07:27:56+00:00","og_image":[{"url":"https:\/\/docdeletepr.com\/wp-content\/uploads\/2026\/03\/WhatsApp-Image-2026-02-28-at-12.57.26-PM.jpeg","type":"","width":"","height":""}],"twitter_card":"summary_large_image","twitter_misc":{"Tiempo de lectura":"3 minutos"},"schema":{"@context":"https:\/\/schema.org","@graph":[{"@type":"WebPage","@id":"https:\/\/docdeletepr.com\/about-us\/","url":"https:\/\/docdeletepr.com\/about-us\/","name":"Sobre Nosotros | Destrucci\u00f3n de papel en Puerto Rico confiable | Doc Delete PR","isPartOf":{"@id":"https:\/\/docdeletepr.com\/#website"},"primaryImageOfPage":{"@id":"https:\/\/docdeletepr.com\/about-us\/#primaryimage"},"image":{"@id":"https:\/\/docdeletepr.com\/about-us\/#primaryimage"},"thumbnailUrl":"https:\/\/docdeletepr.com\/wp-content\/uploads\/2026\/03\/WhatsApp-Image-2026-02-28-at-12.57.26-PM.jpeg","datePublished":"2023-06-01T01:07:49+00:00","dateModified":"2026-04-01T07:27:56+00:00","description":"Desde 2014, Doc Delete PR brinda destrucci\u00f3n de papel en Puerto Rico con shredding seguro, soluciones confiables y compromiso ambiental para empresas.","breadcrumb":{"@id":"https:\/\/docdeletepr.com\/about-us\/#breadcrumb"},"inLanguage":"es","potentialAction":[{"@type":"ReadAction","target":["https:\/\/docdeletepr.com\/about-us\/"]}]},{"@type":"ImageObject","inLanguage":"es","@id":"https:\/\/docdeletepr.com\/about-us\/#primaryimage","url":"https:\/\/docdeletepr.com\/wp-content\/uploads\/2026\/03\/WhatsApp-Image-2026-02-28-at-12.57.26-PM.jpeg","contentUrl":"https:\/\/docdeletepr.com\/wp-content\/uploads\/2026\/03\/WhatsApp-Image-2026-02-28-at-12.57.26-PM.jpeg"},{"@type":"BreadcrumbList","@id":"https:\/\/docdeletepr.com\/about-us\/#breadcrumb","itemListElement":[{"@type":"ListItem","position":1,"name":"Home","item":"https:\/\/docdeletepr.com\/"},{"@type":"ListItem","position":2,"name":"About Us"}]},{"@type":"WebSite","@id":"https:\/\/docdeletepr.com\/#website","url":"https:\/\/docdeletepr.com\/","name":"Doc Delete PR","description":"Shredding &amp; Recycling Company in Puerto Rico","publisher":{"@id":"https:\/\/docdeletepr.com\/#organization"},"potentialAction":[{"@type":"SearchAction","target":{"@type":"EntryPoint","urlTemplate":"https:\/\/docdeletepr.com\/?s={search_term_string}"},"query-input":{"@type":"PropertyValueSpecification","valueRequired":true,"valueName":"search_term_string"}}],"inLanguage":"es"},{"@type":"Organization","@id":"https:\/\/docdeletepr.com\/#organization","name":"Doc Delete PR","url":"https:\/\/docdeletepr.com\/","logo":{"@type":"ImageObject","inLanguage":"es","@id":"https:\/\/docdeletepr.com\/#\/schema\/logo\/image\/","url":"https:\/\/docdeletepr.com\/wp-content\/uploads\/2026\/02\/cropped-docdelete-logo-1.png","contentUrl":"https:\/\/docdeletepr.com\/wp-content\/uploads\/2026\/02\/cropped-docdelete-logo-1.png","width":1535,"height":1535,"caption":"Doc Delete PR"},"image":{"@id":"https:\/\/docdeletepr.com\/#\/schema\/logo\/image\/"},"sameAs":["https:\/\/www.facebook.com\/DocDeleteCorp","https:\/\/www.instagram.com\/docdeletepr\/","https:\/\/www.linkedin.com\/company\/docdelete\/","https:\/\/www.youtube.com\/channel\/UCo05WoahBYJgsLehcKwtF3A"],"description":"Doc Delete PR es una empresa local que ofrece servicios seguros de destrucci\u00f3n y reciclaje. Con m\u00e1s de 10 a\u00f1os de experiencia en la industria, atendemos a clientes en todo Puerto Rico, protegiendo informaci\u00f3n confidencial con soluciones confiables y que cumplen con las normas.","email":"info@docdeletepr.com","telephone":"787-900-5511"}]}},"_links":{"self":[{"href":"https:\/\/docdeletepr.com\/es\/wp-json\/wp\/v2\/pages\/22","targetHints":{"allow":["GET"]}}],"collection":[{"href":"https:\/\/docdeletepr.com\/es\/wp-json\/wp\/v2\/pages"}],"about":[{"href":"https:\/\/docdeletepr.com\/es\/wp-json\/wp\/v2\/types\/page"}],"author":[{"embeddable":true,"href":"https:\/\/docdeletepr.com\/es\/wp-json\/wp\/v2\/users\/1"}],"replies":[{"embeddable":true,"href":"https:\/\/docdeletepr.com\/es\/wp-json\/wp\/v2\/comments?post=22"}],"version-history":[{"count":35,"href":"https:\/\/docdeletepr.com\/es\/wp-json\/wp\/v2\/pages\/22\/revisions"}],"predecessor-version":[{"id":1419,"href":"https:\/\/docdeletepr.com\/es\/wp-json\/wp\/v2\/pages\/22\/revisions\/1419"}],"wp:attachment":[{"href":"https:\/\/docdeletepr.com\/es\/wp-json\/wp\/v2\/media?parent=22"}],"curies":[{"name":"wp","href":"https:\/\/api.w.org\/{rel}","templated":true}]}}