{"id":23,"date":"2023-06-01T01:08:15","date_gmt":"2023-06-01T01:08:15","guid":{"rendered":"https:\/\/demo.cmssuperheroes.com\/themeforest\/wastia\/?page_id=23"},"modified":"2026-03-01T09:15:07","modified_gmt":"2026-03-01T13:15:07","slug":"why-doc-delete","status":"publish","type":"page","link":"https:\/\/docdeletepr.com\/es\/about-us\/why-doc-delete\/","title":{"rendered":"\u00bfPor Qu\u00e9 Doc Delete?"},"content":{"rendered":"<div data-elementor-type=\"wp-page\" data-elementor-id=\"23\" class=\"elementor elementor-23\">\n\t\t\t\t\t\t<section class=\"elementor-section elementor-top-section elementor-element elementor-element-6184560 elementor-section-full_width elementor-section-height-default elementor-section-height-default cms-full-content-with-space-none cms-section-banner-no\" data-id=\"6184560\" data-element_type=\"section\" data-e-type=\"section\">\r\n\t\t\t<div class=\"cms-section-banner cms-section-banner-no cms-gradient- relative\"><div class=\"cms-gradient-render\"><\/div><\/div>\t\t\t<div class=\"elementor-container elementor-column-gap-no\" >\r\n\t\t\t        <div class=\"elementor-column elementor-col-100 elementor-top-column elementor-element elementor-element-4d8e1ae\" data-id=\"4d8e1ae\" data-element_type=\"column\" data-e-type=\"column\">\r\n            <div class=\"elementor-widget-wrap elementor-element-populated\">\r\n                \t\t<div class=\"elementor-element elementor-element-3f4f907 cms-eptitle-overlay-1 elementor-widget elementor-widget-cms_page_title\" data-id=\"3f4f907\" data-element_type=\"widget\" data-e-type=\"widget\" data-widget_type=\"cms_page_title.default\">\n\t\t\t\t<div class=\"elementor-widget-container\">\n\t\t\t\t\t<img width=\"\" height=\"\" data-src=\"https:\/\/docdeletepr.com\/wp-content\/uploads\/2026\/03\/WhatsApp-Image-2026-02-28-at-1.03.44-PM1.jpeg\" title=\"WhatsApp Image 2026-02-28 at 1.03.44 PM(1)\" alt=\"WhatsApp Image 2026-02-28 at 1.03.44 PM(1)\" class=\"cms-lazy lazy-loading img-cover cms-overlay\" loading=\"lazy\" \/><div class=\"cms-eptitle-overlay cms-overlay\"><\/div><div class=\"cms-eptitle cms-eptitle-4\">\n\t<div class=\"cms-content relative z-top container\">\n\t\t<div class=\"cms--content\">\n\t\t\t<h1 class=\"cms-title text-75 text-tablet-50 text-mobile-40 font-700 lh-1066 text-white w-100\">\u00bfPor Qu\u00e9 Doc Delete?<\/h1>\n\t\t<\/div>\n\t<\/div>\n<\/div>\t\t\t\t<\/div>\n\t\t\t\t<\/div>\n\t\t            <\/div>\r\n        <\/div>\r\n        \t\t\t<\/div>\r\n\t\t<\/section>\r\n\t\t\t\t<section class=\"elementor-section elementor-top-section elementor-element elementor-element-44b073bd pt-60 pb-100 p-tb-tablet-40 elementor-section-boxed elementor-section-height-default elementor-section-height-default cms-section-banner-no\" data-id=\"44b073bd\" data-element_type=\"section\" data-e-type=\"section\">\r\n\t\t\t<div class=\"cms-section-banner cms-section-banner-no cms-gradient- relative\"><div class=\"cms-gradient-render\"><\/div><\/div>\t\t\t<div class=\"elementor-container elementor-column-gap-default\" >\r\n\t\t\t        <div class=\"elementor-column elementor-col-100 elementor-top-column elementor-element elementor-element-56bec174\" data-id=\"56bec174\" data-element_type=\"column\" data-e-type=\"column\">\r\n            <div class=\"elementor-widget-wrap elementor-element-populated\">\r\n                \t\t<div class=\"elementor-element elementor-element-0a7a546 pt-25 elementor-invisible elementor-widget elementor-widget-cms_heading\" data-id=\"0a7a546\" data-element_type=\"widget\" data-e-type=\"widget\" data-settings=\"{&quot;_animation&quot;:&quot;fadeInUp&quot;}\" data-widget_type=\"cms_heading.default\">\n\t\t\t\t<div class=\"elementor-widget-container\">\n\t\t\t\t\t<div class=\"cms-eheading cms-eheading-3 text-start\">\n\t<h2 class=\"cms-heading text-24 font-700 text- empty-none\">5 Razones por las Que Debe Elegir Doc Eliminar para Sus Servicios de Trituraci\u00f3n de Papel<\/h2>\n\t<div class=\"cms-desc pt-15 empty-none text-\">Para prevenir filtraciones de datos y evitar costosos errores debido a la eliminaci\u00f3n inadecuada de documentos confidenciales, externalizar sus servicios de destrucci\u00f3n de papel es una opci\u00f3n ideal para usted y su empresa. Nos hemos basado en valores s\u00f3lidos y en la convicci\u00f3n de que nuestros clientes siempre son nuestra prioridad. A continuaci\u00f3n, le explicamos por qu\u00e9 creemos que Doc Delete es la soluci\u00f3n para todas sus necesidades de destrucci\u00f3n de papel y documentos.<br \/>\n<br \/>\nLa legislaci\u00f3n de Puerto Rico y del resto de Estados Unidos proh\u00edbe desechar informaci\u00f3n privada y confidencial sin destruirla completamente primero. Los registros laborales, los documentos financieros y los historiales m\u00e9dicos son solo algunos de los documentos personales y confidenciales que debe destruir de forma segura. Al destruir este material de forma responsable, cumplir\u00e1 con la ley y evitar\u00e1 el riesgo de sanciones legales y la exposici\u00f3n innecesaria de informaci\u00f3n privada.<br \/>\n<br \/>\nEl espionaje corporativo y el robo de identidad cuestan miles de millones de d\u00f3lares al a\u00f1o. Mantenga la informaci\u00f3n de su empresa, finanzas, empleados y clientes segura y fuera del alcance de terceros. Contacte con Doc Delete en cualquier momento para una consulta gratuita; le ayudaremos a satisfacer sus necesidades de destrucci\u00f3n de documentos.<\/div>\n<\/div>\t\t\t\t<\/div>\n\t\t\t\t<\/div>\n\t\t\t\t<div class=\"elementor-element elementor-element-0250588 cms-eslider-overlay-1 elementor-widget elementor-widget-cms_slider\" data-id=\"0250588\" data-element_type=\"widget\" data-e-type=\"widget\" data-settings=\"{&quot;slides_to_show&quot;:&quot;1&quot;,&quot;slides_to_show_tablet&quot;:&quot;1&quot;,&quot;slides_to_show_mobile&quot;:&quot;1&quot;,&quot;arrows&quot;:&quot;yes&quot;,&quot;dots&quot;:&quot;yes&quot;,&quot;autoplay&quot;:&quot;yes&quot;,&quot;pause_on_hover&quot;:&quot;yes&quot;,&quot;pause_on_interaction&quot;:&quot;yes&quot;,&quot;autoplay_speed&quot;:5000,&quot;effect&quot;:&quot;slide&quot;,&quot;speed&quot;:500,&quot;subtitle_animation&quot;:&quot;fadeInLeft&quot;,&quot;subtitle_animation_delay&quot;:500,&quot;title_animation&quot;:&quot;fadeInLeft&quot;,&quot;title_animation_delay&quot;:600,&quot;description_animation&quot;:&quot;fadeInLeft&quot;,&quot;description_animation_delay&quot;:700,&quot;button_primary_animation&quot;:&quot;fadeInLeft&quot;,&quot;button_primary_animation_delay&quot;:800,&quot;button_secondary_animation&quot;:&quot;fadeInLeft&quot;,&quot;button_secondary_animation_delay&quot;:900,&quot;button_video_animation&quot;:&quot;fadeInLeft&quot;,&quot;button_video_animation_delay&quot;:1000}\" data-widget_type=\"cms_slider.default\">\n\t\t\t\t<div class=\"elementor-widget-container\">\n\t\t\t\t\t<div class=\"cms-carousel swiper\">\n    <div class=\"swiper-wrapper\">\n                    <div class=\"cms-slider-item swiper-slide relative\">\n                <img loading=\"lazy\" width=\"840\" height=\"562\" data-src=\"https:\/\/docdeletepr.com\/wp-content\/uploads\/2026\/03\/WhatsApp-Image-2026-02-28-at-1.03.09-PM.jpeg\" title=\"WhatsApp Image 2026-02-28 at 1.03.09 PM\" alt=\"WhatsApp Image 2026-02-28 at 1.03.09 PM\" class=\"cms-lazy lazy-loading\" \/>                <div class=\"cms-slider-content cms-overlay d-flex align-items-center\">\n                    <div class=\"container\">\n                        <div class=\"cms-slider--content\">\n                            <div class=\"cms-slider-subtitle empty-none\" data-cms-animation=\"subtitle_animation\" data-cms-animation-delay=\"subtitle_animation_delay\">01<\/div>\n                            <div class=\"cms-slider-title heading text-white font-700 empty-none\" data-cms-animation=\"title_animation\" data-cms-animation-delay=\"title_animation_delay\">\nCapacitado y Calificado<\/div>\n                            <div class=\"cms-slider-desc empty-none\" data-cms-animation=\"description_animation\" data-cms-animation-delay=\"description_animation_delay\">Para su protecci\u00f3n, verificamos los antecedentes y evaluamos a todo el personal, garantizando as\u00ed la excelencia en nuestro equipo. En Doc Delete, estamos bien informados y recibimos capacitaci\u00f3n continua sobre la legislaci\u00f3n en materia de destrucci\u00f3n segura de documentos y papel, as\u00ed como sobre cualquier cambio que pueda ocurrir.<\/div>\n                            <div class=\"cms-slider-buttons d-flex gap empty-none\" style=\"--cms-gap:30px;--cms-gap-tablet:30px;--cms-gap-mobile:30px;\">                            <\/div>\n                        <\/div>\n                    <\/div>\n                <\/div>\n            <\/div>\n                        <div class=\"cms-slider-item swiper-slide relative\">\n                <img loading=\"lazy\" width=\"840\" height=\"562\" data-src=\"https:\/\/docdeletepr.com\/wp-content\/uploads\/2026\/02\/stack-garbage-street-scaled.jpg\" title=\"la pila de basura de la calle\" alt=\"la pila de basura de la calle\" class=\"cms-lazy lazy-loading\" \/>                <div class=\"cms-slider-content cms-overlay d-flex align-items-center\">\n                    <div class=\"container\">\n                        <div class=\"cms-slider--content\">\n                            <div class=\"cms-slider-subtitle empty-none\" data-cms-animation=\"subtitle_animation\" data-cms-animation-delay=\"subtitle_animation_delay\">02<\/div>\n                            <div class=\"cms-slider-title heading text-white font-700 empty-none\" data-cms-animation=\"title_animation\" data-cms-animation-delay=\"title_animation_delay\">Precios competitivos<\/div>\n                            <div class=\"cms-slider-desc empty-none\" data-cms-animation=\"description_animation\" data-cms-animation-delay=\"description_animation_delay\">Trabajaremos con usted para determinar el mejor m\u00e9todo de destrucci\u00f3n de documentos que se ajuste a su presupuesto. Nunca le recomendaremos un programa de destrucci\u00f3n de documentos que no se ajuste a sus necesidades de eliminaci\u00f3n de documentos. Adem\u00e1s, le proporcionaremos contenedores de recolecci\u00f3n seguros y con cerradura sin costo adicional.<\/div>\n                            <div class=\"cms-slider-buttons d-flex gap empty-none\" style=\"--cms-gap:30px;--cms-gap-tablet:30px;--cms-gap-mobile:30px;\">                            <\/div>\n                        <\/div>\n                    <\/div>\n                <\/div>\n            <\/div>\n                        <div class=\"cms-slider-item swiper-slide relative\">\n                <img loading=\"lazy\" width=\"840\" height=\"562\" data-src=\"https:\/\/docdeletepr.com\/wp-content\/uploads\/2026\/03\/WhatsApp-Image-2026-02-28-at-1.03.44-PM2.jpeg\" title=\"WhatsApp Image 2026-02-28 at 1.03.44 PM(2)\" alt=\"WhatsApp Image 2026-02-28 at 1.03.44 PM(2)\" class=\"cms-lazy lazy-loading\" \/>                <div class=\"cms-slider-content cms-overlay d-flex align-items-center\">\n                    <div class=\"container\">\n                        <div class=\"cms-slider--content\">\n                            <div class=\"cms-slider-subtitle empty-none\" data-cms-animation=\"subtitle_animation\" data-cms-animation-delay=\"subtitle_animation_delay\">03<\/div>\n                            <div class=\"cms-slider-title heading text-white font-700 empty-none\" data-cms-animation=\"title_animation\" data-cms-animation-delay=\"title_animation_delay\">Servicios Flexibles<\/div>\n                            <div class=\"cms-slider-desc empty-none\" data-cms-animation=\"description_animation\" data-cms-animation-delay=\"description_animation_delay\">Nuestro documento de papel y trituraci\u00f3n de soluciones y servicios son flexibles y eficientes. Podemos triturar en minutos lo que normalmente se tarda horas para hacer con una trituradora de oficina. Seleccione a partir de la trituraci\u00f3n, fuera del sitio de trituraci\u00f3n, purga de trituraci\u00f3n, programada o de trituraci\u00f3n. Independientemente de su preferencia de servicio, cada una de nuestras opciones se sigue un m\u00e9todo muy seguro y supervisado los procesos. Recuerde, hemos de atender a sus necesidades!<\/div>\n                            <div class=\"cms-slider-buttons d-flex gap empty-none\" style=\"--cms-gap:30px;--cms-gap-tablet:30px;--cms-gap-mobile:30px;\">                            <\/div>\n                        <\/div>\n                    <\/div>\n                <\/div>\n            <\/div>\n                        <div class=\"cms-slider-item swiper-slide relative\">\n                <img loading=\"lazy\" width=\"840\" height=\"562\" data-src=\"https:\/\/docdeletepr.com\/wp-content\/uploads\/2026\/02\/new-newspapers-scaled.jpg\" title=\"nueva prensa\" alt=\"many new newspapers close up\" class=\"cms-lazy lazy-loading\" \/>                <div class=\"cms-slider-content cms-overlay d-flex align-items-center\">\n                    <div class=\"container\">\n                        <div class=\"cms-slider--content\">\n                            <div class=\"cms-slider-subtitle empty-none\" data-cms-animation=\"subtitle_animation\" data-cms-animation-delay=\"subtitle_animation_delay\">04<\/div>\n                            <div class=\"cms-slider-title heading text-white font-700 empty-none\" data-cms-animation=\"title_animation\" data-cms-animation-delay=\"title_animation_delay\">Excelente Servicio Al Cliente<\/div>\n                            <div class=\"cms-slider-desc empty-none\" data-cms-animation=\"description_animation\" data-cms-animation-delay=\"description_animation_delay\">Ofrecemos un servicio que est\u00e1 a tiempo, todo el tiempo. Nuestro NAID consultores capacitados personalmente evaluar y recomendar el mejor documento de servicios de trituraci\u00f3n para sus documentos sensibles. Todos destrucci\u00f3n servicios siguen una estricta cadena de custodia a lo largo de cada paso del proceso de trituraci\u00f3n y est\u00e1n respaldados por un Certificado de Destrucci\u00f3n.<\/div>\n                            <div class=\"cms-slider-buttons d-flex gap empty-none\" style=\"--cms-gap:30px;--cms-gap-tablet:30px;--cms-gap-mobile:30px;\">                            <\/div>\n                        <\/div>\n                    <\/div>\n                <\/div>\n            <\/div>\n                        <div class=\"cms-slider-item swiper-slide relative\">\n                <img loading=\"lazy\" width=\"840\" height=\"562\" data-src=\"https:\/\/docdeletepr.com\/wp-content\/uploads\/2026\/03\/WhatsApp-Image-2026-02-28-at-1.03.44-PM4.jpeg\" title=\"WhatsApp Image 2026-02-28 at 1.03.44 PM(4)\" alt=\"WhatsApp Image 2026-02-28 at 1.03.44 PM(4)\" class=\"cms-lazy lazy-loading\" \/>                <div class=\"cms-slider-content cms-overlay d-flex align-items-center\">\n                    <div class=\"container\">\n                        <div class=\"cms-slider--content\">\n                            <div class=\"cms-slider-subtitle empty-none\" data-cms-animation=\"subtitle_animation\" data-cms-animation-delay=\"subtitle_animation_delay\">05<\/div>\n                            <div class=\"cms-slider-title heading text-white font-700 empty-none\" data-cms-animation=\"title_animation\" data-cms-animation-delay=\"title_animation_delay\">Conscientes Del Medio Ambiente<\/div>\n                            <div class=\"cms-slider-desc empty-none\" data-cms-animation=\"description_animation\" data-cms-animation-delay=\"description_animation_delay\">Doc Delete tiene la clara misi\u00f3n de proveer servicios seguros y confidenciales de destrucci\u00f3n de documentos y trituraci\u00f3n de papel en Puerto Rico, pero al mismo tiempo queremos contribuir y ayudar a nuestro medio ambiente, garantizando que el proceso de trituraci\u00f3n que utilizamos involucrar\u00e1 procesos de reciclaje y nunca involucrar\u00e1 disposici\u00f3n en vertederos.<\/div>\n                            <div class=\"cms-slider-buttons d-flex gap empty-none\" style=\"--cms-gap:30px;--cms-gap-tablet:30px;--cms-gap-mobile:30px;\">                            <\/div>\n                        <\/div>\n                    <\/div>\n                <\/div>\n            <\/div>\n                <\/div>\n            <div class=\"cms-slider-button-arrow cms-carousel-button-prev\">\n            <i class=\"cmsi-arrow-prev rtl-flip\"><\/i>\n        <\/div>\n        <div class=\"cms-slider-button-arrow cms-carousel-button-next\">\n            <i class=\"cmsi-arrow-next rtl-flip\"><\/i>\n        <\/div>\n                <div class=\"cms-carousel-dots cms-carousel-dots-in justify-content-center white\"><\/div>\n    <\/div>\t\t\t\t<\/div>\n\t\t\t\t<\/div>\n\t\t            <\/div>\r\n        <\/div>\r\n        \t\t\t<\/div>\r\n\t\t<\/section>\r\n\t\t\t\t<\/div>","protected":false},"excerpt":{"rendered":"<p>Why Doc Delete 5 Reasons You Should Choose Doc Delete for Your Paper Shredding Services When it comes to the prevention of data breaches and avoid costly mistakes due to inappropriate disposal of confidential documents, the solution of outsourcing your paper shredding services is an option for you and your business. We have structured our [&hellip;]<\/p>\n","protected":false},"author":1,"featured_media":0,"parent":22,"menu_order":5,"comment_status":"closed","ping_status":"closed","template":"","meta":{"footnotes":""},"class_list":["post-23","page","type-page","status-publish","hentry"],"yoast_head":"<!-- This site is optimized with the Yoast SEO Premium plugin v25.8 (Yoast SEO v27.4) - https:\/\/yoast.com\/product\/yoast-seo-premium-wordpress\/ -->\n<title>Why Doc Delete - Doc Delete PR<\/title>\n<meta name=\"robots\" content=\"index, follow, max-snippet:-1, max-image-preview:large, max-video-preview:-1\" \/>\n<link rel=\"canonical\" href=\"https:\/\/docdeletepr.com\/es\/about-us\/why-doc-delete\/\" \/>\n<meta property=\"og:locale\" content=\"es_ES\" \/>\n<meta property=\"og:type\" content=\"article\" \/>\n<meta property=\"og:title\" content=\"Why Doc Delete\" \/>\n<meta property=\"og:description\" content=\"Locally owned business providing secure shredding and recycling services. With over 10 years in the industry, we serve clients across all Puerto Rico, protecting sensitive information with reliable and compliant solutions.\" \/>\n<meta property=\"og:url\" content=\"https:\/\/docdeletepr.com\/es\/about-us\/why-doc-delete\/\" \/>\n<meta property=\"og:site_name\" content=\"Doc Delete PR\" \/>\n<meta property=\"article:publisher\" content=\"https:\/\/www.facebook.com\/DocDeleteCorp\" \/>\n<meta property=\"article:modified_time\" content=\"2026-03-01T13:15:07+00:00\" \/>\n<meta property=\"og:image\" content=\"https:\/\/docdeletepr.com\/wp-content\/uploads\/2026\/03\/WhatsApp-Image-2026-02-28-at-1.03.44-PM1.jpeg\" \/>\n<meta name=\"twitter:card\" content=\"summary_large_image\" \/>\n<meta name=\"twitter:label1\" content=\"Tiempo de lectura\" \/>\n\t<meta name=\"twitter:data1\" content=\"4 minutos\" \/>\n<!-- \/ Yoast SEO Premium plugin. -->","yoast_head_json":{"title":"Why Doc Delete - Doc Delete PR","robots":{"index":"index","follow":"follow","max-snippet":"max-snippet:-1","max-image-preview":"max-image-preview:large","max-video-preview":"max-video-preview:-1"},"canonical":"https:\/\/docdeletepr.com\/es\/about-us\/why-doc-delete\/","og_locale":"es_ES","og_type":"article","og_title":"Why Doc Delete","og_description":"Locally owned business providing secure shredding and recycling services. With over 10 years in the industry, we serve clients across all Puerto Rico, protecting sensitive information with reliable and compliant solutions.","og_url":"https:\/\/docdeletepr.com\/es\/about-us\/why-doc-delete\/","og_site_name":"Doc Delete PR","article_publisher":"https:\/\/www.facebook.com\/DocDeleteCorp","article_modified_time":"2026-03-01T13:15:07+00:00","og_image":[{"url":"https:\/\/docdeletepr.com\/wp-content\/uploads\/2026\/03\/WhatsApp-Image-2026-02-28-at-1.03.44-PM1.jpeg","type":"","width":"","height":""}],"twitter_card":"summary_large_image","twitter_misc":{"Tiempo de lectura":"4 minutos"},"schema":{"@context":"https:\/\/schema.org","@graph":[{"@type":"WebPage","@id":"https:\/\/docdeletepr.com\/es\/about-us\/why-doc-delete\/","url":"https:\/\/docdeletepr.com\/es\/about-us\/why-doc-delete\/","name":"Why Doc Delete - Doc Delete PR","isPartOf":{"@id":"https:\/\/docdeletepr.com\/#website"},"primaryImageOfPage":{"@id":"https:\/\/docdeletepr.com\/es\/about-us\/why-doc-delete\/#primaryimage"},"image":{"@id":"https:\/\/docdeletepr.com\/es\/about-us\/why-doc-delete\/#primaryimage"},"thumbnailUrl":"https:\/\/docdeletepr.com\/wp-content\/uploads\/2026\/03\/WhatsApp-Image-2026-02-28-at-1.03.44-PM1.jpeg","datePublished":"2023-06-01T01:08:15+00:00","dateModified":"2026-03-01T13:15:07+00:00","breadcrumb":{"@id":"https:\/\/docdeletepr.com\/es\/about-us\/why-doc-delete\/#breadcrumb"},"inLanguage":"es","potentialAction":[{"@type":"ReadAction","target":["https:\/\/docdeletepr.com\/es\/about-us\/why-doc-delete\/"]}]},{"@type":"ImageObject","inLanguage":"es","@id":"https:\/\/docdeletepr.com\/es\/about-us\/why-doc-delete\/#primaryimage","url":"https:\/\/docdeletepr.com\/wp-content\/uploads\/2026\/03\/WhatsApp-Image-2026-02-28-at-1.03.44-PM1.jpeg","contentUrl":"https:\/\/docdeletepr.com\/wp-content\/uploads\/2026\/03\/WhatsApp-Image-2026-02-28-at-1.03.44-PM1.jpeg"},{"@type":"BreadcrumbList","@id":"https:\/\/docdeletepr.com\/es\/about-us\/why-doc-delete\/#breadcrumb","itemListElement":[{"@type":"ListItem","position":1,"name":"Home","item":"https:\/\/docdeletepr.com\/"},{"@type":"ListItem","position":2,"name":"About Us","item":"https:\/\/docdeletepr.com\/about-us\/"},{"@type":"ListItem","position":3,"name":"Why Doc Delete"}]},{"@type":"WebSite","@id":"https:\/\/docdeletepr.com\/#website","url":"https:\/\/docdeletepr.com\/","name":"Doc Delete PR","description":"Shredding &amp; Recycling Company in Puerto Rico","publisher":{"@id":"https:\/\/docdeletepr.com\/#organization"},"potentialAction":[{"@type":"SearchAction","target":{"@type":"EntryPoint","urlTemplate":"https:\/\/docdeletepr.com\/?s={search_term_string}"},"query-input":{"@type":"PropertyValueSpecification","valueRequired":true,"valueName":"search_term_string"}}],"inLanguage":"es"},{"@type":"Organization","@id":"https:\/\/docdeletepr.com\/#organization","name":"Doc Delete PR","url":"https:\/\/docdeletepr.com\/","logo":{"@type":"ImageObject","inLanguage":"es","@id":"https:\/\/docdeletepr.com\/#\/schema\/logo\/image\/","url":"https:\/\/docdeletepr.com\/wp-content\/uploads\/2026\/02\/cropped-docdelete-logo-1.png","contentUrl":"https:\/\/docdeletepr.com\/wp-content\/uploads\/2026\/02\/cropped-docdelete-logo-1.png","width":1535,"height":1535,"caption":"Doc Delete PR"},"image":{"@id":"https:\/\/docdeletepr.com\/#\/schema\/logo\/image\/"},"sameAs":["https:\/\/www.facebook.com\/DocDeleteCorp","https:\/\/www.instagram.com\/docdeletepr\/","https:\/\/www.linkedin.com\/company\/docdelete\/","https:\/\/www.youtube.com\/channel\/UCo05WoahBYJgsLehcKwtF3A"],"description":"Doc Delete PR es una empresa local que ofrece servicios seguros de destrucci\u00f3n y reciclaje. Con m\u00e1s de 10 a\u00f1os de experiencia en la industria, atendemos a clientes en todo Puerto Rico, protegiendo informaci\u00f3n confidencial con soluciones confiables y que cumplen con las normas.","email":"info@docdeletepr.com","telephone":"787-900-5511"}]}},"_links":{"self":[{"href":"https:\/\/docdeletepr.com\/es\/wp-json\/wp\/v2\/pages\/23","targetHints":{"allow":["GET"]}}],"collection":[{"href":"https:\/\/docdeletepr.com\/es\/wp-json\/wp\/v2\/pages"}],"about":[{"href":"https:\/\/docdeletepr.com\/es\/wp-json\/wp\/v2\/types\/page"}],"author":[{"embeddable":true,"href":"https:\/\/docdeletepr.com\/es\/wp-json\/wp\/v2\/users\/1"}],"replies":[{"embeddable":true,"href":"https:\/\/docdeletepr.com\/es\/wp-json\/wp\/v2\/comments?post=23"}],"version-history":[{"count":28,"href":"https:\/\/docdeletepr.com\/es\/wp-json\/wp\/v2\/pages\/23\/revisions"}],"predecessor-version":[{"id":1367,"href":"https:\/\/docdeletepr.com\/es\/wp-json\/wp\/v2\/pages\/23\/revisions\/1367"}],"up":[{"embeddable":true,"href":"https:\/\/docdeletepr.com\/es\/wp-json\/wp\/v2\/pages\/22"}],"wp:attachment":[{"href":"https:\/\/docdeletepr.com\/es\/wp-json\/wp\/v2\/media?parent=23"}],"curies":[{"name":"wp","href":"https:\/\/api.w.org\/{rel}","templated":true}]}}