{"id":24,"date":"2023-06-01T01:08:37","date_gmt":"2023-06-01T01:08:37","guid":{"rendered":"https:\/\/demo.cmssuperheroes.com\/themeforest\/wastia\/?page_id=24"},"modified":"2026-02-26T19:49:58","modified_gmt":"2026-02-26T23:49:58","slug":"resources","status":"publish","type":"page","link":"https:\/\/docdeletepr.com\/es\/about-us\/resources\/","title":{"rendered":"Recursos"},"content":{"rendered":"<div data-elementor-type=\"wp-page\" data-elementor-id=\"24\" class=\"elementor elementor-24\">\n\t\t\t\t\t\t<section class=\"elementor-section elementor-top-section elementor-element elementor-element-640daf0 elementor-section-full_width elementor-section-height-default elementor-section-height-default cms-full-content-with-space-none cms-section-banner-no\" data-id=\"640daf0\" data-element_type=\"section\" data-e-type=\"section\">\r\n\t\t\t<div class=\"cms-section-banner cms-section-banner-no cms-gradient- relative\"><div class=\"cms-gradient-render\"><\/div><\/div>\t\t\t<div class=\"elementor-container elementor-column-gap-no\" >\r\n\t\t\t        <div class=\"elementor-column elementor-col-100 elementor-top-column elementor-element elementor-element-c6519d0\" data-id=\"c6519d0\" data-element_type=\"column\" data-e-type=\"column\">\r\n            <div class=\"elementor-widget-wrap elementor-element-populated\">\r\n                \t\t<div class=\"elementor-element elementor-element-2843bba cms-eptitle-overlay-1 elementor-widget elementor-widget-cms_page_title\" data-id=\"2843bba\" data-element_type=\"widget\" data-e-type=\"widget\" data-widget_type=\"cms_page_title.default\">\n\t\t\t\t<div class=\"elementor-widget-container\">\n\t\t\t\t\t<img width=\"\" height=\"\" data-src=\"https:\/\/docdeletepr.com\/wp-content\/uploads\/2026\/02\/stack-office-papers-table-scaled.jpg\" title=\"Una pila de papeles de la oficina sobre una mesa.\" alt=\"A stack of office papers on a table. Close up view. Selective focus.\" class=\"cms-lazy lazy-loading img-cover cms-overlay\" loading=\"lazy\" \/><div class=\"cms-eptitle-overlay cms-overlay\"><\/div><div class=\"cms-eptitle cms-eptitle-4\">\n\t<div class=\"cms-content relative z-top container\">\n\t\t<div class=\"cms--content\">\n\t\t\t<h1 class=\"cms-title text-75 text-tablet-50 text-mobile-40 font-700 lh-1066 text-white w-100\">Recursos<\/h1>\n\t\t<\/div>\n\t<\/div>\n<\/div>\t\t\t\t<\/div>\n\t\t\t\t<\/div>\n\t\t            <\/div>\r\n        <\/div>\r\n        \t\t\t<\/div>\r\n\t\t<\/section>\r\n\t\t\t\t<section class=\"elementor-section elementor-top-section elementor-element elementor-element-1aeedf8 pt-110 pb-80 p-tb-tablet-40 elementor-section-boxed elementor-section-height-default elementor-section-height-default cms-section-banner-no\" data-id=\"1aeedf8\" data-element_type=\"section\" data-e-type=\"section\">\r\n\t\t\t<div class=\"cms-section-banner cms-section-banner-no cms-gradient- relative\"><div class=\"cms-gradient-render\"><\/div><\/div>\t\t\t<div class=\"elementor-container elementor-column-gap-default\" >\r\n\t\t\t        <div class=\"elementor-column elementor-col-100 elementor-top-column elementor-element elementor-element-98dd42e\" data-id=\"98dd42e\" data-element_type=\"column\" data-e-type=\"column\">\r\n            <div class=\"elementor-widget-wrap elementor-element-populated\">\r\n                \t\t<div class=\"elementor-element elementor-element-b985207 elementor-widget__width-initial pb-45 elementor-invisible elementor-widget elementor-widget-cms_heading\" data-id=\"b985207\" data-element_type=\"widget\" data-e-type=\"widget\" data-settings=\"{&quot;_animation&quot;:&quot;fadeInUp&quot;}\" data-widget_type=\"cms_heading.default\">\n\t\t\t\t<div class=\"elementor-widget-container\">\n\t\t\t\t\t<div class=\"cms-eheading cms-eheading-1 text-center\">\n\t<div class=\"cms-smallheading empty-none font-700 text-16 text-primary pb-10 mt-n7\"><\/div>\n\t<h2 class=\"cms-heading empty-none text-\">\u00bfPor qu\u00e9 deber\u00edas destruir tus documentos?<\/h2>\n<\/div>\t\t\t\t<\/div>\n\t\t\t\t<\/div>\n\t\t\t\t<div class=\"elementor-element elementor-element-91889d7 pt-25 elementor-invisible elementor-widget elementor-widget-cms_heading\" data-id=\"91889d7\" data-element_type=\"widget\" data-e-type=\"widget\" data-settings=\"{&quot;_animation&quot;:&quot;fadeInUp&quot;}\" data-widget_type=\"cms_heading.default\">\n\t\t\t\t<div class=\"elementor-widget-container\">\n\t\t\t\t\t<div class=\"cms-eheading cms-eheading-3 text-start\">\n\t<h2 class=\"cms-heading text-24 font-700 text- empty-none\">Recursos para la destrucci\u00f3n de documentos<\/h2>\n\t<div class=\"cms-desc pt-15 empty-none text-\">El robo de identidad sigue en aumento en Puerto Rico, por lo que es fundamental que conozca la legislaci\u00f3n importante sobre la protecci\u00f3n de su privacidad y por qu\u00e9 deber\u00eda destruir documentos importantes. Recuerde que, como propietario de un negocio, es su obligaci\u00f3n mantener la seguridad de la informaci\u00f3n de sus clientes y empleados, y es fundamental contar con una pol\u00edtica de destrucci\u00f3n de documentos y papel.<br \/>\n<br \/>\nLa legislaci\u00f3n de Puerto Rico y del resto de Estados Unidos proh\u00edbe desechar informaci\u00f3n privada y confidencial sin destruirla completamente primero. Los registros laborales, los documentos financieros y los historiales m\u00e9dicos son solo algunos de los documentos personales y confidenciales que debe destruir de forma segura. Al destruir este material de forma responsable, cumplir\u00e1 con la ley y evitar\u00e1 el riesgo de sanciones legales y la exposici\u00f3n innecesaria de informaci\u00f3n privada.<br \/>\n<br \/>\nEl espionaje corporativo y el robo de identidad cuestan miles de millones de d\u00f3lares al a\u00f1o. Mantenga la informaci\u00f3n de su empresa, finanzas, empleados y clientes segura y fuera del alcance de terceros. Contacte con Doc Delete en cualquier momento para una consulta gratuita; le ayudaremos a satisfacer sus necesidades de destrucci\u00f3n de documentos.<\/div>\n<\/div>\t\t\t\t<\/div>\n\t\t\t\t<\/div>\n\t\t\t\t<div class=\"elementor-element elementor-element-0b1c27a pt-25 elementor-invisible elementor-widget elementor-widget-cms_heading\" data-id=\"0b1c27a\" data-element_type=\"widget\" data-e-type=\"widget\" data-settings=\"{&quot;_animation&quot;:&quot;fadeInUp&quot;}\" data-widget_type=\"cms_heading.default\">\n\t\t\t\t<div class=\"elementor-widget-container\">\n\t\t\t\t\t<div class=\"cms-eheading cms-eheading-3 text-start\">\n\t<h2 class=\"cms-heading text-24 font-700 text- empty-none\">Le sugerimos visitar la siguiente clave de la industria de enlaces:<\/h2>\n\t<div class=\"cms-desc pt-15 empty-none text-\"><a href=\"http:\/\/www.ftc.gov\/privacy\/privacyinitiatives\/glbact.html\">GLB (Ley Gramm-Leach-Bliley)<\/a><br \/>\n<br \/>\n<a href=\"http:\/\/www.hhs.gov\/ocr\/hipaa\/\">HIPAA (Ley de Portabilidad y Responsabilidad del Seguro M\u00e9dico)<\/a><br \/>\n<br \/>\n<a href=\"http:\/\/www.ftc.gov\/opa\/2004\/06\/factaidt.htm\">FACTA (Ley de Transacciones de Cr\u00e9dito Justas y Precisas)<\/a><\/div>\n<\/div>\t\t\t\t<\/div>\n\t\t\t\t<\/div>\n\t\t\t\t<div class=\"elementor-element elementor-element-1489d5d pt-25 elementor-invisible elementor-widget elementor-widget-cms_heading\" data-id=\"1489d5d\" data-element_type=\"widget\" data-e-type=\"widget\" data-settings=\"{&quot;_animation&quot;:&quot;fadeInUp&quot;}\" data-widget_type=\"cms_heading.default\">\n\t\t\t\t<div class=\"elementor-widget-container\">\n\t\t\t\t\t<div class=\"cms-eheading cms-eheading-3 text-start\">\n\t<h2 class=\"cms-heading text-24 font-700 text- empty-none\"><\/h2>\n\t<div class=\"cms-desc pt-15 empty-none text-\">Mantenerlo informado sobre las nuevas regulaciones y leyes es nuestra prioridad, y nos esforzaremos y seguiremos brind\u00e1ndole consejos, recursos de trituraci\u00f3n y cualquier otra noticia que deba conocer. Estas actualizaciones se publicar\u00e1n en nuestro blog.<br \/>\n<br \/>\nSi tiene alguna pregunta o consulta, nuestro equipo est\u00e1 listo para ayudarle con todas sus necesidades de destrucci\u00f3n de documentos. Si no est\u00e1 seguro de qu\u00e9 servicio de destrucci\u00f3n es el m\u00e1s adecuado para usted, evaluaremos su situaci\u00f3n actual y le ofreceremos las recomendaciones pertinentes.<\/div>\n<\/div>\t\t\t\t<\/div>\n\t\t\t\t<\/div>\n\t\t            <\/div>\r\n        <\/div>\r\n        \t\t\t<\/div>\r\n\t\t<\/section>\r\n\t\t\t\t<\/div>","protected":false},"excerpt":{"rendered":"<p>Resources Why Should You Shred Your Documents? Document Shredding Resources Identity theft is still on the rise here in Puerto Rico, therefore it\u2019s critical that you are aware of important legislation in regards to the protection of your privacy and why you should shred critical documents. Remember that as a business owner, it is your [&hellip;]<\/p>\n","protected":false},"author":1,"featured_media":0,"parent":22,"menu_order":6,"comment_status":"closed","ping_status":"closed","template":"","meta":{"footnotes":""},"class_list":["post-24","page","type-page","status-publish","hentry"],"yoast_head":"<!-- This site is optimized with the Yoast SEO Premium plugin v25.8 (Yoast SEO v27.4) - https:\/\/yoast.com\/product\/yoast-seo-premium-wordpress\/ -->\n<title>Resources - Doc Delete PR<\/title>\n<meta name=\"robots\" content=\"index, follow, max-snippet:-1, max-image-preview:large, max-video-preview:-1\" \/>\n<link rel=\"canonical\" href=\"https:\/\/docdeletepr.com\/es\/about-us\/resources\/\" \/>\n<meta property=\"og:locale\" content=\"es_ES\" \/>\n<meta property=\"og:type\" content=\"article\" \/>\n<meta property=\"og:title\" content=\"Resources\" \/>\n<meta property=\"og:description\" content=\"Locally owned business providing secure shredding and recycling services. With over 10 years in the industry, we serve clients across all Puerto Rico, protecting sensitive information with reliable and compliant solutions.\" \/>\n<meta property=\"og:url\" content=\"https:\/\/docdeletepr.com\/es\/about-us\/resources\/\" \/>\n<meta property=\"og:site_name\" content=\"Doc Delete PR\" \/>\n<meta property=\"article:publisher\" content=\"https:\/\/www.facebook.com\/DocDeleteCorp\" \/>\n<meta property=\"article:modified_time\" content=\"2026-02-26T23:49:58+00:00\" \/>\n<meta property=\"og:image\" content=\"https:\/\/docdeletepr.com\/wp-content\/uploads\/2026\/02\/stack-office-papers-table-scaled.jpg\" \/>\n<meta name=\"twitter:card\" content=\"summary_large_image\" \/>\n<meta name=\"twitter:label1\" content=\"Tiempo de lectura\" \/>\n\t<meta name=\"twitter:data1\" content=\"2 minutos\" \/>\n<!-- \/ Yoast SEO Premium plugin. -->","yoast_head_json":{"title":"Resources - Doc Delete PR","robots":{"index":"index","follow":"follow","max-snippet":"max-snippet:-1","max-image-preview":"max-image-preview:large","max-video-preview":"max-video-preview:-1"},"canonical":"https:\/\/docdeletepr.com\/es\/about-us\/resources\/","og_locale":"es_ES","og_type":"article","og_title":"Resources","og_description":"Locally owned business providing secure shredding and recycling services. With over 10 years in the industry, we serve clients across all Puerto Rico, protecting sensitive information with reliable and compliant solutions.","og_url":"https:\/\/docdeletepr.com\/es\/about-us\/resources\/","og_site_name":"Doc Delete PR","article_publisher":"https:\/\/www.facebook.com\/DocDeleteCorp","article_modified_time":"2026-02-26T23:49:58+00:00","og_image":[{"url":"https:\/\/docdeletepr.com\/wp-content\/uploads\/2026\/02\/stack-office-papers-table-scaled.jpg","type":"","width":"","height":""}],"twitter_card":"summary_large_image","twitter_misc":{"Tiempo de lectura":"2 minutos"},"schema":{"@context":"https:\/\/schema.org","@graph":[{"@type":"WebPage","@id":"https:\/\/docdeletepr.com\/about-us\/resources\/","url":"https:\/\/docdeletepr.com\/about-us\/resources\/","name":"Resources - Doc Delete PR","isPartOf":{"@id":"https:\/\/docdeletepr.com\/#website"},"primaryImageOfPage":{"@id":"https:\/\/docdeletepr.com\/about-us\/resources\/#primaryimage"},"image":{"@id":"https:\/\/docdeletepr.com\/about-us\/resources\/#primaryimage"},"thumbnailUrl":"https:\/\/docdeletepr.com\/wp-content\/uploads\/2026\/02\/stack-office-papers-table-scaled.jpg","datePublished":"2023-06-01T01:08:37+00:00","dateModified":"2026-02-26T23:49:58+00:00","breadcrumb":{"@id":"https:\/\/docdeletepr.com\/about-us\/resources\/#breadcrumb"},"inLanguage":"es","potentialAction":[{"@type":"ReadAction","target":["https:\/\/docdeletepr.com\/about-us\/resources\/"]}]},{"@type":"ImageObject","inLanguage":"es","@id":"https:\/\/docdeletepr.com\/about-us\/resources\/#primaryimage","url":"https:\/\/docdeletepr.com\/wp-content\/uploads\/2026\/02\/stack-office-papers-table-scaled.jpg","contentUrl":"https:\/\/docdeletepr.com\/wp-content\/uploads\/2026\/02\/stack-office-papers-table-scaled.jpg"},{"@type":"BreadcrumbList","@id":"https:\/\/docdeletepr.com\/about-us\/resources\/#breadcrumb","itemListElement":[{"@type":"ListItem","position":1,"name":"Home","item":"https:\/\/docdeletepr.com\/"},{"@type":"ListItem","position":2,"name":"About Us","item":"https:\/\/docdeletepr.com\/about-us\/"},{"@type":"ListItem","position":3,"name":"Resources"}]},{"@type":"WebSite","@id":"https:\/\/docdeletepr.com\/#website","url":"https:\/\/docdeletepr.com\/","name":"Doc Delete PR","description":"Shredding &amp; Recycling Company in Puerto Rico","publisher":{"@id":"https:\/\/docdeletepr.com\/#organization"},"potentialAction":[{"@type":"SearchAction","target":{"@type":"EntryPoint","urlTemplate":"https:\/\/docdeletepr.com\/?s={search_term_string}"},"query-input":{"@type":"PropertyValueSpecification","valueRequired":true,"valueName":"search_term_string"}}],"inLanguage":"es"},{"@type":"Organization","@id":"https:\/\/docdeletepr.com\/#organization","name":"Doc Delete PR","url":"https:\/\/docdeletepr.com\/","logo":{"@type":"ImageObject","inLanguage":"es","@id":"https:\/\/docdeletepr.com\/#\/schema\/logo\/image\/","url":"https:\/\/docdeletepr.com\/wp-content\/uploads\/2026\/02\/cropped-docdelete-logo-1.png","contentUrl":"https:\/\/docdeletepr.com\/wp-content\/uploads\/2026\/02\/cropped-docdelete-logo-1.png","width":1535,"height":1535,"caption":"Doc Delete PR"},"image":{"@id":"https:\/\/docdeletepr.com\/#\/schema\/logo\/image\/"},"sameAs":["https:\/\/www.facebook.com\/DocDeleteCorp","https:\/\/www.instagram.com\/docdeletepr\/","https:\/\/www.linkedin.com\/company\/docdelete\/","https:\/\/www.youtube.com\/channel\/UCo05WoahBYJgsLehcKwtF3A"],"description":"Doc Delete PR es una empresa local que ofrece servicios seguros de destrucci\u00f3n y reciclaje. Con m\u00e1s de 10 a\u00f1os de experiencia en la industria, atendemos a clientes en todo Puerto Rico, protegiendo informaci\u00f3n confidencial con soluciones confiables y que cumplen con las normas.","email":"info@docdeletepr.com","telephone":"787-900-5511"}]}},"_links":{"self":[{"href":"https:\/\/docdeletepr.com\/es\/wp-json\/wp\/v2\/pages\/24","targetHints":{"allow":["GET"]}}],"collection":[{"href":"https:\/\/docdeletepr.com\/es\/wp-json\/wp\/v2\/pages"}],"about":[{"href":"https:\/\/docdeletepr.com\/es\/wp-json\/wp\/v2\/types\/page"}],"author":[{"embeddable":true,"href":"https:\/\/docdeletepr.com\/es\/wp-json\/wp\/v2\/users\/1"}],"replies":[{"embeddable":true,"href":"https:\/\/docdeletepr.com\/es\/wp-json\/wp\/v2\/comments?post=24"}],"version-history":[{"count":10,"href":"https:\/\/docdeletepr.com\/es\/wp-json\/wp\/v2\/pages\/24\/revisions"}],"predecessor-version":[{"id":920,"href":"https:\/\/docdeletepr.com\/es\/wp-json\/wp\/v2\/pages\/24\/revisions\/920"}],"up":[{"embeddable":true,"href":"https:\/\/docdeletepr.com\/es\/wp-json\/wp\/v2\/pages\/22"}],"wp:attachment":[{"href":"https:\/\/docdeletepr.com\/es\/wp-json\/wp\/v2\/media?parent=24"}],"curies":[{"name":"wp","href":"https:\/\/api.w.org\/{rel}","templated":true}]}}