{"id":272,"date":"2023-06-13T07:09:10","date_gmt":"2023-06-13T07:09:10","guid":{"rendered":"https:\/\/demo.cmssuperheroes.com\/themeforest\/wastia\/?page_id=272"},"modified":"2026-02-26T19:57:57","modified_gmt":"2026-02-26T23:57:57","slug":"faqs","status":"publish","type":"page","link":"https:\/\/docdeletepr.com\/es\/about-us\/faqs\/","title":{"rendered":"Preguntas Frecuentes"},"content":{"rendered":"<div data-elementor-type=\"wp-page\" data-elementor-id=\"272\" class=\"elementor elementor-272\">\n\t\t\t\t\t\t<section class=\"elementor-section elementor-top-section elementor-element elementor-element-b996bb7 elementor-section-full_width elementor-section-height-default elementor-section-height-default cms-full-content-with-space-none cms-section-banner-no\" data-id=\"b996bb7\" data-element_type=\"section\" data-e-type=\"section\">\r\n\t\t\t<div class=\"cms-section-banner cms-section-banner-no cms-gradient- relative\"><div class=\"cms-gradient-render\"><\/div><\/div>\t\t\t<div class=\"elementor-container elementor-column-gap-no\" >\r\n\t\t\t        <div class=\"elementor-column elementor-col-100 elementor-top-column elementor-element elementor-element-bfbfb50\" data-id=\"bfbfb50\" data-element_type=\"column\" data-e-type=\"column\">\r\n            <div class=\"elementor-widget-wrap elementor-element-populated\">\r\n                \t\t<div class=\"elementor-element elementor-element-2e13e56 cms-eptitle-overlay-1 elementor-widget elementor-widget-cms_page_title\" data-id=\"2e13e56\" data-element_type=\"widget\" data-e-type=\"widget\" data-widget_type=\"cms_page_title.default\">\n\t\t\t\t<div class=\"elementor-widget-container\">\n\t\t\t\t\t<img width=\"\" height=\"\" data-src=\"https:\/\/docdeletepr.com\/wp-content\/uploads\/2026\/02\/large-pile-white-papers-with-question-marks-them-scaled.jpg\" title=\"gran pila-white-papers-con-pregunta-marcas-de ellos\" alt=\"gran pila-white-papers-con-pregunta-marcas-de ellos\" class=\"cms-lazy lazy-loading img-cover cms-overlay\" loading=\"lazy\" \/><div class=\"cms-eptitle-overlay cms-overlay\"><\/div><div class=\"cms-eptitle cms-eptitle-4\">\n\t<div class=\"cms-content relative z-top container\">\n\t\t<div class=\"cms--content\">\n\t\t\t<h1 class=\"cms-title text-75 text-tablet-50 text-mobile-40 font-700 lh-1066 text-white w-100\">Preguntas Frecuentes<\/h1>\n\t\t<\/div>\n\t<\/div>\n<\/div>\t\t\t\t<\/div>\n\t\t\t\t<\/div>\n\t\t            <\/div>\r\n        <\/div>\r\n        \t\t\t<\/div>\r\n\t\t<\/section>\r\n\t\t\t\t<section class=\"elementor-section elementor-top-section elementor-element elementor-element-fb03b7e pt-80 pt-tablet-40 elementor-section-boxed elementor-section-height-default elementor-section-height-default cms-section-banner-no\" data-id=\"fb03b7e\" data-element_type=\"section\" data-e-type=\"section\">\r\n\t\t\t<div class=\"cms-section-banner cms-section-banner-no cms-gradient- relative\"><div class=\"cms-gradient-render\"><\/div><\/div>\t\t\t<div class=\"elementor-container elementor-column-gap-default\" >\r\n\t\t\t        <div class=\"elementor-column elementor-col-100 elementor-top-column elementor-element elementor-element-9d30592\" data-id=\"9d30592\" data-element_type=\"column\" data-e-type=\"column\">\r\n            <div class=\"elementor-widget-wrap elementor-element-populated\">\r\n                \t\t<div class=\"elementor-element elementor-element-7947ed1 elementor-widget elementor-widget-cms_heading\" data-id=\"7947ed1\" data-element_type=\"widget\" data-e-type=\"widget\" data-widget_type=\"cms_heading.default\">\n\t\t\t\t<div class=\"elementor-widget-container\">\n\t\t\t\t\t<div class=\"cms-eheading cms-eheading-1 text-center\">\n\t<div class=\"cms-smallheading empty-none font-700 text-16 text-primary pb-10 mt-n7\">Preguntas Frecuentes<\/div>\n\t<h2 class=\"cms-heading empty-none text-\">\u00bfQu\u00e9 Est\u00e1s Buscando?<\/h2>\n<\/div>\t\t\t\t<\/div>\n\t\t\t\t<\/div>\n\t\t            <\/div>\r\n        <\/div>\r\n        \t\t\t<\/div>\r\n\t\t<\/section>\r\n\t\t\t\t<section class=\"elementor-section elementor-top-section elementor-element elementor-element-93570f5 pb-90 pb-tablet-40 elementor-section-boxed elementor-section-height-default elementor-section-height-default cms-section-banner-no\" data-id=\"93570f5\" data-element_type=\"section\" data-e-type=\"section\">\r\n\t\t\t<div class=\"cms-section-banner cms-section-banner-no cms-gradient- relative\"><div class=\"cms-gradient-render\"><\/div><\/div>\t\t\t<div class=\"elementor-container elementor-column-gap-default\" >\r\n\t\t\t        <div class=\"elementor-column elementor-col-50 elementor-top-column elementor-element elementor-element-964286a\" data-id=\"964286a\" data-element_type=\"column\" data-e-type=\"column\">\r\n            <div class=\"elementor-widget-wrap elementor-element-populated\">\r\n                \t\t<div class=\"elementor-element elementor-element-65c94fa elementor-widget elementor-widget-cms_accordion\" data-id=\"65c94fa\" data-element_type=\"widget\" data-e-type=\"widget\" data-widget_type=\"cms_accordion.default\">\n\t\t\t\t<div class=\"elementor-widget-container\">\n\t\t\t\t\t<div class=\"cms-accordion cms-accordion-1\">\n\t\t\t<div class=\"cms-accordion-item active\">\n\t\t    <div class=\"cms-accordion-title active\" data-target=\"#d81f743cms_accordion-65c94fa\">\n\t\t    \t<span class=\"cms-accordion-title-text flex-basic text- text-hover-\">\u00bfSe emite un Certificado de Destrucci\u00f3n?<\/span>\n\t\t    <\/div>\n\t\t    <div id=\"d81f743cms_accordion-65c94fa\" class=\"cms-accordion-content text-\" style=\"display:block;\">\n\t\t\t\tS\u00ed. Despu\u00e9s de cada trabajo de destrucci\u00f3n, se proporciona un Certificado de Destrucci\u00f3n, que certifica la fecha y el tipo de destrucci\u00f3n de documentos realizada.\t\t\t<\/div>\n\t\t<\/div>\n\t\t\t<div class=\"cms-accordion-item\">\n\t\t    <div class=\"cms-accordion-title\" data-target=\"#269f093cms_accordion-65c94fa\">\n\t\t    \t<span class=\"cms-accordion-title-text flex-basic text- text-hover-\">\u00bfPor qu\u00e9 su empresa ofrece destrucci\u00f3n de documentos tanto in situ como externamente?<\/span>\n\t\t    <\/div>\n\t\t    <div id=\"269f093cms_accordion-65c94fa\" class=\"cms-accordion-content text-\" style=\"display:none;\">\n\t\t\t\tCada una de estas soluciones tiene un prop\u00f3sito \u00fanico. Sin embargo, ambas opciones comparten el mismo nivel de experiencia y seguridad. La destrucci\u00f3n in situ es ideal para clientes que desean supervisar el proceso de destrucci\u00f3n o tienen un volumen significativo de informaci\u00f3n que destruir. La destrucci\u00f3n externa puede ser la opci\u00f3n preferida por algunos clientes que tienen poco que destruir o simplemente prefieren la idea de servicios de destrucci\u00f3n con entrega a domicilio. En ambos casos, puede tener la seguridad de que su informaci\u00f3n se considerar\u00e1 obsoleta para siempre.\t\t\t<\/div>\n\t\t<\/div>\n\t\t\t<div class=\"cms-accordion-item\">\n\t\t    <div class=\"cms-accordion-title\" data-target=\"#f86a49fcms_accordion-65c94fa\">\n\t\t    \t<span class=\"cms-accordion-title-text flex-basic text- text-hover-\">\u00bfPor qu\u00e9 no puedo triturar documentos internamente? \u00bfCu\u00e1les son los riesgos?<\/span>\n\t\t    <\/div>\n\t\t    <div id=\"f86a49fcms_accordion-65c94fa\" class=\"cms-accordion-content text-\" style=\"display:none;\">\n\t\t\t\t\u2022 \u00bfQui\u00e9n en su empresa ser\u00e1 responsable de la trituraci\u00f3n?<br \/>\n\u2022 \u00bfQui\u00e9n garantizar\u00e1 que se cumplan los procesos de cumplimiento internamente?<br \/>\n\u2022 \u00bfCu\u00e1les son las tarifas por equipamiento y mantenimiento?<br \/>\n\u2022 \u00bfCu\u00e1l es el costo por empleado de la trituraci\u00f3n?<br \/>\n\u2022 \u00bfC\u00f3mo puede garantizar que los empleados no accedan a ciertos registros confidenciales dentro de su organizaci\u00f3n?\t\t\t<\/div>\n\t\t<\/div>\n\t<\/div>\n\t\t\t\t<\/div>\n\t\t\t\t<\/div>\n\t\t            <\/div>\r\n        <\/div>\r\n                <div class=\"elementor-column elementor-col-50 elementor-top-column elementor-element elementor-element-43930ee\" data-id=\"43930ee\" data-element_type=\"column\" data-e-type=\"column\">\r\n            <div class=\"elementor-widget-wrap elementor-element-populated\">\r\n                \t\t<div class=\"elementor-element elementor-element-46a8514 elementor-widget elementor-widget-cms_accordion\" data-id=\"46a8514\" data-element_type=\"widget\" data-e-type=\"widget\" data-widget_type=\"cms_accordion.default\">\n\t\t\t\t<div class=\"elementor-widget-container\">\n\t\t\t\t\t<div class=\"cms-accordion cms-accordion-1\">\n\t\t\t<div class=\"cms-accordion-item active\">\n\t\t    <div class=\"cms-accordion-title active\" data-target=\"#9cc324acms_accordion-46a8514\">\n\t\t    \t<span class=\"cms-accordion-title-text flex-basic text- text-hover-\">\u00bfC\u00f3mo s\u00e9 si mis registros confidenciales est\u00e1n seguros con Doc Delete?<\/span>\n\t\t    <\/div>\n\t\t    <div id=\"9cc324acms_accordion-46a8514\" class=\"cms-accordion-content text-\" style=\"display:block;\">\n\t\t\t\tPuede confiar en la seguridad de su informaci\u00f3n con nuestro personal capacitado y con antecedentes comprobados. Nuestros empleados son profesionales cualificados y con fianza, cuya \u00fanica prioridad es proteger la seguridad de sus documentos confidenciales, almacenamiento de datos electr\u00f3nicos y discos duros mediante una destrucci\u00f3n adecuada.\t\t\t<\/div>\n\t\t<\/div>\n\t\t\t<div class=\"cms-accordion-item\">\n\t\t    <div class=\"cms-accordion-title\" data-target=\"#3bedc5ccms_accordion-46a8514\">\n\t\t    \t<span class=\"cms-accordion-title-text flex-basic text- text-hover-\">\u00bfQu\u00e9 pasa con mis documentos despu\u00e9s de haberlos destruido?<\/span>\n\t\t    <\/div>\n\t\t    <div id=\"3bedc5ccms_accordion-46a8514\" class=\"cms-accordion-content text-\" style=\"display:none;\">\n\t\t\t\tLa trituraci\u00f3n es un m\u00e9todo ambientalmente responsable para la eliminaci\u00f3n de documentos. Todas las part\u00edculas de papel se recogen y se env\u00edan a f\u00e1bricas de papel para su reciclaje. \u00bfSab\u00eda que reciclar una tonelada de papel ahorra aproximadamente 17 \u00e1rboles maduros, 6900 galones (EE. UU.) de agua, dos barriles de petr\u00f3leo y 4,1 megavatios hora de electricidad? (el equivalente a seis meses de consumo energ\u00e9tico de un hogar promedio).\t\t\t<\/div>\n\t\t<\/div>\n\t\t\t<div class=\"cms-accordion-item\">\n\t\t    <div class=\"cms-accordion-title\" data-target=\"#fc733ebcms_accordion-46a8514\">\n\t\t    \t<span class=\"cms-accordion-title-text flex-basic text- text-hover-\">\u00bfQu\u00e9 pasa si mi trituraci\u00f3n de los requisitos de cambio?<\/span>\n\t\t    <\/div>\n\t\t    <div id=\"fc733ebcms_accordion-46a8514\" class=\"cms-accordion-content text-\" style=\"display:none;\">\n\t\t\t\tDoc Delete trabajar\u00e1 con usted para establecer un programa de destrucci\u00f3n personalizado y adaptado a sus necesidades. El servicio puede ser semanal, quincenal o mensual. En definitiva, depende de la cantidad de papel que produzca y que ya no necesite. Si en alg\u00fan momento de su contrato decide cambiar su frecuencia, Doc Delete con gusto lo har\u00e1, proporcion\u00e1ndole menos o m\u00e1s contenedores de recolecci\u00f3n y realizando los cambios necesarios en su programa de destrucci\u00f3n.\t\t\t<\/div>\n\t\t<\/div>\n\t<\/div>\n\t\t\t\t<\/div>\n\t\t\t\t<\/div>\n\t\t            <\/div>\r\n        <\/div>\r\n        \t\t\t<\/div>\r\n\t\t<\/section>\r\n\t\t\t\t<\/div>","protected":false},"excerpt":{"rendered":"<p>FAQs Frequently Asked Questions What Are You Looking For? Is a Certificate of Destruction issued? Yes. Following each shred job, a Certificate of Destruction is provided, which certifies the date and type of document shredding that took place. Why does your business offer both on-site and off-site document shredding? Each of these solutions serves a [&hellip;]<\/p>\n","protected":false},"author":1,"featured_media":0,"parent":22,"menu_order":30,"comment_status":"closed","ping_status":"closed","template":"","meta":{"footnotes":""},"class_list":["post-272","page","type-page","status-publish","hentry"],"yoast_head":"<!-- This site is optimized with the Yoast SEO Premium plugin v25.8 (Yoast SEO v27.4) - https:\/\/yoast.com\/product\/yoast-seo-premium-wordpress\/ -->\n<title>FAQs - Doc Delete PR<\/title>\n<meta name=\"robots\" content=\"index, follow, max-snippet:-1, max-image-preview:large, max-video-preview:-1\" \/>\n<link rel=\"canonical\" href=\"https:\/\/docdeletepr.com\/es\/about-us\/faqs\/\" \/>\n<meta property=\"og:locale\" content=\"es_ES\" \/>\n<meta property=\"og:type\" content=\"article\" \/>\n<meta property=\"og:title\" content=\"FAQs\" \/>\n<meta property=\"og:description\" content=\"Locally owned business providing secure shredding and recycling services. With over 10 years in the industry, we serve clients across all Puerto Rico, protecting sensitive information with reliable and compliant solutions.\" \/>\n<meta property=\"og:url\" content=\"https:\/\/docdeletepr.com\/es\/about-us\/faqs\/\" \/>\n<meta property=\"og:site_name\" content=\"Doc Delete PR\" \/>\n<meta property=\"article:publisher\" content=\"https:\/\/www.facebook.com\/DocDeleteCorp\" \/>\n<meta property=\"article:modified_time\" content=\"2026-02-26T23:57:57+00:00\" \/>\n<meta property=\"og:image\" content=\"https:\/\/docdeletepr.com\/wp-content\/uploads\/2026\/02\/large-pile-white-papers-with-question-marks-them-scaled.jpg\" \/>\n<meta name=\"twitter:card\" content=\"summary_large_image\" \/>\n<meta name=\"twitter:label1\" content=\"Tiempo de lectura\" \/>\n\t<meta name=\"twitter:data1\" content=\"2 minutos\" \/>\n<!-- \/ Yoast SEO Premium plugin. -->","yoast_head_json":{"title":"FAQs - Doc Delete PR","robots":{"index":"index","follow":"follow","max-snippet":"max-snippet:-1","max-image-preview":"max-image-preview:large","max-video-preview":"max-video-preview:-1"},"canonical":"https:\/\/docdeletepr.com\/es\/about-us\/faqs\/","og_locale":"es_ES","og_type":"article","og_title":"FAQs","og_description":"Locally owned business providing secure shredding and recycling services. With over 10 years in the industry, we serve clients across all Puerto Rico, protecting sensitive information with reliable and compliant solutions.","og_url":"https:\/\/docdeletepr.com\/es\/about-us\/faqs\/","og_site_name":"Doc Delete PR","article_publisher":"https:\/\/www.facebook.com\/DocDeleteCorp","article_modified_time":"2026-02-26T23:57:57+00:00","og_image":[{"url":"https:\/\/docdeletepr.com\/wp-content\/uploads\/2026\/02\/large-pile-white-papers-with-question-marks-them-scaled.jpg","type":"","width":"","height":""}],"twitter_card":"summary_large_image","twitter_misc":{"Tiempo de lectura":"2 minutos"},"schema":{"@context":"https:\/\/schema.org","@graph":[{"@type":"WebPage","@id":"https:\/\/docdeletepr.com\/es\/about-us\/faqs\/","url":"https:\/\/docdeletepr.com\/es\/about-us\/faqs\/","name":"FAQs - Doc Delete PR","isPartOf":{"@id":"https:\/\/docdeletepr.com\/#website"},"primaryImageOfPage":{"@id":"https:\/\/docdeletepr.com\/es\/about-us\/faqs\/#primaryimage"},"image":{"@id":"https:\/\/docdeletepr.com\/es\/about-us\/faqs\/#primaryimage"},"thumbnailUrl":"https:\/\/docdeletepr.com\/wp-content\/uploads\/2026\/02\/large-pile-white-papers-with-question-marks-them-scaled.jpg","datePublished":"2023-06-13T07:09:10+00:00","dateModified":"2026-02-26T23:57:57+00:00","breadcrumb":{"@id":"https:\/\/docdeletepr.com\/es\/about-us\/faqs\/#breadcrumb"},"inLanguage":"es","potentialAction":[{"@type":"ReadAction","target":["https:\/\/docdeletepr.com\/es\/about-us\/faqs\/"]}]},{"@type":"ImageObject","inLanguage":"es","@id":"https:\/\/docdeletepr.com\/es\/about-us\/faqs\/#primaryimage","url":"https:\/\/docdeletepr.com\/wp-content\/uploads\/2026\/02\/large-pile-white-papers-with-question-marks-them-scaled.jpg","contentUrl":"https:\/\/docdeletepr.com\/wp-content\/uploads\/2026\/02\/large-pile-white-papers-with-question-marks-them-scaled.jpg"},{"@type":"BreadcrumbList","@id":"https:\/\/docdeletepr.com\/es\/about-us\/faqs\/#breadcrumb","itemListElement":[{"@type":"ListItem","position":1,"name":"Home","item":"https:\/\/docdeletepr.com\/"},{"@type":"ListItem","position":2,"name":"About Us","item":"https:\/\/docdeletepr.com\/about-us\/"},{"@type":"ListItem","position":3,"name":"FAQs"}]},{"@type":"WebSite","@id":"https:\/\/docdeletepr.com\/#website","url":"https:\/\/docdeletepr.com\/","name":"Doc Delete PR","description":"Shredding &amp; Recycling Company in Puerto Rico","publisher":{"@id":"https:\/\/docdeletepr.com\/#organization"},"potentialAction":[{"@type":"SearchAction","target":{"@type":"EntryPoint","urlTemplate":"https:\/\/docdeletepr.com\/?s={search_term_string}"},"query-input":{"@type":"PropertyValueSpecification","valueRequired":true,"valueName":"search_term_string"}}],"inLanguage":"es"},{"@type":"Organization","@id":"https:\/\/docdeletepr.com\/#organization","name":"Doc Delete PR","url":"https:\/\/docdeletepr.com\/","logo":{"@type":"ImageObject","inLanguage":"es","@id":"https:\/\/docdeletepr.com\/#\/schema\/logo\/image\/","url":"https:\/\/docdeletepr.com\/wp-content\/uploads\/2026\/02\/cropped-docdelete-logo-1.png","contentUrl":"https:\/\/docdeletepr.com\/wp-content\/uploads\/2026\/02\/cropped-docdelete-logo-1.png","width":1535,"height":1535,"caption":"Doc Delete PR"},"image":{"@id":"https:\/\/docdeletepr.com\/#\/schema\/logo\/image\/"},"sameAs":["https:\/\/www.facebook.com\/DocDeleteCorp","https:\/\/www.instagram.com\/docdeletepr\/","https:\/\/www.linkedin.com\/company\/docdelete\/","https:\/\/www.youtube.com\/channel\/UCo05WoahBYJgsLehcKwtF3A"],"description":"Doc Delete PR es una empresa local que ofrece servicios seguros de destrucci\u00f3n y reciclaje. Con m\u00e1s de 10 a\u00f1os de experiencia en la industria, atendemos a clientes en todo Puerto Rico, protegiendo informaci\u00f3n confidencial con soluciones confiables y que cumplen con las normas.","email":"info@docdeletepr.com","telephone":"787-900-5511"}]}},"_links":{"self":[{"href":"https:\/\/docdeletepr.com\/es\/wp-json\/wp\/v2\/pages\/272","targetHints":{"allow":["GET"]}}],"collection":[{"href":"https:\/\/docdeletepr.com\/es\/wp-json\/wp\/v2\/pages"}],"about":[{"href":"https:\/\/docdeletepr.com\/es\/wp-json\/wp\/v2\/types\/page"}],"author":[{"embeddable":true,"href":"https:\/\/docdeletepr.com\/es\/wp-json\/wp\/v2\/users\/1"}],"replies":[{"embeddable":true,"href":"https:\/\/docdeletepr.com\/es\/wp-json\/wp\/v2\/comments?post=272"}],"version-history":[{"count":13,"href":"https:\/\/docdeletepr.com\/es\/wp-json\/wp\/v2\/pages\/272\/revisions"}],"predecessor-version":[{"id":672,"href":"https:\/\/docdeletepr.com\/es\/wp-json\/wp\/v2\/pages\/272\/revisions\/672"}],"up":[{"embeddable":true,"href":"https:\/\/docdeletepr.com\/es\/wp-json\/wp\/v2\/pages\/22"}],"wp:attachment":[{"href":"https:\/\/docdeletepr.com\/es\/wp-json\/wp\/v2\/media?parent=272"}],"curies":[{"name":"wp","href":"https:\/\/api.w.org\/{rel}","templated":true}]}}