{"id":28,"date":"2023-06-01T01:09:54","date_gmt":"2023-06-01T01:09:54","guid":{"rendered":"https:\/\/demo.cmssuperheroes.com\/themeforest\/wastia\/?page_id=28"},"modified":"2026-03-01T08:53:16","modified_gmt":"2026-03-01T12:53:16","slug":"contact-us","status":"publish","type":"page","link":"https:\/\/docdeletepr.com\/es\/contact-us\/","title":{"rendered":"Cont\u00e1ctanos"},"content":{"rendered":"\t\t<div data-elementor-type=\"wp-page\" data-elementor-id=\"28\" class=\"elementor elementor-28\">\n\t\t\t\t\t\t<section class=\"elementor-section elementor-top-section elementor-element elementor-element-ad3eaa4 elementor-section-full_width elementor-section-height-default elementor-section-height-default cms-full-content-with-space-none cms-section-banner-no\" data-id=\"ad3eaa4\" data-element_type=\"section\" data-e-type=\"section\">\r\n\t\t\t<div class=\"cms-section-banner cms-section-banner-no cms-gradient- relative\"><div class=\"cms-gradient-render\"><\/div><\/div>\t\t\t<div class=\"elementor-container elementor-column-gap-no \" >\r\n\t\t\t        <div class=\"elementor-column elementor-col-100 elementor-top-column elementor-element elementor-element-b6d0f6e\" data-id=\"b6d0f6e\" data-element_type=\"column\" data-e-type=\"column\">\r\n            <div class=\"elementor-widget-wrap elementor-element-populated\">\r\n                \t\t<div class=\"elementor-element elementor-element-a4acd65 elementor-widget elementor-widget-google_maps\" data-id=\"a4acd65\" data-element_type=\"widget\" data-e-type=\"widget\" data-widget_type=\"google_maps.default\">\n\t\t\t\t\t\t\t<div class=\"elementor-custom-embed\">\n\t\t\t<iframe loading=\"lazy\"\n\t\t\t\t\tsrc=\"https:\/\/maps.google.com\/maps?q=Doc%20Delete&#038;t=m&#038;z=15&#038;output=embed&#038;iwloc=near\"\n\t\t\t\t\ttitle=\"Doc Delete\"\n\t\t\t\t\taria-label=\"Doc Delete\"\n\t\t\t><\/iframe>\n\t\t<\/div>\n\t\t\t\t\t\t<\/div>\n\t\t            <\/div>\r\n        <\/div>\r\n        \t\t\t<\/div>\r\n\t\t<\/section>\r\n\t\t\t\t<section class=\"elementor-section elementor-top-section elementor-element elementor-element-5370616f elementor-reverse-tablet elementor-reverse-mobile_extra elementor-reverse-mobile elementor-section-boxed elementor-section-height-default elementor-section-height-default cms-section-banner-no elementor-invisible\" data-id=\"5370616f\" data-element_type=\"section\" data-e-type=\"section\" data-settings=\"{&quot;animation&quot;:&quot;fadeIn&quot;}\">\r\n\t\t\t<div class=\"cms-section-banner cms-section-banner-no cms-gradient- relative\"><div class=\"cms-gradient-render\"><\/div><\/div>\t\t\t<div class=\"elementor-container elementor-column-gap-default \" >\r\n\t\t\t        <div class=\"elementor-column elementor-col-50 elementor-top-column elementor-element elementor-element-747d0114 pt-90 pt-tablet-40 elementor-invisible\" data-id=\"747d0114\" data-element_type=\"column\" data-e-type=\"column\" data-settings=\"{&quot;animation&quot;:&quot;fadeInRight&quot;}\">\r\n            <div class=\"elementor-widget-wrap elementor-element-populated\">\r\n                \t\t<div class=\"elementor-element elementor-element-15cbbeb4 pb-40 mt-n10 elementor-widget elementor-widget-cms_heading\" data-id=\"15cbbeb4\" data-element_type=\"widget\" data-e-type=\"widget\" data-widget_type=\"cms_heading.default\">\n\t\t\t\t<div class=\"elementor-widget-container\">\n\t\t\t\t\t<div class=\"cms-eheading cms-eheading-6 text-start\">\n\t<div class=\"cms-smallheading empty-none font-700 text-16 text-primary pb-15\"><\/div>\n\t<h2 class=\"cms-heading empty-none text-heading pb-30\">Document Shredding Company You Can Trust<\/h2>\n\t<div class=\"cms-desc text-17 pb-25 font-700 empty-none text-secondary-regular\">Secure Document Shredding Services in Puerto Rico<\/div>\n\t<div class=\"cms-desc text-17 empty-none text-body\">Looking for a reliable document shredding company in Puerto Rico? Doc Delete PR is a name businesses trust when it comes to protecting confidential information.<br \/>\n<br \/>\nImproper disposal of sensitive documents can lead to serious risks such as data breaches and identity theft. At Doc Delete PR, we help businesses securely destroy confidential records while ensuring responsible recycling and environmental responsibility.<br \/>\n<br \/>\nOur team provides professional, secure, and dependable document destruction services tailored to the specific needs of your organization.<br \/>\n<br \/>\nWhether you need scheduled shredding services, one-time purge services, on-site shredding, or off-site destruction, we have the right solution to protect your information.<br \/>\n<br \/>\nContact Doc Delete PR today for a free quote and learn how we can help your organization securely manage and destroy confidential documents.<br \/>\n<br \/>\nThank you for considering Doc Delete PR. We look forward to serving you.<\/div>\n<\/div>\t\t\t\t<\/div>\n\t\t\t\t<\/div>\n\t\t\t\t<div class=\"elementor-element elementor-element-5a8e15d elementor-widget elementor-widget-cms_quickcontact\" data-id=\"5a8e15d\" data-element_type=\"widget\" data-e-type=\"widget\" data-widget_type=\"cms_quickcontact.default\">\n\t\t\t\t<div class=\"elementor-widget-container\">\n\t\t\t\t\t<div class=\"cms-eqc cms-eqc-1\">\n\t<h2 class=\"cms-title text-heading text-17 mb-30\">Sabanetas Industrial Park<br>\nPonce, PR 00716<\/h2>\n\t<div class=\"cms-desc text-14 pb-20\"><\/div>\n\t<a class=\"cms-eqc-item cms-email text-19 font-500 heading text-primary d-flex gap-20 align-items-center no-wrap text-ellipsis pb-5\" href=\"mailto:info@docdeletepr.com\"><span class=\"cms-icon cmsi-email text-16\"><\/span>info@docdeletepr.com<\/a>\n\t<a class=\"cms-eqc-item cms-phone text-19 font-500 heading text-primary d-flex gap-20 align-items-center no-wrap text-ellipsis\" href=\"tel:(787)900-5511\"><span class=\"cms-icon cmsi-phone-alt text-16\"><\/span>(787) 900-5511<\/a>\n\t<a class=\"cms-eqc-item cms-address text-14 pt-20 d-block text-\" href=\"https:\/\/maps.google.com\/maps?q=%1$s&amp;t=m&amp;z=%2$d&amp;iwloc=near\"><\/a>\n<\/div>\t\t\t\t<\/div>\n\t\t\t\t<\/div>\n\t\t            <\/div>\r\n        <\/div>\r\n                <div class=\"elementor-column elementor-col-50 elementor-top-column elementor-element elementor-element-4b1ed15e pl-70 pl-laptop-0 elementor-invisible\" data-id=\"4b1ed15e\" data-element_type=\"column\" data-e-type=\"column\" data-settings=\"{&quot;animation&quot;:&quot;fadeInLeft&quot;}\">\r\n            <div class=\"elementor-widget-wrap elementor-element-populated\">\r\n                \t\t<div class=\"elementor-element elementor-element-c901a0b elementor-widget elementor-widget-wpforms\" data-id=\"c901a0b\" data-element_type=\"widget\" data-e-type=\"widget\" data-widget_type=\"wpforms.default\">\n\t\t\t\t<div class=\"elementor-widget-container\">\n\t\t\t\t\t<style id=\"wpforms-css-vars-root\">\n\t\t\t\t:root {\n\t\t\t\t\t--wpforms-field-border-radius: 3px;\n--wpforms-field-background-color: #ffffff;\n--wpforms-field-border-color: rgba( 0, 0, 0, 0.25 );\n--wpforms-field-text-color: rgba( 0, 0, 0, 0.7 );\n--wpforms-label-color: rgba( 0, 0, 0, 0.85 );\n--wpforms-label-sublabel-color: rgba( 0, 0, 0, 0.55 );\n--wpforms-label-error-color: #d63637;\n--wpforms-button-border-radius: 3px;\n--wpforms-button-background-color: #066aab;\n--wpforms-button-text-color: #ffffff;\n--wpforms-field-size-input-height: 43px;\n--wpforms-field-size-input-spacing: 15px;\n--wpforms-field-size-font-size: 16px;\n--wpforms-field-size-line-height: 19px;\n--wpforms-field-size-padding-h: 14px;\n--wpforms-field-size-checkbox-size: 16px;\n--wpforms-field-size-sublabel-spacing: 5px;\n--wpforms-field-size-icon-size: 1;\n--wpforms-label-size-font-size: 16px;\n--wpforms-label-size-line-height: 19px;\n--wpforms-label-size-sublabel-font-size: 14px;\n--wpforms-label-size-sublabel-line-height: 17px;\n--wpforms-button-size-font-size: 17px;\n--wpforms-button-size-height: 41px;\n--wpforms-button-size-padding-h: 15px;\n--wpforms-button-size-margin-top: 10px;\n\n\t\t\t\t}\n\t\t\t<\/style><style id=\"wpforms-css-vars-elementor-widget-c901a0b\">\n\t\t\t\t.elementor-widget-wpforms.elementor-element-c901a0b {\n\t\t\t\t\t--wpforms-button-border-radius: 5px;\n--wpforms-button-background-color: #007F00;\n--wpforms-field-size-input-height: 43px;\n--wpforms-field-size-input-spacing: 15px;\n--wpforms-field-size-font-size: 16px;\n--wpforms-field-size-line-height: 19px;\n--wpforms-field-size-padding-h: 14px;\n--wpforms-field-size-checkbox-size: 16px;\n--wpforms-field-size-sublabel-spacing: 5px;\n--wpforms-field-size-icon-size: 1;\n--wpforms-label-size-font-size: 16px;\n--wpforms-label-size-line-height: 19px;\n--wpforms-label-size-sublabel-font-size: 14px;\n--wpforms-label-size-sublabel-line-height: 17px;\n--wpforms-button-size-font-size: 20px;\n--wpforms-button-size-height: 48px;\n--wpforms-button-size-padding-h: 20px;\n--wpforms-button-size-margin-top: 15px;\n\n\t\t\t\t}\n\t\t\t<\/style><div class=\"wpforms-container wpforms-container-full wpforms-render-modern\" id=\"wpforms-718\"><form id=\"wpforms-form-718\" class=\"wpforms-validate wpforms-form wpforms-ajax-form\" data-formid=\"718\" method=\"post\" enctype=\"multipart\/form-data\" action=\"\/es\/wp-json\/wp\/v2\/pages\/28\" data-token=\"d07377dd933ec21ff5fa48215e727efb\"><noscript class=\"wpforms-error-noscript\">Por favor, activa JavaScript en tu navegador para completar este formulario.<\/noscript><div class=\"wpforms-hidden\" id=\"wpforms-error-noscript\">Por favor, activa JavaScript en tu navegador para completar este formulario.<\/div><div class=\"wpforms-field-container\"><div id=\"wpforms-718-field_0-container\" class=\"wpforms-field wpforms-field-name\" data-field-id=\"0\"><fieldset><legend class=\"wpforms-field-label\">Full Name <span class=\"wpforms-required-label\" aria-hidden=\"true\">*<\/span><\/legend><div class=\"wpforms-field-row wpforms-field-large\"><div class=\"wpforms-field-row-block wpforms-first wpforms-one-half\"><input type=\"text\" id=\"wpforms-718-field_0\" class=\"wpforms-field-name-first wpforms-field-required\" name=\"wpforms[fields][0][first]\" aria-errormessage=\"wpforms-718-field_0-error\" required><label for=\"wpforms-718-field_0\" class=\"wpforms-field-sublabel after \">Nombre<\/label><\/div><div class=\"wpforms-field-row-block wpforms-one-half\"><input type=\"text\" id=\"wpforms-718-field_0-last\" class=\"wpforms-field-name-last wpforms-field-required\" name=\"wpforms[fields][0][last]\" aria-errormessage=\"wpforms-718-field_0-last-error\" required><label for=\"wpforms-718-field_0-last\" class=\"wpforms-field-sublabel after \">Apellidos<\/label><\/div><\/div><\/fieldset><\/div><div id=\"wpforms-718-field_3-container\" class=\"wpforms-field wpforms-field-phone\" data-field-id=\"3\"><label class=\"wpforms-field-label\" for=\"wpforms-718-field_3\">Telephone <span class=\"wpforms-required-label\" aria-hidden=\"true\">*<\/span><\/label><input type=\"tel\" id=\"wpforms-718-field_3\" class=\"wpforms-field-large wpforms-field-required wpforms-smart-phone-field\" data-rule-smart-phone-field=\"true\" name=\"wpforms[fields][3]\" aria-errormessage=\"wpforms-718-field_3-error\" required><\/div><div id=\"wpforms-718-field_1-container\" class=\"wpforms-field wpforms-field-email\" data-field-id=\"1\"><label class=\"wpforms-field-label\" for=\"wpforms-718-field_1\">Email <span class=\"wpforms-required-label\" aria-hidden=\"true\">*<\/span><\/label><input type=\"email\" id=\"wpforms-718-field_1\" class=\"wpforms-field-large wpforms-field-required\" name=\"wpforms[fields][1]\" spellcheck=\"false\" aria-errormessage=\"wpforms-718-field_1-error\" required><\/div><div id=\"wpforms-718-field_2-container\" class=\"wpforms-field wpforms-field-textarea\" data-field-id=\"2\"><label class=\"wpforms-field-label\" for=\"wpforms-718-field_2\">Comment or Message <span class=\"wpforms-required-label\" aria-hidden=\"true\">*<\/span><\/label><textarea id=\"wpforms-718-field_2\" class=\"wpforms-field-large wpforms-field-required\" name=\"wpforms[fields][2]\" aria-errormessage=\"wpforms-718-field_2-error\" required><\/textarea><\/div><\/div><!-- .wpforms-field-container --><div class=\"wpforms-recaptcha-container wpforms-is-hcaptcha\" ><div class=\"g-recaptcha\" data-sitekey=\"f402037c-a99f-4fa8-8700-d1023045df43\"><\/div><input type=\"text\" name=\"g-recaptcha-hidden\" class=\"wpforms-recaptcha-hidden\" style=\"position:absolute!important;clip:rect(0,0,0,0)!important;height:1px!important;width:1px!important;border:0!important;overflow:hidden!important;padding:0!important;margin:0!important;\" data-rule-hcaptcha=\"1\"><\/div><div class=\"wpforms-submit-container\" ><input type=\"hidden\" name=\"wpforms[id]\" value=\"718\"><input type=\"hidden\" name=\"wpforms[author]\" value=\"1\"><button type=\"submit\" name=\"wpforms[submit]\" id=\"wpforms-submit-718\" class=\"wpforms-submit\" data-alt-text=\"Sending...\" data-submit-text=\"Submit\" aria-live=\"assertive\" value=\"wpforms-submit\">Submit<\/button><img decoding=\"async\" src=\"https:\/\/docdeletepr.com\/wp-content\/plugins\/wpforms\/assets\/images\/submit-spin.svg\" class=\"wpforms-submit-spinner\" style=\"display: none;\" width=\"26\" height=\"26\" alt=\"Cargando\"><\/div><\/form><\/div>  <!-- .wpforms-container -->\t\t\t\t<\/div>\n\t\t\t\t<\/div>\n\t\t            <\/div>\r\n        <\/div>\r\n        \t\t\t<\/div>\r\n\t\t<\/section>\r\n\t\t\t\t<\/div>\n\t\t","protected":false},"excerpt":{"rendered":"<p>Document Shredding Company You Can Trust Secure Document Shredding Services in Puerto Rico Looking for a reliable document shredding company in Puerto Rico? Doc Delete PR is a name businesses trust when it comes to protecting confidential information. Improper disposal of sensitive documents can lead to serious risks such as data breaches and identity theft. [&hellip;]<\/p>\n","protected":false},"author":1,"featured_media":0,"parent":0,"menu_order":10,"comment_status":"closed","ping_status":"closed","template":"","meta":{"footnotes":""},"class_list":["post-28","page","type-page","status-publish","hentry"],"yoast_head":"<!-- This site is optimized with the Yoast SEO Premium plugin v25.8 (Yoast SEO v27.4) - https:\/\/yoast.com\/product\/yoast-seo-premium-wordpress\/ -->\n<title>Contact Us - Doc Delete PR<\/title>\n<meta name=\"robots\" content=\"index, follow, max-snippet:-1, max-image-preview:large, max-video-preview:-1\" \/>\n<link rel=\"canonical\" href=\"https:\/\/docdeletepr.com\/es\/contact-us\/\" \/>\n<meta property=\"og:locale\" content=\"es_ES\" \/>\n<meta property=\"og:type\" content=\"article\" \/>\n<meta property=\"og:title\" content=\"Contact Us\" \/>\n<meta property=\"og:description\" content=\"Locally owned business providing secure shredding and recycling services. With over 10 years in the industry, we serve clients across all Puerto Rico, protecting sensitive information with reliable and compliant solutions.\" \/>\n<meta property=\"og:url\" content=\"https:\/\/docdeletepr.com\/es\/contact-us\/\" \/>\n<meta property=\"og:site_name\" content=\"Doc Delete PR\" \/>\n<meta property=\"article:publisher\" content=\"https:\/\/www.facebook.com\/DocDeleteCorp\" \/>\n<meta property=\"article:modified_time\" content=\"2026-03-01T12:53:16+00:00\" \/>\n<meta property=\"og:image\" content=\"https:\/\/docdeletepr.com\/wp-content\/plugins\/wpforms\/assets\/images\/submit-spin.svg\" \/>\n<meta name=\"twitter:card\" content=\"summary_large_image\" \/>\n<meta name=\"twitter:label1\" content=\"Tiempo de lectura\" \/>\n\t<meta name=\"twitter:data1\" content=\"1 minuto\" \/>\n<!-- \/ Yoast SEO Premium plugin. -->","yoast_head_json":{"title":"Contact Us - Doc Delete PR","robots":{"index":"index","follow":"follow","max-snippet":"max-snippet:-1","max-image-preview":"max-image-preview:large","max-video-preview":"max-video-preview:-1"},"canonical":"https:\/\/docdeletepr.com\/es\/contact-us\/","og_locale":"es_ES","og_type":"article","og_title":"Contact Us","og_description":"Locally owned business providing secure shredding and recycling services. With over 10 years in the industry, we serve clients across all Puerto Rico, protecting sensitive information with reliable and compliant solutions.","og_url":"https:\/\/docdeletepr.com\/es\/contact-us\/","og_site_name":"Doc Delete PR","article_publisher":"https:\/\/www.facebook.com\/DocDeleteCorp","article_modified_time":"2026-03-01T12:53:16+00:00","og_image":[{"url":"https:\/\/docdeletepr.com\/wp-content\/plugins\/wpforms\/assets\/images\/submit-spin.svg","type":"","width":"","height":""}],"twitter_card":"summary_large_image","twitter_misc":{"Tiempo de lectura":"1 minuto"},"schema":{"@context":"https:\/\/schema.org","@graph":[{"@type":"WebPage","@id":"https:\/\/docdeletepr.com\/contact-us\/","url":"https:\/\/docdeletepr.com\/contact-us\/","name":"Contact Us - Doc Delete PR","isPartOf":{"@id":"https:\/\/docdeletepr.com\/#website"},"primaryImageOfPage":{"@id":"https:\/\/docdeletepr.com\/contact-us\/#primaryimage"},"image":{"@id":"https:\/\/docdeletepr.com\/contact-us\/#primaryimage"},"thumbnailUrl":"https:\/\/docdeletepr.com\/wp-content\/plugins\/wpforms\/assets\/images\/submit-spin.svg","datePublished":"2023-06-01T01:09:54+00:00","dateModified":"2026-03-01T12:53:16+00:00","breadcrumb":{"@id":"https:\/\/docdeletepr.com\/contact-us\/#breadcrumb"},"inLanguage":"es","potentialAction":[{"@type":"ReadAction","target":["https:\/\/docdeletepr.com\/contact-us\/"]}]},{"@type":"ImageObject","inLanguage":"es","@id":"https:\/\/docdeletepr.com\/contact-us\/#primaryimage","url":"https:\/\/docdeletepr.com\/wp-content\/plugins\/wpforms\/assets\/images\/submit-spin.svg","contentUrl":"https:\/\/docdeletepr.com\/wp-content\/plugins\/wpforms\/assets\/images\/submit-spin.svg"},{"@type":"BreadcrumbList","@id":"https:\/\/docdeletepr.com\/contact-us\/#breadcrumb","itemListElement":[{"@type":"ListItem","position":1,"name":"Home","item":"https:\/\/docdeletepr.com\/"},{"@type":"ListItem","position":2,"name":"Contact Us"}]},{"@type":"WebSite","@id":"https:\/\/docdeletepr.com\/#website","url":"https:\/\/docdeletepr.com\/","name":"Doc Delete PR","description":"Shredding &amp; Recycling Company in Puerto Rico","publisher":{"@id":"https:\/\/docdeletepr.com\/#organization"},"potentialAction":[{"@type":"SearchAction","target":{"@type":"EntryPoint","urlTemplate":"https:\/\/docdeletepr.com\/?s={search_term_string}"},"query-input":{"@type":"PropertyValueSpecification","valueRequired":true,"valueName":"search_term_string"}}],"inLanguage":"es"},{"@type":"Organization","@id":"https:\/\/docdeletepr.com\/#organization","name":"Doc Delete PR","url":"https:\/\/docdeletepr.com\/","logo":{"@type":"ImageObject","inLanguage":"es","@id":"https:\/\/docdeletepr.com\/#\/schema\/logo\/image\/","url":"https:\/\/docdeletepr.com\/wp-content\/uploads\/2026\/02\/cropped-docdelete-logo-1.png","contentUrl":"https:\/\/docdeletepr.com\/wp-content\/uploads\/2026\/02\/cropped-docdelete-logo-1.png","width":1535,"height":1535,"caption":"Doc Delete PR"},"image":{"@id":"https:\/\/docdeletepr.com\/#\/schema\/logo\/image\/"},"sameAs":["https:\/\/www.facebook.com\/DocDeleteCorp","https:\/\/www.instagram.com\/docdeletepr\/","https:\/\/www.linkedin.com\/company\/docdelete\/","https:\/\/www.youtube.com\/channel\/UCo05WoahBYJgsLehcKwtF3A"],"description":"Doc Delete PR es una empresa local que ofrece servicios seguros de destrucci\u00f3n y reciclaje. Con m\u00e1s de 10 a\u00f1os de experiencia en la industria, atendemos a clientes en todo Puerto Rico, protegiendo informaci\u00f3n confidencial con soluciones confiables y que cumplen con las normas.","email":"info@docdeletepr.com","telephone":"787-900-5511"}]}},"_links":{"self":[{"href":"https:\/\/docdeletepr.com\/es\/wp-json\/wp\/v2\/pages\/28","targetHints":{"allow":["GET"]}}],"collection":[{"href":"https:\/\/docdeletepr.com\/es\/wp-json\/wp\/v2\/pages"}],"about":[{"href":"https:\/\/docdeletepr.com\/es\/wp-json\/wp\/v2\/types\/page"}],"author":[{"embeddable":true,"href":"https:\/\/docdeletepr.com\/es\/wp-json\/wp\/v2\/users\/1"}],"replies":[{"embeddable":true,"href":"https:\/\/docdeletepr.com\/es\/wp-json\/wp\/v2\/comments?post=28"}],"version-history":[{"count":25,"href":"https:\/\/docdeletepr.com\/es\/wp-json\/wp\/v2\/pages\/28\/revisions"}],"predecessor-version":[{"id":1338,"href":"https:\/\/docdeletepr.com\/es\/wp-json\/wp\/v2\/pages\/28\/revisions\/1338"}],"wp:attachment":[{"href":"https:\/\/docdeletepr.com\/es\/wp-json\/wp\/v2\/media?parent=28"}],"curies":[{"name":"wp","href":"https:\/\/api.w.org\/{rel}","templated":true}]}}