{"id":30,"date":"2023-06-01T01:10:24","date_gmt":"2023-06-01T01:10:24","guid":{"rendered":"https:\/\/demo.cmssuperheroes.com\/themeforest\/wastia\/?page_id=30"},"modified":"2026-03-01T08:52:26","modified_gmt":"2026-03-01T12:52:26","slug":"areas-we-service","status":"publish","type":"page","link":"https:\/\/docdeletepr.com\/es\/services\/areas-we-service\/","title":{"rendered":"\u00c1reas De Servicio"},"content":{"rendered":"<div data-elementor-type=\"wp-page\" data-elementor-id=\"30\" class=\"elementor elementor-30\">\n\t\t\t\t\t\t<section class=\"elementor-section elementor-top-section elementor-element elementor-element-47cd33f elementor-section-full_width elementor-section-height-default elementor-section-height-default cms-full-content-with-space-none cms-section-banner-no\" data-id=\"47cd33f\" data-element_type=\"section\" data-e-type=\"section\">\r\n\t\t\t<div class=\"cms-section-banner cms-section-banner-no cms-gradient- relative\"><div class=\"cms-gradient-render\"><\/div><\/div>\t\t\t<div class=\"elementor-container elementor-column-gap-no\" >\r\n\t\t\t        <div class=\"elementor-column elementor-col-100 elementor-top-column elementor-element elementor-element-137c41d\" data-id=\"137c41d\" data-element_type=\"column\" data-e-type=\"column\">\r\n            <div class=\"elementor-widget-wrap elementor-element-populated\">\r\n                \t\t<div class=\"elementor-element elementor-element-1ef654b cms-eptitle-overlay-1 elementor-widget elementor-widget-cms_page_title\" data-id=\"1ef654b\" data-element_type=\"widget\" data-e-type=\"widget\" data-widget_type=\"cms_page_title.default\">\n\t\t\t\t<div class=\"elementor-widget-container\">\n\t\t\t\t\t<img width=\"\" height=\"\" data-src=\"https:\/\/docdeletepr.com\/wp-content\/uploads\/2026\/03\/puerto-rico-flag-waving-background-for-patriotic-and-national-design-vector.jpg\" title=\"puerto-rico-flag-waving-background-for-patriotic-and-national-design-vector\" alt=\"puerto-rico-flag-waving-background-for-patriotic-and-national-design-vector\" class=\"cms-lazy lazy-loading img-cover cms-overlay\" loading=\"lazy\" \/><div class=\"cms-eptitle-overlay cms-overlay\"><\/div><div class=\"cms-eptitle cms-eptitle-4\">\n\t<div class=\"cms-content relative z-top container\">\n\t\t<div class=\"cms--content\">\n\t\t\t<h1 class=\"cms-title text-75 text-tablet-50 text-mobile-40 font-700 lh-1066 text-white w-100\">\u00c1reas De Servicio<\/h1>\n\t\t<\/div>\n\t<\/div>\n<\/div>\t\t\t\t<\/div>\n\t\t\t\t<\/div>\n\t\t            <\/div>\r\n        <\/div>\r\n        \t\t\t<\/div>\r\n\t\t<\/section>\r\n\t\t\t\t<section class=\"elementor-section elementor-top-section elementor-element elementor-element-dded1ee pt-110 pb-80 p-tb-tablet-40 elementor-section-boxed elementor-section-height-default elementor-section-height-default cms-section-banner-no\" data-id=\"dded1ee\" data-element_type=\"section\" data-e-type=\"section\">\r\n\t\t\t<div class=\"cms-section-banner cms-section-banner-no cms-gradient- relative\"><div class=\"cms-gradient-render\"><\/div><\/div>\t\t\t<div class=\"elementor-container elementor-column-gap-default\" >\r\n\t\t\t        <div class=\"elementor-column elementor-col-100 elementor-top-column elementor-element elementor-element-5e86e97\" data-id=\"5e86e97\" data-element_type=\"column\" data-e-type=\"column\">\r\n            <div class=\"elementor-widget-wrap elementor-element-populated\">\r\n                \t\t<div class=\"elementor-element elementor-element-a1dc989 elementor-widget__width-initial pb-45 elementor-invisible elementor-widget elementor-widget-cms_heading\" data-id=\"a1dc989\" data-element_type=\"widget\" data-e-type=\"widget\" data-settings=\"{&quot;_animation&quot;:&quot;fadeInUp&quot;}\" data-widget_type=\"cms_heading.default\">\n\t\t\t\t<div class=\"elementor-widget-container\">\n\t\t\t\t\t<div class=\"cms-eheading cms-eheading-1 text-center\">\n\t<div class=\"cms-smallheading empty-none font-700 text-16 text-primary pb-10 mt-n7\">Destr\u00fayelo con Doc Delete<\/div>\n\t<h2 class=\"cms-heading empty-none text-\">Servicios seguros de destrucci\u00f3n de documentos en todo Puerto Rico<\/h2>\n<\/div>\t\t\t\t<\/div>\n\t\t\t\t<\/div>\n\t\t\t\t<div class=\"elementor-element elementor-element-b9b1d82 pt-25 elementor-invisible elementor-widget elementor-widget-cms_heading\" data-id=\"b9b1d82\" data-element_type=\"widget\" data-e-type=\"widget\" data-settings=\"{&quot;_animation&quot;:&quot;fadeInUp&quot;}\" data-widget_type=\"cms_heading.default\">\n\t\t\t\t<div class=\"elementor-widget-container\">\n\t\t\t\t\t<div class=\"cms-eheading cms-eheading-3 text-start\">\n\t<h2 class=\"cms-heading text-24 font-700 text- empty-none\"><\/h2>\n\t<div class=\"cms-desc pt-15 empty-none text-\">Proteger su informaci\u00f3n confidencial es esencial para toda empresa y organizaci\u00f3n. En Doc Delete PR, nos especializamos en brindar servicios de destrucci\u00f3n de documentos seguros, confiables y profesionales en todo Puerto Rico.<br \/>\n<br \/>\nOfrecemos soluciones flexibles de destrucci\u00f3n de documentos dise\u00f1adas para satisfacer las necesidades de empresas de todos los tama\u00f1os, incluyendo servicios de destrucci\u00f3n in situ y remota. Nuestro equipo opera en las regiones norte, sur, este, oeste y centro de la isla, garantizando que las organizaciones de todo Puerto Rico tengan acceso a la destrucci\u00f3n segura de documentos.<br \/>\n<br \/>\nLa eliminaci\u00f3n inadecuada de documentos confidenciales puede exponer a su empresa al robo de identidad, filtraciones de datos y costosas sanciones legales. Nuestro proceso de destrucci\u00f3n segura garantiza la destrucci\u00f3n segura de sus registros confidenciales y su manejo conforme a las normas de privacidad de la informaci\u00f3n y la normativa aplicable.<br \/>\n<br \/>\nEn Doc Delete PR, facilitamos la protecci\u00f3n de su informaci\u00f3n y al mismo tiempo apoyamos pr\u00e1cticas de reciclaje responsables que ayudan a proteger el medio ambiente.<br \/>\n<br \/>\nCont\u00e1ctenos hoy al (787) 900-5511 o complete nuestro formulario de contacto para conocer c\u00f3mo nuestros servicios de destrucci\u00f3n segura de documentos pueden ayudar a su negocio.<br \/>\n<br \/>\nProtege tu informaci\u00f3n. Protege tu reputaci\u00f3n.<br \/>\nDestr\u00fayelo con Doc Delete PR.<\/div>\n<\/div>\t\t\t\t<\/div>\n\t\t\t\t<\/div>\n\t\t            <\/div>\r\n        <\/div>\r\n        \t\t\t<\/div>\r\n\t\t<\/section>\r\n\t\t\t\t<\/div>","protected":false},"excerpt":{"rendered":"<p>Areas We Service Shred it with Doc Delete Secure Document Shredding Services Across Puerto Rico Protecting your confidential information is essential for every business and organization. At Doc Delete PR, we specialize in providing secure, reliable, and professional document shredding services throughout Puerto Rico. We offer flexible shredding solutions designed to meet the needs of [&hellip;]<\/p>\n","protected":false},"author":1,"featured_media":0,"parent":31,"menu_order":12,"comment_status":"closed","ping_status":"closed","template":"","meta":{"footnotes":""},"class_list":["post-30","page","type-page","status-publish","hentry"],"yoast_head":"<!-- This site is optimized with the Yoast SEO Premium plugin v25.8 (Yoast SEO v27.4) - https:\/\/yoast.com\/product\/yoast-seo-premium-wordpress\/ -->\n<title>Areas We Service - Doc Delete PR<\/title>\n<meta name=\"robots\" content=\"index, follow, max-snippet:-1, max-image-preview:large, max-video-preview:-1\" \/>\n<link rel=\"canonical\" href=\"https:\/\/docdeletepr.com\/es\/services\/areas-we-service\/\" \/>\n<meta property=\"og:locale\" content=\"es_ES\" \/>\n<meta property=\"og:type\" content=\"article\" \/>\n<meta property=\"og:title\" content=\"Areas We Service\" \/>\n<meta property=\"og:description\" content=\"Locally owned business providing secure shredding and recycling services. With over 10 years in the industry, we serve clients across all Puerto Rico, protecting sensitive information with reliable and compliant solutions.\" \/>\n<meta property=\"og:url\" content=\"https:\/\/docdeletepr.com\/es\/services\/areas-we-service\/\" \/>\n<meta property=\"og:site_name\" content=\"Doc Delete PR\" \/>\n<meta property=\"article:publisher\" content=\"https:\/\/www.facebook.com\/DocDeleteCorp\" \/>\n<meta property=\"article:modified_time\" content=\"2026-03-01T12:52:26+00:00\" \/>\n<meta property=\"og:image\" content=\"https:\/\/docdeletepr.com\/wp-content\/uploads\/2026\/03\/puerto-rico-flag-waving-background-for-patriotic-and-national-design-vector.jpg\" \/>\n<meta name=\"twitter:card\" content=\"summary_large_image\" \/>\n<meta name=\"twitter:label1\" content=\"Tiempo de lectura\" \/>\n\t<meta name=\"twitter:data1\" content=\"2 minutos\" \/>\n<!-- \/ Yoast SEO Premium plugin. -->","yoast_head_json":{"title":"Areas We Service - Doc Delete PR","robots":{"index":"index","follow":"follow","max-snippet":"max-snippet:-1","max-image-preview":"max-image-preview:large","max-video-preview":"max-video-preview:-1"},"canonical":"https:\/\/docdeletepr.com\/es\/services\/areas-we-service\/","og_locale":"es_ES","og_type":"article","og_title":"Areas We Service","og_description":"Locally owned business providing secure shredding and recycling services. With over 10 years in the industry, we serve clients across all Puerto Rico, protecting sensitive information with reliable and compliant solutions.","og_url":"https:\/\/docdeletepr.com\/es\/services\/areas-we-service\/","og_site_name":"Doc Delete PR","article_publisher":"https:\/\/www.facebook.com\/DocDeleteCorp","article_modified_time":"2026-03-01T12:52:26+00:00","og_image":[{"url":"https:\/\/docdeletepr.com\/wp-content\/uploads\/2026\/03\/puerto-rico-flag-waving-background-for-patriotic-and-national-design-vector.jpg","type":"","width":"","height":""}],"twitter_card":"summary_large_image","twitter_misc":{"Tiempo de lectura":"2 minutos"},"schema":{"@context":"https:\/\/schema.org","@graph":[{"@type":"WebPage","@id":"https:\/\/docdeletepr.com\/es\/services\/areas-we-service\/","url":"https:\/\/docdeletepr.com\/es\/services\/areas-we-service\/","name":"Areas We Service - Doc Delete PR","isPartOf":{"@id":"https:\/\/docdeletepr.com\/#website"},"primaryImageOfPage":{"@id":"https:\/\/docdeletepr.com\/es\/services\/areas-we-service\/#primaryimage"},"image":{"@id":"https:\/\/docdeletepr.com\/es\/services\/areas-we-service\/#primaryimage"},"thumbnailUrl":"https:\/\/docdeletepr.com\/wp-content\/uploads\/2026\/03\/puerto-rico-flag-waving-background-for-patriotic-and-national-design-vector.jpg","datePublished":"2023-06-01T01:10:24+00:00","dateModified":"2026-03-01T12:52:26+00:00","breadcrumb":{"@id":"https:\/\/docdeletepr.com\/es\/services\/areas-we-service\/#breadcrumb"},"inLanguage":"es","potentialAction":[{"@type":"ReadAction","target":["https:\/\/docdeletepr.com\/es\/services\/areas-we-service\/"]}]},{"@type":"ImageObject","inLanguage":"es","@id":"https:\/\/docdeletepr.com\/es\/services\/areas-we-service\/#primaryimage","url":"https:\/\/docdeletepr.com\/wp-content\/uploads\/2026\/03\/puerto-rico-flag-waving-background-for-patriotic-and-national-design-vector.jpg","contentUrl":"https:\/\/docdeletepr.com\/wp-content\/uploads\/2026\/03\/puerto-rico-flag-waving-background-for-patriotic-and-national-design-vector.jpg"},{"@type":"BreadcrumbList","@id":"https:\/\/docdeletepr.com\/es\/services\/areas-we-service\/#breadcrumb","itemListElement":[{"@type":"ListItem","position":1,"name":"Home","item":"https:\/\/docdeletepr.com\/"},{"@type":"ListItem","position":2,"name":"Services","item":"https:\/\/docdeletepr.com\/services\/"},{"@type":"ListItem","position":3,"name":"Areas We Service"}]},{"@type":"WebSite","@id":"https:\/\/docdeletepr.com\/#website","url":"https:\/\/docdeletepr.com\/","name":"Doc Delete PR","description":"Shredding &amp; Recycling Company in Puerto Rico","publisher":{"@id":"https:\/\/docdeletepr.com\/#organization"},"potentialAction":[{"@type":"SearchAction","target":{"@type":"EntryPoint","urlTemplate":"https:\/\/docdeletepr.com\/?s={search_term_string}"},"query-input":{"@type":"PropertyValueSpecification","valueRequired":true,"valueName":"search_term_string"}}],"inLanguage":"es"},{"@type":"Organization","@id":"https:\/\/docdeletepr.com\/#organization","name":"Doc Delete PR","url":"https:\/\/docdeletepr.com\/","logo":{"@type":"ImageObject","inLanguage":"es","@id":"https:\/\/docdeletepr.com\/#\/schema\/logo\/image\/","url":"https:\/\/docdeletepr.com\/wp-content\/uploads\/2026\/02\/cropped-docdelete-logo-1.png","contentUrl":"https:\/\/docdeletepr.com\/wp-content\/uploads\/2026\/02\/cropped-docdelete-logo-1.png","width":1535,"height":1535,"caption":"Doc Delete PR"},"image":{"@id":"https:\/\/docdeletepr.com\/#\/schema\/logo\/image\/"},"sameAs":["https:\/\/www.facebook.com\/DocDeleteCorp","https:\/\/www.instagram.com\/docdeletepr\/","https:\/\/www.linkedin.com\/company\/docdelete\/","https:\/\/www.youtube.com\/channel\/UCo05WoahBYJgsLehcKwtF3A"],"description":"Doc Delete PR es una empresa local que ofrece servicios seguros de destrucci\u00f3n y reciclaje. Con m\u00e1s de 10 a\u00f1os de experiencia en la industria, atendemos a clientes en todo Puerto Rico, protegiendo informaci\u00f3n confidencial con soluciones confiables y que cumplen con las normas.","email":"info@docdeletepr.com","telephone":"787-900-5511"}]}},"_links":{"self":[{"href":"https:\/\/docdeletepr.com\/es\/wp-json\/wp\/v2\/pages\/30","targetHints":{"allow":["GET"]}}],"collection":[{"href":"https:\/\/docdeletepr.com\/es\/wp-json\/wp\/v2\/pages"}],"about":[{"href":"https:\/\/docdeletepr.com\/es\/wp-json\/wp\/v2\/types\/page"}],"author":[{"embeddable":true,"href":"https:\/\/docdeletepr.com\/es\/wp-json\/wp\/v2\/users\/1"}],"replies":[{"embeddable":true,"href":"https:\/\/docdeletepr.com\/es\/wp-json\/wp\/v2\/comments?post=30"}],"version-history":[{"count":19,"href":"https:\/\/docdeletepr.com\/es\/wp-json\/wp\/v2\/pages\/30\/revisions"}],"predecessor-version":[{"id":1335,"href":"https:\/\/docdeletepr.com\/es\/wp-json\/wp\/v2\/pages\/30\/revisions\/1335"}],"up":[{"embeddable":true,"href":"https:\/\/docdeletepr.com\/es\/wp-json\/wp\/v2\/pages\/31"}],"wp:attachment":[{"href":"https:\/\/docdeletepr.com\/es\/wp-json\/wp\/v2\/media?parent=30"}],"curies":[{"name":"wp","href":"https:\/\/api.w.org\/{rel}","templated":true}]}}