{"id":32,"date":"2023-06-01T01:11:21","date_gmt":"2023-06-01T01:11:21","guid":{"rendered":"https:\/\/demo.cmssuperheroes.com\/themeforest\/wastia\/?page_id=32"},"modified":"2026-02-27T15:04:04","modified_gmt":"2026-02-27T19:04:04","slug":"industries-we-serve","status":"publish","type":"page","link":"https:\/\/docdeletepr.com\/es\/about-us\/industries-we-serve\/","title":{"rendered":"Industrias Que Servimos"},"content":{"rendered":"<div data-elementor-type=\"wp-page\" data-elementor-id=\"32\" class=\"elementor elementor-32\">\n\t\t\t\t\t\t<section class=\"elementor-section elementor-top-section elementor-element elementor-element-6f06377 elementor-section-full_width elementor-section-height-default elementor-section-height-default cms-full-content-with-space-none cms-section-banner-no elementor-invisible\" data-id=\"6f06377\" data-element_type=\"section\" data-e-type=\"section\" data-settings=\"{&quot;animation&quot;:&quot;fadeInUp&quot;}\">\r\n\t\t\t<div class=\"cms-section-banner cms-section-banner-no cms-gradient- relative\"><div class=\"cms-gradient-render\"><\/div><\/div>\t\t\t<div class=\"elementor-container elementor-column-gap-no\" >\r\n\t\t\t        <div class=\"elementor-column elementor-col-100 elementor-top-column elementor-element elementor-element-7c8d90f\" data-id=\"7c8d90f\" data-element_type=\"column\" data-e-type=\"column\">\r\n            <div class=\"elementor-widget-wrap elementor-element-populated\">\r\n                \t\t<div class=\"elementor-element elementor-element-912f8ec cms-eptitle-overlay-1 elementor-widget elementor-widget-cms_page_title\" data-id=\"912f8ec\" data-element_type=\"widget\" data-e-type=\"widget\" data-widget_type=\"cms_page_title.default\">\n\t\t\t\t<div class=\"elementor-widget-container\">\n\t\t\t\t\t<img width=\"\" height=\"\" data-src=\"https:\/\/docdeletepr.com\/wp-content\/uploads\/2026\/02\/Industry.jpg\" title=\"La industria\" alt=\"La industria\" class=\"cms-lazy lazy-loading img-cover cms-overlay\" loading=\"lazy\" \/><div class=\"cms-eptitle-overlay cms-overlay\"><\/div><div class=\"cms-eptitle cms-eptitle-4\">\n\t<div class=\"cms-content relative z-top container\">\n\t\t<div class=\"cms--content\">\n\t\t\t<h1 class=\"cms-title text-75 text-tablet-50 text-mobile-40 font-700 lh-1066 text-white w-100\">Industrias Que Servimos<\/h1>\n\t\t<\/div>\n\t<\/div>\n<\/div>\t\t\t\t<\/div>\n\t\t\t\t<\/div>\n\t\t            <\/div>\r\n        <\/div>\r\n        \t\t\t<\/div>\r\n\t\t<\/section>\r\n\t\t\t\t<section class=\"elementor-section elementor-top-section elementor-element elementor-element-f2a0275 pt-100 pb-90 p-tb-tablet-40 elementor-section-boxed elementor-section-height-default elementor-section-height-default cms-section-banner-no\" data-id=\"f2a0275\" data-element_type=\"section\" data-e-type=\"section\">\r\n\t\t\t<div class=\"cms-section-banner cms-section-banner-no cms-gradient- relative\"><div class=\"cms-gradient-render\"><\/div><\/div>\t\t\t<div class=\"elementor-container elementor-column-gap-default\" >\r\n\t\t\t        <div class=\"elementor-column elementor-col-100 elementor-top-column elementor-element elementor-element-3f52dcc\" data-id=\"3f52dcc\" data-element_type=\"column\" data-e-type=\"column\">\r\n            <div class=\"elementor-widget-wrap elementor-element-populated\">\r\n                \t\t<div class=\"elementor-element elementor-element-371030a pt-25 elementor-invisible elementor-widget elementor-widget-cms_heading\" data-id=\"371030a\" data-element_type=\"widget\" data-e-type=\"widget\" data-settings=\"{&quot;_animation&quot;:&quot;fadeInUp&quot;}\" data-widget_type=\"cms_heading.default\">\n\t\t\t\t<div class=\"elementor-widget-container\">\n\t\t\t\t\t<div class=\"cms-eheading cms-eheading-3 text-start\">\n\t<h2 class=\"cms-heading text-24 font-700 text- empty-none\">Servicios de destrucci\u00f3n de documentos para todas las empresas<\/h2>\n\t<div class=\"cms-desc pt-15 empty-none text-\">Doc Delete reconoce la importancia de proteger los datos de pacientes y clientes en las pr\u00e1cticas comerciales internas de todo tipo de industrias en Puerto Rico. Puede estar seguro de que nuestro equipo se dedica a garantizar la implementaci\u00f3n de las medidas de seguridad necesarias para mantener la informaci\u00f3n de su organizaci\u00f3n segura en todo momento con los servicios profesionales de destrucci\u00f3n de documentos que ofrecemos a todo tipo de empresas en Puerto Rico.<br \/>\n<br \/>\nNo solo tiene la obligaci\u00f3n moral de mantener seguros los registros confidenciales, sino tambi\u00e9n una obligaci\u00f3n legal. No hacerlo podr\u00eda resultar en multas significativas, p\u00e9rdidas comerciales y da\u00f1os a su reputaci\u00f3n.<br \/>\n<br \/>\nDesde contenedores de recolecci\u00f3n con cerradura para el almacenamiento seguro de documentos hasta servicios de destrucci\u00f3n de documentos en el sitio y fuera del sitio, Doc Delete cuenta con servicios y soluciones de destrucci\u00f3n de documentos personalizables para cumplir con las leyes de privacidad y destrucci\u00f3n en constante cambio.<br \/>\n<br \/>\nDoc Delete ofrece soluciones seguras y profesionales de destrucci\u00f3n de papel a diversas industrias en Puerto Rico. Nuestra prioridad es brindarle a su empresa los recursos necesarios para proteger los registros de clientes y pacientes mientras se almacenan y, a\u00fan m\u00e1s importante, cuando ya no se necesitan.<br \/>\n<br \/>\nNuestros servicios de destrucci\u00f3n de datos ayudan a mantener esta organizaci\u00f3n y seguridad, manteniendo su oficina o instalaci\u00f3n en cumplimiento con las leyes de privacidad.<\/div>\n<\/div>\t\t\t\t<\/div>\n\t\t\t\t<\/div>\n\t\t\t\t<div class=\"elementor-element elementor-element-34c5d0c pt-25 elementor-invisible elementor-widget elementor-widget-cms_heading\" data-id=\"34c5d0c\" data-element_type=\"widget\" data-e-type=\"widget\" data-settings=\"{&quot;_animation&quot;:&quot;fadeInUp&quot;}\" data-widget_type=\"cms_heading.default\">\n\t\t\t\t<div class=\"elementor-widget-container\">\n\t\t\t\t\t<div class=\"cms-eheading cms-eheading-3 text-start\">\n\t<h2 class=\"cms-heading text-24 font-700 text- empty-none\">5 ventajas de los servicios de destrucci\u00f3n de documentos de Doc Delete:<\/h2>\n\t<div class=\"cms-desc pt-15 empty-none text-\">1. Soluciones de trituraci\u00f3n flexibles ofrecidas en sus instalaciones o fuera de ellas, en nuestras instalaciones.<br \/>\n<br \/>\n2. Destrucci\u00f3n de documentos realizada por personal calificado y capacitado que sigue estrictos procedimientos de seguridad.<br \/>\n<br \/>\n3. Se ofrecen contenedores de trituraci\u00f3n con cerradura como un medio seguro de almacenamiento de documentos antes de la trituraci\u00f3n.<br \/>\n<br \/>\n4. El Certificado de Destrucci\u00f3n de Documentos indica claramente que, de hecho, se llev\u00f3 a cabo una destrucci\u00f3n segura.<br \/>\n<br \/>\n5. Opciones a medida disponibles para satisfacer las necesidades de su negocio en Puerto Rico.<br \/>\n<br \/>\nLa legislaci\u00f3n sobre privacidad cambia constantemente en lo que respecta a la seguridad de su informaci\u00f3n confidencial. Permita que Doc Delete gestione y destruya los registros de pacientes de su empresa.<\/div>\n<\/div>\t\t\t\t<\/div>\n\t\t\t\t<\/div>\n\t\t\t\t<div class=\"elementor-element elementor-element-b32946e elementor-widget__width-initial pb-45 elementor-invisible elementor-widget elementor-widget-cms_heading\" data-id=\"b32946e\" data-element_type=\"widget\" data-e-type=\"widget\" data-settings=\"{&quot;_animation&quot;:&quot;fadeInUp&quot;}\" data-widget_type=\"cms_heading.default\">\n\t\t\t\t<div class=\"elementor-widget-container\">\n\t\t\t\t\t<div class=\"cms-eheading cms-eheading-1 text-center\">\n\t<div class=\"cms-smallheading empty-none font-700 text-16 text-primary pb-10 mt-n7\">Industrias Que Servimos<\/div>\n\t<h2 class=\"cms-heading empty-none text-\">Trabajamos con varias empresas de diversos sectores industriales, incluidos:<\/h2>\n<\/div>\t\t\t\t<\/div>\n\t\t\t\t<\/div>\n\t\t\t\t<div class=\"elementor-element elementor-element-0b4beaa elementor-invisible elementor-widget elementor-widget-cms_industry_grid\" data-id=\"0b4beaa\" data-element_type=\"widget\" data-e-type=\"widget\" data-settings=\"{&quot;_animation&quot;:&quot;fadeInUp&quot;}\" data-widget_type=\"cms_industry_grid.default\">\n\t\t\t\t<div class=\"elementor-widget-container\">\n\t\t\t\t\t\n<div id=\"cms_industry_grid-0b4beaa\" class=\"cms-grid cms-industry-grid cms-grid-3\" data-layout=\"grid\" data-start-page=\"1\" data-max-pages=\"1\" data-total=\"4\" data-perpage=\"4\" data-next-link=\"\">\n    \n    <div class=\"cms-grid-content d-flex flex-col-2 flex-col-laptop3 flex-col-tablet-extra-3 flex-col-tablet-2 flex-col-mobile-extra-1 flex-col-mobile-1 gutter gutter-grid\" style=\"--gutter:40px;--gutter-tablet:30px;--gutter-mobile:20px;\">            <div class=\"cms-item cms-grid-item item-1\">\n                                    <div class=\"cms--item cms-shadow-4 cms-radius-4 bg-white\">\n                        <div class=\"relative\"><img loading=\"lazy\" width=\"400\" height=\"267\" data-src=\"https:\/\/docdeletepr.com\/wp-content\/uploads\/elementor\/thumbs\/Corporate-Industry-rjs9hyq0v4l2imvvkx8b1y81ogtc511m1k8nqlsga6.jpg\" title=\"Corporativa De La Industria\" alt=\"Corporativa De La Industria\" class=\"cms-lazy lazy-loading img-cover cms-radius-4 swiper-nav-vert\" style=\"max-height:267px\" \/><\/div>                        <div class=\"cms-content pt-50 pb-30 p-lr-40 p-lr-smobile-20\">\n                            <h4 class=\"cms-heading mt-n5 pb-10\"><a href=\"https:\/\/docdeletepr.com\/es\/industry\/corporate\/\">Corporativo<\/a><\/h4>\n                            <div class=\"cms-excerpt text-15 text-line-3\">La informaci\u00f3n es el elemento vital de todas las corporaciones, y si tiene varias ubicaciones en Puerto Rico o en todo el mundo, es imperativo que se proporcione una\u2026<\/div>\n                            <div class=\"excerpt-divider\"><\/div>\n                            <a href=\"https:\/\/docdeletepr.com\/es\/industry\/corporate\/\" class=\"cms-link cms-link-hover-1\">\n                                <span class=\"cms-btn-text\">Explore More<\/span>\n                                <i class=\"cmsi-edge-right-up text-10 rtl-flip\"><\/i>\n                            <\/a>\n                        <\/div>\n                    <\/div>\n                                <\/div>\n                    <div class=\"cms-item cms-grid-item item-2\">\n                                    <div class=\"cms--item cms-shadow-4 cms-radius-4 bg-white\">\n                        <div class=\"relative\"><img loading=\"lazy\" width=\"400\" height=\"267\" data-src=\"https:\/\/docdeletepr.com\/wp-content\/uploads\/elementor\/thumbs\/Health-Industry-rjs9cm13y39aeknru3xscsujwh73b2smz2i4cvq5pq.jpg\" title=\"La Salud De La Industria\" alt=\"La Salud De La Industria\" class=\"cms-lazy lazy-loading img-cover cms-radius-4 swiper-nav-vert\" style=\"max-height:267px\" \/><\/div>                        <div class=\"cms-content pt-50 pb-30 p-lr-40 p-lr-smobile-20\">\n                            <h4 class=\"cms-heading mt-n5 pb-10\"><a href=\"https:\/\/docdeletepr.com\/es\/industry\/healthcare\/\">Cuidado de la salud<\/a><\/h4>\n                            <div class=\"cms-excerpt text-15 text-line-3\">La mayor\u00eda de los profesionales m\u00e9dicos y de la salud comprenden lo importante que es destruir adecuadamente los registros m\u00e9dicos en un esfuerzo por salvaguardar la privacidad de los pacientes.<\/div>\n                            <div class=\"excerpt-divider\"><\/div>\n                            <a href=\"https:\/\/docdeletepr.com\/es\/industry\/healthcare\/\" class=\"cms-link cms-link-hover-1\">\n                                <span class=\"cms-btn-text\">Explore More<\/span>\n                                <i class=\"cmsi-edge-right-up text-10 rtl-flip\"><\/i>\n                            <\/a>\n                        <\/div>\n                    <\/div>\n                                <\/div>\n                    <div class=\"cms-item cms-grid-item item-3\">\n                                    <div class=\"cms--item cms-shadow-4 cms-radius-4 bg-white\">\n                        <div class=\"relative\"><img loading=\"lazy\" width=\"400\" height=\"267\" data-src=\"https:\/\/docdeletepr.com\/wp-content\/uploads\/elementor\/thumbs\/businessman-working-desk-office-with-using-calculator-calculate-numbers-finance-accounting-concept-scaled-rjv7et9rjs35fcid81q0ashwtvrph7sexeryrgfwj2.jpg\" title=\"businessman working on desk office with using a calculator to ca\" alt=\"businessman working on desk office with using a calculator to calculate the numbers, finance accounting concept\" class=\"cms-lazy lazy-loading img-cover cms-radius-4 swiper-nav-vert\" style=\"max-height:267px\" \/><\/div>                        <div class=\"cms-content pt-50 pb-30 p-lr-40 p-lr-smobile-20\">\n                            <h4 class=\"cms-heading mt-n5 pb-10\"><a href=\"https:\/\/docdeletepr.com\/es\/industry\/financial\/\">Financiera<\/a><\/h4>\n                            <div class=\"cms-excerpt text-15 text-line-3\">Entendemos la importancia de la destrucci\u00f3n segura de documentos para aquellos en la industria financiera en Puerto Rico.<\/div>\n                            <div class=\"excerpt-divider\"><\/div>\n                            <a href=\"https:\/\/docdeletepr.com\/es\/industry\/financial\/\" class=\"cms-link cms-link-hover-1\">\n                                <span class=\"cms-btn-text\">Explore More<\/span>\n                                <i class=\"cmsi-edge-right-up text-10 rtl-flip\"><\/i>\n                            <\/a>\n                        <\/div>\n                    <\/div>\n                                <\/div>\n                    <div class=\"cms-item cms-grid-item item-4\">\n                                    <div class=\"cms--item cms-shadow-4 cms-radius-4 bg-white\">\n                        <div class=\"relative\"><img loading=\"lazy\" width=\"400\" height=\"267\" data-src=\"https:\/\/docdeletepr.com\/wp-content\/uploads\/elementor\/thumbs\/Legal-Industry-rjs8lxe1xeq8t3f5nkp2kj9gsopyseuymzrvw3aicu.jpg\" title=\"Legal De La Industria\" alt=\"Legal De La Industria\" class=\"cms-lazy lazy-loading img-cover cms-radius-4 swiper-nav-vert\" style=\"max-height:267px\" \/><\/div>                        <div class=\"cms-content pt-50 pb-30 p-lr-40 p-lr-smobile-20\">\n                            <h4 class=\"cms-heading mt-n5 pb-10\"><a href=\"https:\/\/docdeletepr.com\/es\/industry\/legal\/\">Legal<\/a><\/h4>\n                            <div class=\"cms-excerpt text-15 text-line-3\">Como firma legal en Puerto Rico, necesita una empresa de destrucci\u00f3n de documentos profesional en la que pueda confiar para la destrucci\u00f3n confidencial de todos los registros legales.<\/div>\n                            <div class=\"excerpt-divider\"><\/div>\n                            <a href=\"https:\/\/docdeletepr.com\/es\/industry\/legal\/\" class=\"cms-link cms-link-hover-1\">\n                                <span class=\"cms-btn-text\">Explore More<\/span>\n                                <i class=\"cmsi-edge-right-up text-10 rtl-flip\"><\/i>\n                            <\/a>\n                        <\/div>\n                    <\/div>\n                                <\/div>\n        <\/div>\n    <\/div>\t\t\t\t<\/div>\n\t\t\t\t<\/div>\n\t\t\t\t<div class=\"elementor-element elementor-element-b7bbfcf pt-25 elementor-invisible elementor-widget elementor-widget-cms_heading\" data-id=\"b7bbfcf\" data-element_type=\"widget\" data-e-type=\"widget\" data-settings=\"{&quot;_animation&quot;:&quot;fadeInUp&quot;}\" data-widget_type=\"cms_heading.default\">\n\t\t\t\t<div class=\"elementor-widget-container\">\n\t\t\t\t\t<div class=\"cms-eheading cms-eheading-3 text-start\">\n\t<h2 class=\"cms-heading text-24 font-700 text- empty-none\"><\/h2>\n\t<div class=\"cms-desc pt-15 empty-none text-\">Doc Eliminar es su recurso para confiable y eficiente de destrucci\u00f3n de documentos en Puerto Rico. Trituraci\u00f3n en la casa es demasiado arriesgado, y viene con varias desventajas. Vamos a ayudarle a ahorrar el dinero y el tiempo asociados con el manejo de su propia, mientras que la protecci\u00f3n de su negocio, clientes y pacientes, no autorizado a la informaci\u00f3n de la exposici\u00f3n.<\/div>\n<\/div>\t\t\t\t<\/div>\n\t\t\t\t<\/div>\n\t\t            <\/div>\r\n        <\/div>\r\n        \t\t\t<\/div>\r\n\t\t<\/section>\r\n\t\t\t\t<\/div>","protected":false},"excerpt":{"rendered":"<p>Industries We Serve Document Destruction Services for all Businesses Doc Delete recognizes the significance of protecting patient and customer data when it comes to internal business practices for all type of industries in Puerto Rico. You can rest assured that our team is dedicated to ensuring the necessary security measures are in place, to keep [&hellip;]<\/p>\n","protected":false},"author":1,"featured_media":0,"parent":22,"menu_order":15,"comment_status":"closed","ping_status":"closed","template":"","meta":{"footnotes":""},"class_list":["post-32","page","type-page","status-publish","hentry"],"yoast_head":"<!-- This site is optimized with the Yoast SEO Premium plugin v25.8 (Yoast SEO v27.4) - https:\/\/yoast.com\/product\/yoast-seo-premium-wordpress\/ -->\n<title>Industries We Serve - Doc Delete PR<\/title>\n<meta name=\"robots\" content=\"index, follow, max-snippet:-1, max-image-preview:large, max-video-preview:-1\" \/>\n<link rel=\"canonical\" href=\"https:\/\/docdeletepr.com\/es\/about-us\/industries-we-serve\/\" \/>\n<meta property=\"og:locale\" content=\"es_ES\" \/>\n<meta property=\"og:type\" content=\"article\" \/>\n<meta property=\"og:title\" content=\"Industries We Serve\" \/>\n<meta property=\"og:description\" content=\"Locally owned business providing secure shredding and recycling services. With over 10 years in the industry, we serve clients across all Puerto Rico, protecting sensitive information with reliable and compliant solutions.\" \/>\n<meta property=\"og:url\" content=\"https:\/\/docdeletepr.com\/es\/about-us\/industries-we-serve\/\" \/>\n<meta property=\"og:site_name\" content=\"Doc Delete PR\" \/>\n<meta property=\"article:publisher\" content=\"https:\/\/www.facebook.com\/DocDeleteCorp\" \/>\n<meta property=\"article:modified_time\" content=\"2026-02-27T19:04:04+00:00\" \/>\n<meta property=\"og:image\" content=\"https:\/\/docdeletepr.com\/wp-content\/uploads\/2026\/02\/Industry.jpg\" \/>\n<meta name=\"twitter:card\" content=\"summary_large_image\" \/>\n<meta name=\"twitter:label1\" content=\"Tiempo de lectura\" \/>\n\t<meta name=\"twitter:data1\" content=\"4 minutos\" \/>\n<!-- \/ Yoast SEO Premium plugin. -->","yoast_head_json":{"title":"Industries We Serve - Doc Delete PR","robots":{"index":"index","follow":"follow","max-snippet":"max-snippet:-1","max-image-preview":"max-image-preview:large","max-video-preview":"max-video-preview:-1"},"canonical":"https:\/\/docdeletepr.com\/es\/about-us\/industries-we-serve\/","og_locale":"es_ES","og_type":"article","og_title":"Industries We Serve","og_description":"Locally owned business providing secure shredding and recycling services. With over 10 years in the industry, we serve clients across all Puerto Rico, protecting sensitive information with reliable and compliant solutions.","og_url":"https:\/\/docdeletepr.com\/es\/about-us\/industries-we-serve\/","og_site_name":"Doc Delete PR","article_publisher":"https:\/\/www.facebook.com\/DocDeleteCorp","article_modified_time":"2026-02-27T19:04:04+00:00","og_image":[{"url":"https:\/\/docdeletepr.com\/wp-content\/uploads\/2026\/02\/Industry.jpg","type":"","width":"","height":""}],"twitter_card":"summary_large_image","twitter_misc":{"Tiempo de lectura":"4 minutos"},"schema":{"@context":"https:\/\/schema.org","@graph":[{"@type":"WebPage","@id":"https:\/\/docdeletepr.com\/about-us\/industries-we-serve\/","url":"https:\/\/docdeletepr.com\/about-us\/industries-we-serve\/","name":"Industries We Serve - Doc Delete PR","isPartOf":{"@id":"https:\/\/docdeletepr.com\/#website"},"primaryImageOfPage":{"@id":"https:\/\/docdeletepr.com\/about-us\/industries-we-serve\/#primaryimage"},"image":{"@id":"https:\/\/docdeletepr.com\/about-us\/industries-we-serve\/#primaryimage"},"thumbnailUrl":"https:\/\/docdeletepr.com\/wp-content\/uploads\/2026\/02\/Industry.jpg","datePublished":"2023-06-01T01:11:21+00:00","dateModified":"2026-02-27T19:04:04+00:00","breadcrumb":{"@id":"https:\/\/docdeletepr.com\/about-us\/industries-we-serve\/#breadcrumb"},"inLanguage":"es","potentialAction":[{"@type":"ReadAction","target":["https:\/\/docdeletepr.com\/about-us\/industries-we-serve\/"]}]},{"@type":"ImageObject","inLanguage":"es","@id":"https:\/\/docdeletepr.com\/about-us\/industries-we-serve\/#primaryimage","url":"https:\/\/docdeletepr.com\/wp-content\/uploads\/2026\/02\/Industry.jpg","contentUrl":"https:\/\/docdeletepr.com\/wp-content\/uploads\/2026\/02\/Industry.jpg"},{"@type":"BreadcrumbList","@id":"https:\/\/docdeletepr.com\/about-us\/industries-we-serve\/#breadcrumb","itemListElement":[{"@type":"ListItem","position":1,"name":"Home","item":"https:\/\/docdeletepr.com\/"},{"@type":"ListItem","position":2,"name":"About Us","item":"https:\/\/docdeletepr.com\/about-us\/"},{"@type":"ListItem","position":3,"name":"Industries We Serve"}]},{"@type":"WebSite","@id":"https:\/\/docdeletepr.com\/#website","url":"https:\/\/docdeletepr.com\/","name":"Doc Delete PR","description":"Shredding &amp; Recycling Company in Puerto Rico","publisher":{"@id":"https:\/\/docdeletepr.com\/#organization"},"potentialAction":[{"@type":"SearchAction","target":{"@type":"EntryPoint","urlTemplate":"https:\/\/docdeletepr.com\/?s={search_term_string}"},"query-input":{"@type":"PropertyValueSpecification","valueRequired":true,"valueName":"search_term_string"}}],"inLanguage":"es"},{"@type":"Organization","@id":"https:\/\/docdeletepr.com\/#organization","name":"Doc Delete PR","url":"https:\/\/docdeletepr.com\/","logo":{"@type":"ImageObject","inLanguage":"es","@id":"https:\/\/docdeletepr.com\/#\/schema\/logo\/image\/","url":"https:\/\/docdeletepr.com\/wp-content\/uploads\/2026\/02\/cropped-docdelete-logo-1.png","contentUrl":"https:\/\/docdeletepr.com\/wp-content\/uploads\/2026\/02\/cropped-docdelete-logo-1.png","width":1535,"height":1535,"caption":"Doc Delete PR"},"image":{"@id":"https:\/\/docdeletepr.com\/#\/schema\/logo\/image\/"},"sameAs":["https:\/\/www.facebook.com\/DocDeleteCorp","https:\/\/www.instagram.com\/docdeletepr\/","https:\/\/www.linkedin.com\/company\/docdelete\/","https:\/\/www.youtube.com\/channel\/UCo05WoahBYJgsLehcKwtF3A"],"description":"Doc Delete PR es una empresa local que ofrece servicios seguros de destrucci\u00f3n y reciclaje. Con m\u00e1s de 10 a\u00f1os de experiencia en la industria, atendemos a clientes en todo Puerto Rico, protegiendo informaci\u00f3n confidencial con soluciones confiables y que cumplen con las normas.","email":"info@docdeletepr.com","telephone":"787-900-5511"}]}},"_links":{"self":[{"href":"https:\/\/docdeletepr.com\/es\/wp-json\/wp\/v2\/pages\/32","targetHints":{"allow":["GET"]}}],"collection":[{"href":"https:\/\/docdeletepr.com\/es\/wp-json\/wp\/v2\/pages"}],"about":[{"href":"https:\/\/docdeletepr.com\/es\/wp-json\/wp\/v2\/types\/page"}],"author":[{"embeddable":true,"href":"https:\/\/docdeletepr.com\/es\/wp-json\/wp\/v2\/users\/1"}],"replies":[{"embeddable":true,"href":"https:\/\/docdeletepr.com\/es\/wp-json\/wp\/v2\/comments?post=32"}],"version-history":[{"count":13,"href":"https:\/\/docdeletepr.com\/es\/wp-json\/wp\/v2\/pages\/32\/revisions"}],"predecessor-version":[{"id":1044,"href":"https:\/\/docdeletepr.com\/es\/wp-json\/wp\/v2\/pages\/32\/revisions\/1044"}],"up":[{"embeddable":true,"href":"https:\/\/docdeletepr.com\/es\/wp-json\/wp\/v2\/pages\/22"}],"wp:attachment":[{"href":"https:\/\/docdeletepr.com\/es\/wp-json\/wp\/v2\/media?parent=32"}],"curies":[{"name":"wp","href":"https:\/\/api.w.org\/{rel}","templated":true}]}}