{"id":37,"date":"2023-06-01T01:12:57","date_gmt":"2023-06-01T01:12:57","guid":{"rendered":"https:\/\/demo.cmssuperheroes.com\/themeforest\/wastia\/?page_id=37"},"modified":"2026-03-27T06:16:30","modified_gmt":"2026-03-27T10:16:30","slug":"blog","status":"publish","type":"page","link":"https:\/\/docdeletepr.com\/es\/blog\/","title":{"rendered":"Our Blog"},"content":{"rendered":"\t\t<div data-elementor-type=\"wp-page\" data-elementor-id=\"37\" class=\"elementor elementor-37\">\n\t\t\t\t\t\t<section class=\"elementor-section elementor-top-section elementor-element elementor-element-93aeaec p-tb-90 p-tb-tablet-40 elementor-section-boxed elementor-section-height-default elementor-section-height-default cms-section-banner-no\" data-id=\"93aeaec\" data-element_type=\"section\" data-e-type=\"section\">\r\n\t\t\t<div class=\"cms-section-banner cms-section-banner-no cms-gradient- relative\"><div class=\"cms-gradient-render\"><\/div><\/div>\t\t\t<div class=\"elementor-container elementor-column-gap-default \" >\r\n\t\t\t        <div class=\"elementor-column elementor-col-100 elementor-top-column elementor-element elementor-element-abc4214\" data-id=\"abc4214\" data-element_type=\"column\" data-e-type=\"column\">\r\n            <div class=\"elementor-widget-wrap elementor-element-populated\">\r\n                \t\t<div class=\"elementor-element elementor-element-c6f8d9f elementor-widget elementor-widget-cms_blog_grid\" data-id=\"c6f8d9f\" data-element_type=\"widget\" data-e-type=\"widget\" data-widget_type=\"cms_blog_grid.default\">\n\t\t\t\t<div class=\"elementor-widget-container\">\n\t\t\t\t\t<div id=\"cms_blog_grid-c6f8d9f\" class=\"cms-grid cms-post-grid cms-grid-1\" data-layout=\"grid\" data-start-page=\"1\" data-max-pages=\"2\" data-total=\"8\" data-perpage=\"6\" data-next-link=\"https:\/\/docdeletepr.com\/es\/wp-json\/wp\/v2\/pages\/37\/page\/2\/\">\n    \n    <div class=\"cms-grid-content d-flex flex-col-3 flex-col-laptop3 flex-col-tablet-extra-3 flex-col-tablet-2 flex-col-mobile-extra-2 flex-col-mobile-1 gutter gutter-grid\" style=\"--gutter:40px;--gutter-tablet:30px;--gutter-mobile:20px;\">            <div class=\"cms-item cms-hover-more-1 item-1\">\n                <div class=\"relative overflow-hidden\"><img loading=\"lazy\" width=\"400\" height=\"267\" data-src=\"https:\/\/docdeletepr.com\/wp-content\/uploads\/elementor\/thumbs\/Legal-Industry-rjs8lxe1xeq8t3f5nkp2kj9gsopyseuymzrvw3aicu.jpg\" title=\"Legal-Industry\" alt=\"Legal-Industry\" class=\"cms-lazy lazy-loading cms-radius-4 swiper-nav-vert img-cover\" style=\"max-height:267px\" loading=\"lazy\" \/><div class=\"cms-thumb-meta\"><a href=\"https:\/\/docdeletepr.com\/es\/category\/batteries\/\" rel=\"tag\">Batteries<\/a><\/div>                        <a href=\"https:\/\/docdeletepr.com\/es\/what-happens-to-shredded-paper-the-recycling-process-explained\/\" class=\"cms-hover-more btn btn-secondary-lighten btn-hover-primary justify-content-between absolute abs-1\">\n                            Read More                            <i class=\"cmsi-edge-right-up rtl-flip\"><\/i>\n                        <\/a>\n                    <\/div>                    <div class=\"cms-content pt-35 bg-white\">\n                        <h4 class=\"cms-heading font-500 text-line-3\"><a href=\"https:\/\/docdeletepr.com\/es\/what-happens-to-shredded-paper-the-recycling-process-explained\/\">What Happens to Shredded Paper? The Recycling Process Explained<\/a><\/h4>\n                        <div class=\"cms-excerpt text-15 pt-20 text-line-3\"><\/div>\n                        <div class=\"cms-post-meta cms-post-meta-1 d-flex gap-10\">\n                            <div class=\"date text-secondary-lighten\">abril 14, 2026<\/div>\n                            <div class=\"separator\"><\/div>\n                            <div class=\"author\"><a href=\"https:\/\/docdeletepr.com\/es\/author\/cgonzalez\/\" title=\"Posts by cgonzalez\" class=\"\" rel=\"author\">cgonzalez<\/a><\/div>\n                        <\/div>\n                    <\/div>\n                            <\/div>\n                    <div class=\"cms-item cms-hover-more-1 item-2\">\n                <div class=\"relative overflow-hidden\"><img loading=\"lazy\" width=\"400\" height=\"267\" data-src=\"https:\/\/docdeletepr.com\/wp-content\/uploads\/elementor\/thumbs\/Why-Doc-Delete-rjqx91odz8viqrusympg2r7kl7v1jylmwm77sj4w32.jpg\" title=\"DCIM100MEDIA\" alt=\"DCIM100MEDIA\" class=\"cms-lazy lazy-loading cms-radius-4 swiper-nav-vert img-cover\" style=\"max-height:267px\" loading=\"lazy\" \/><div class=\"cms-thumb-meta\"><a href=\"https:\/\/docdeletepr.com\/es\/category\/batteries\/\" rel=\"tag\">Batteries<\/a><\/div>                        <a href=\"https:\/\/docdeletepr.com\/es\/document-retention-vs-destruction-staying-compliant-without-over-risking-data\/\" class=\"cms-hover-more btn btn-secondary-lighten btn-hover-primary justify-content-between absolute abs-1\">\n                            Read More                            <i class=\"cmsi-edge-right-up rtl-flip\"><\/i>\n                        <\/a>\n                    <\/div>                    <div class=\"cms-content pt-35 bg-white\">\n                        <h4 class=\"cms-heading font-500 text-line-3\"><a href=\"https:\/\/docdeletepr.com\/es\/document-retention-vs-destruction-staying-compliant-without-over-risking-data\/\">Document Retention vs Destruction: Staying Compliant Without Over-Risking Data<\/a><\/h4>\n                        <div class=\"cms-excerpt text-15 pt-20 text-line-3\"><\/div>\n                        <div class=\"cms-post-meta cms-post-meta-1 d-flex gap-10\">\n                            <div class=\"date text-secondary-lighten\">abril 12, 2026<\/div>\n                            <div class=\"separator\"><\/div>\n                            <div class=\"author\"><a href=\"https:\/\/docdeletepr.com\/es\/author\/cgonzalez\/\" title=\"Posts by cgonzalez\" class=\"\" rel=\"author\">cgonzalez<\/a><\/div>\n                        <\/div>\n                    <\/div>\n                            <\/div>\n                    <div class=\"cms-item cms-hover-more-1 item-3\">\n                <div class=\"relative overflow-hidden\"><img loading=\"lazy\" width=\"400\" height=\"267\" data-src=\"https:\/\/docdeletepr.com\/wp-content\/uploads\/elementor\/thumbs\/defewddf-rjv7vzrkgrltmrjywh2ivgf7pf3861zsmg1gjiyusu.jpg\" title=\"defewddf\" alt=\"defewddf\" class=\"cms-lazy lazy-loading cms-radius-4 swiper-nav-vert img-cover\" style=\"max-height:267px\" loading=\"lazy\" \/><div class=\"cms-thumb-meta\"><a href=\"https:\/\/docdeletepr.com\/es\/category\/batteries\/\" rel=\"tag\">Batteries<\/a><\/div>                        <a href=\"https:\/\/docdeletepr.com\/es\/how-professional-off-site-shredding-improves-operational-efficiency\/\" class=\"cms-hover-more btn btn-secondary-lighten btn-hover-primary justify-content-between absolute abs-1\">\n                            Read More                            <i class=\"cmsi-edge-right-up rtl-flip\"><\/i>\n                        <\/a>\n                    <\/div>                    <div class=\"cms-content pt-35 bg-white\">\n                        <h4 class=\"cms-heading font-500 text-line-3\"><a href=\"https:\/\/docdeletepr.com\/es\/how-professional-off-site-shredding-improves-operational-efficiency\/\">How Professional Off-Site Shredding Improves Operational Efficiency<\/a><\/h4>\n                        <div class=\"cms-excerpt text-15 pt-20 text-line-3\"><\/div>\n                        <div class=\"cms-post-meta cms-post-meta-1 d-flex gap-10\">\n                            <div class=\"date text-secondary-lighten\">abril 10, 2026<\/div>\n                            <div class=\"separator\"><\/div>\n                            <div class=\"author\"><a href=\"https:\/\/docdeletepr.com\/es\/author\/cgonzalez\/\" title=\"Posts by cgonzalez\" class=\"\" rel=\"author\">cgonzalez<\/a><\/div>\n                        <\/div>\n                    <\/div>\n                            <\/div>\n                    <div class=\"cms-item cms-hover-more-1 item-4\">\n                <div class=\"relative overflow-hidden\"><img loading=\"lazy\" width=\"400\" height=\"267\" data-src=\"https:\/\/docdeletepr.com\/wp-content\/uploads\/elementor\/thumbs\/WhatsApp-Image-2026-02-28-at-1.03.44-PM2-rjvas59rqw6m3a9lpztbno8xbfqe2oh2lydbwajfce.jpeg\" title=\"WhatsApp Image 2026-02-28 at 1.03.44 PM(2)\" alt=\"WhatsApp Image 2026-02-28 at 1.03.44 PM(2)\" class=\"cms-lazy lazy-loading cms-radius-4 swiper-nav-vert img-cover\" style=\"max-height:267px\" loading=\"lazy\" \/><div class=\"cms-thumb-meta\"><a href=\"https:\/\/docdeletepr.com\/es\/category\/batteries\/\" rel=\"tag\">Batteries<\/a><\/div>                        <a href=\"https:\/\/docdeletepr.com\/es\/facta-glba-and-hipaa-explained-document-disposal-laws-every-business-must-follow\/\" class=\"cms-hover-more btn btn-secondary-lighten btn-hover-primary justify-content-between absolute abs-1\">\n                            Read More                            <i class=\"cmsi-edge-right-up rtl-flip\"><\/i>\n                        <\/a>\n                    <\/div>                    <div class=\"cms-content pt-35 bg-white\">\n                        <h4 class=\"cms-heading font-500 text-line-3\"><a href=\"https:\/\/docdeletepr.com\/es\/facta-glba-and-hipaa-explained-document-disposal-laws-every-business-must-follow\/\">FACTA, GLBA, and HIPAA Explained: Document Disposal Laws Every Business Must Follow<\/a><\/h4>\n                        <div class=\"cms-excerpt text-15 pt-20 text-line-3\"><\/div>\n                        <div class=\"cms-post-meta cms-post-meta-1 d-flex gap-10\">\n                            <div class=\"date text-secondary-lighten\">abril 8, 2026<\/div>\n                            <div class=\"separator\"><\/div>\n                            <div class=\"author\"><a href=\"https:\/\/docdeletepr.com\/es\/author\/cgonzalez\/\" title=\"Posts by cgonzalez\" class=\"\" rel=\"author\">cgonzalez<\/a><\/div>\n                        <\/div>\n                    <\/div>\n                            <\/div>\n                    <div class=\"cms-item cms-hover-more-1 item-5\">\n                <div class=\"relative overflow-hidden\"><img loading=\"lazy\" width=\"400\" height=\"267\" data-src=\"https:\/\/docdeletepr.com\/wp-content\/uploads\/elementor\/thumbs\/WhatsApp-Image-2026-02-28-at-1.03.44-PM4-rjvazpuysujrm79ni9n4qrgll6eu2wj8bfk52jb97y.jpeg\" title=\"WhatsApp Image 2026-02-28 at 1.03.44 PM(4)\" alt=\"WhatsApp Image 2026-02-28 at 1.03.44 PM(4)\" class=\"cms-lazy lazy-loading cms-radius-4 swiper-nav-vert img-cover\" style=\"max-height:267px\" loading=\"lazy\" \/><div class=\"cms-thumb-meta\"><a href=\"https:\/\/docdeletepr.com\/es\/category\/batteries\/\" rel=\"tag\">Batteries<\/a><\/div>                        <a href=\"https:\/\/docdeletepr.com\/es\/how-secure-document-destruction-supports-sustainable-business-practices\/\" class=\"cms-hover-more btn btn-secondary-lighten btn-hover-primary justify-content-between absolute abs-1\">\n                            Read More                            <i class=\"cmsi-edge-right-up rtl-flip\"><\/i>\n                        <\/a>\n                    <\/div>                    <div class=\"cms-content pt-35 bg-white\">\n                        <h4 class=\"cms-heading font-500 text-line-3\"><a href=\"https:\/\/docdeletepr.com\/es\/how-secure-document-destruction-supports-sustainable-business-practices\/\">How Secure Document Destruction Supports Sustainable Business Practices<\/a><\/h4>\n                        <div class=\"cms-excerpt text-15 pt-20 text-line-3\"><\/div>\n                        <div class=\"cms-post-meta cms-post-meta-1 d-flex gap-10\">\n                            <div class=\"date text-secondary-lighten\">abril 6, 2026<\/div>\n                            <div class=\"separator\"><\/div>\n                            <div class=\"author\"><a href=\"https:\/\/docdeletepr.com\/es\/author\/cgonzalez\/\" title=\"Posts by cgonzalez\" class=\"\" rel=\"author\">cgonzalez<\/a><\/div>\n                        <\/div>\n                    <\/div>\n                            <\/div>\n                    <div class=\"cms-item cms-hover-more-1 item-6\">\n                <div class=\"relative overflow-hidden\"><img loading=\"lazy\" width=\"400\" height=\"267\" data-src=\"https:\/\/docdeletepr.com\/wp-content\/uploads\/elementor\/thumbs\/Confidential_Waste-rjvb1ljcgx4eu4jcj2w9qadscx59h3zwkqj3mgiwry.webp\" title=\"Confidential_Waste\" alt=\"Confidential_Waste\" class=\"cms-lazy lazy-loading cms-radius-4 swiper-nav-vert img-cover\" style=\"max-height:267px\" loading=\"lazy\" \/><div class=\"cms-thumb-meta\"><a href=\"https:\/\/docdeletepr.com\/es\/category\/batteries\/\" rel=\"tag\">Batteries<\/a><\/div>                        <a href=\"https:\/\/docdeletepr.com\/es\/hipaa-compliant-document-destruction-a-complete-guide-for-healthcare-providers\/\" class=\"cms-hover-more btn btn-secondary-lighten btn-hover-primary justify-content-between absolute abs-1\">\n                            Read More                            <i class=\"cmsi-edge-right-up rtl-flip\"><\/i>\n                        <\/a>\n                    <\/div>                    <div class=\"cms-content pt-35 bg-white\">\n                        <h4 class=\"cms-heading font-500 text-line-3\"><a href=\"https:\/\/docdeletepr.com\/es\/hipaa-compliant-document-destruction-a-complete-guide-for-healthcare-providers\/\">HIPAA-Compliant Document Destruction: A Complete Guide for Healthcare Providers<\/a><\/h4>\n                        <div class=\"cms-excerpt text-15 pt-20 text-line-3\"><\/div>\n                        <div class=\"cms-post-meta cms-post-meta-1 d-flex gap-10\">\n                            <div class=\"date text-secondary-lighten\">abril 4, 2026<\/div>\n                            <div class=\"separator\"><\/div>\n                            <div class=\"author\"><a href=\"https:\/\/docdeletepr.com\/es\/author\/cgonzalez\/\" title=\"Posts by cgonzalez\" class=\"\" rel=\"author\">cgonzalez<\/a><\/div>\n                        <\/div>\n                    <\/div>\n                            <\/div>\n        <\/div>\n            <div class=\"cms-grid-pagination\" data-loadmore=\"{&quot;post_type&quot;:&quot;post&quot;,&quot;taxonomy&quot;:&quot;category&quot;,&quot;startPage&quot;:1,&quot;maxPages&quot;:2,&quot;total&quot;:8,&quot;perpage&quot;:&quot;6&quot;,&quot;nextLink&quot;:&quot;https:\\\/\\\/docdeletepr.com\\\/es\\\/wp-json\\\/wp\\\/v2\\\/pages\\\/37\\\/page\\\/2\\\/&quot;,&quot;pagination_type&quot;:&quot;pagination&quot;,&quot;layout&quot;:&quot;1&quot;,&quot;source&quot;:&quot;&quot;,&quot;orderby&quot;:&quot;date&quot;,&quot;order&quot;:&quot;desc&quot;,&quot;limit&quot;:&quot;6&quot;,&quot;thumbnail_size&quot;:&quot;custom&quot;,&quot;thumbnail_custom_dimension&quot;:{&quot;width&quot;:&quot;400&quot;,&quot;height&quot;:&quot;267&quot;},&quot;num_words&quot;:25,&quot;readmore_text&quot;:&quot;Read More&quot;,&quot;tax&quot;:[]}\" data-query=\"{&quot;post_type&quot;:&quot;post&quot;,&quot;post_status&quot;:&quot;publish&quot;,&quot;posts_per_page&quot;:6,&quot;order&quot;:&quot;desc&quot;,&quot;orderby&quot;:&quot;date&quot;,&quot;tax_query&quot;:{&quot;relation&quot;:&quot;OR&quot;},&quot;post__not_in&quot;:[37]}\">\n                        <nav class=\"navigation posts-pagination ajax\">\n                <div class=\"posts-page-links d-flex\">\n                    <span aria-current=\"page\" class=\"page-numbers current\">1<\/span>\n<a class=\"page-numbers\" href=\"#2\">2<\/a>\n<a class=\"next page-numbers\" href=\"#2\"><i class=\"cmsi-edge-right-up text-10 rtl-flip\"><\/i><\/a>                <\/div>\n            <\/nav>\n                <\/div>\n    <\/div>\t\t\t\t<\/div>\n\t\t\t\t<\/div>\n\t\t            <\/div>\r\n        <\/div>\r\n        \t\t\t<\/div>\r\n\t\t<\/section>\r\n\t\t\t\t<\/div>\n\t\t","protected":false},"excerpt":{"rendered":"<p>Batteries Read More testing March 27, 2026 cgonzalez Batteries Read More Dummy March 27, 2026 cgonzalez<\/p>","protected":false},"author":1,"featured_media":0,"parent":0,"menu_order":20,"comment_status":"closed","ping_status":"closed","template":"","meta":{"footnotes":""},"class_list":["post-37","page","type-page","status-publish","hentry"],"yoast_head":"<!-- This site is optimized with the Yoast SEO Premium plugin v25.8 (Yoast SEO v27.4) - https:\/\/yoast.com\/product\/yoast-seo-premium-wordpress\/ -->\n<title>Our Blog - Doc Delete PR<\/title>\n<meta name=\"robots\" content=\"index, follow, max-snippet:-1, max-image-preview:large, max-video-preview:-1\" \/>\n<link rel=\"canonical\" href=\"https:\/\/docdeletepr.com\/es\/blog\/\" \/>\n<meta property=\"og:locale\" content=\"es_ES\" \/>\n<meta property=\"og:type\" content=\"article\" \/>\n<meta property=\"og:title\" content=\"Our Blog\" \/>\n<meta property=\"og:description\" content=\"Locally owned business providing secure shredding and recycling services. With over 10 years in the industry, we serve clients across all Puerto Rico, protecting sensitive information with reliable and compliant solutions.\" \/>\n<meta property=\"og:url\" content=\"https:\/\/docdeletepr.com\/es\/blog\/\" \/>\n<meta property=\"og:site_name\" content=\"Doc Delete PR\" \/>\n<meta property=\"article:publisher\" content=\"https:\/\/www.facebook.com\/DocDeleteCorp\" \/>\n<meta property=\"article:modified_time\" content=\"2026-03-27T10:16:30+00:00\" \/>\n<meta property=\"og:image\" content=\"https:\/\/docdeletepr.com\/wp-content\/plugins\/elementor\/assets\/images\/placeholder.png\" \/>\n<meta name=\"twitter:card\" content=\"summary_large_image\" \/>\n<meta name=\"twitter:label1\" content=\"Tiempo de lectura\" \/>\n\t<meta name=\"twitter:data1\" content=\"1 minuto\" \/>\n<!-- \/ Yoast SEO Premium plugin. -->","yoast_head_json":{"title":"Our Blog - Doc Delete PR","robots":{"index":"index","follow":"follow","max-snippet":"max-snippet:-1","max-image-preview":"max-image-preview:large","max-video-preview":"max-video-preview:-1"},"canonical":"https:\/\/docdeletepr.com\/es\/blog\/","og_locale":"es_ES","og_type":"article","og_title":"Our Blog","og_description":"Locally owned business providing secure shredding and recycling services. With over 10 years in the industry, we serve clients across all Puerto Rico, protecting sensitive information with reliable and compliant solutions.","og_url":"https:\/\/docdeletepr.com\/es\/blog\/","og_site_name":"Doc Delete PR","article_publisher":"https:\/\/www.facebook.com\/DocDeleteCorp","article_modified_time":"2026-03-27T10:16:30+00:00","og_image":[{"url":"https:\/\/docdeletepr.com\/wp-content\/plugins\/elementor\/assets\/images\/placeholder.png","type":"","width":"","height":""}],"twitter_card":"summary_large_image","twitter_misc":{"Tiempo de lectura":"1 minuto"},"schema":{"@context":"https:\/\/schema.org","@graph":[{"@type":"WebPage","@id":"https:\/\/docdeletepr.com\/blog\/","url":"https:\/\/docdeletepr.com\/blog\/","name":"Our Blog - Doc Delete PR","isPartOf":{"@id":"https:\/\/docdeletepr.com\/#website"},"primaryImageOfPage":{"@id":"https:\/\/docdeletepr.com\/blog\/#primaryimage"},"image":{"@id":"https:\/\/docdeletepr.com\/blog\/#primaryimage"},"thumbnailUrl":"https:\/\/docdeletepr.com\/wp-content\/plugins\/elementor\/assets\/images\/placeholder.png","datePublished":"2023-06-01T01:12:57+00:00","dateModified":"2026-03-27T10:16:30+00:00","breadcrumb":{"@id":"https:\/\/docdeletepr.com\/blog\/#breadcrumb"},"inLanguage":"es","potentialAction":[{"@type":"ReadAction","target":["https:\/\/docdeletepr.com\/blog\/"]}]},{"@type":"ImageObject","inLanguage":"es","@id":"https:\/\/docdeletepr.com\/blog\/#primaryimage","url":"https:\/\/docdeletepr.com\/wp-content\/plugins\/elementor\/assets\/images\/placeholder.png","contentUrl":"https:\/\/docdeletepr.com\/wp-content\/plugins\/elementor\/assets\/images\/placeholder.png"},{"@type":"BreadcrumbList","@id":"https:\/\/docdeletepr.com\/blog\/#breadcrumb","itemListElement":[{"@type":"ListItem","position":1,"name":"Home","item":"https:\/\/docdeletepr.com\/"},{"@type":"ListItem","position":2,"name":"Our Blog"}]},{"@type":"WebSite","@id":"https:\/\/docdeletepr.com\/#website","url":"https:\/\/docdeletepr.com\/","name":"Doc Delete PR","description":"Shredding &amp; Recycling Company in Puerto Rico","publisher":{"@id":"https:\/\/docdeletepr.com\/#organization"},"potentialAction":[{"@type":"SearchAction","target":{"@type":"EntryPoint","urlTemplate":"https:\/\/docdeletepr.com\/?s={search_term_string}"},"query-input":{"@type":"PropertyValueSpecification","valueRequired":true,"valueName":"search_term_string"}}],"inLanguage":"es"},{"@type":"Organization","@id":"https:\/\/docdeletepr.com\/#organization","name":"Doc Delete PR","url":"https:\/\/docdeletepr.com\/","logo":{"@type":"ImageObject","inLanguage":"es","@id":"https:\/\/docdeletepr.com\/#\/schema\/logo\/image\/","url":"https:\/\/docdeletepr.com\/wp-content\/uploads\/2026\/02\/cropped-docdelete-logo-1.png","contentUrl":"https:\/\/docdeletepr.com\/wp-content\/uploads\/2026\/02\/cropped-docdelete-logo-1.png","width":1535,"height":1535,"caption":"Doc Delete PR"},"image":{"@id":"https:\/\/docdeletepr.com\/#\/schema\/logo\/image\/"},"sameAs":["https:\/\/www.facebook.com\/DocDeleteCorp","https:\/\/www.instagram.com\/docdeletepr\/","https:\/\/www.linkedin.com\/company\/docdelete\/","https:\/\/www.youtube.com\/channel\/UCo05WoahBYJgsLehcKwtF3A"],"description":"Doc Delete PR es una empresa local que ofrece servicios seguros de destrucci\u00f3n y reciclaje. Con m\u00e1s de 10 a\u00f1os de experiencia en la industria, atendemos a clientes en todo Puerto Rico, protegiendo informaci\u00f3n confidencial con soluciones confiables y que cumplen con las normas.","email":"info@docdeletepr.com","telephone":"787-900-5511"}]}},"_links":{"self":[{"href":"https:\/\/docdeletepr.com\/es\/wp-json\/wp\/v2\/pages\/37","targetHints":{"allow":["GET"]}}],"collection":[{"href":"https:\/\/docdeletepr.com\/es\/wp-json\/wp\/v2\/pages"}],"about":[{"href":"https:\/\/docdeletepr.com\/es\/wp-json\/wp\/v2\/types\/page"}],"author":[{"embeddable":true,"href":"https:\/\/docdeletepr.com\/es\/wp-json\/wp\/v2\/users\/1"}],"replies":[{"embeddable":true,"href":"https:\/\/docdeletepr.com\/es\/wp-json\/wp\/v2\/comments?post=37"}],"version-history":[{"count":4,"href":"https:\/\/docdeletepr.com\/es\/wp-json\/wp\/v2\/pages\/37\/revisions"}],"predecessor-version":[{"id":1408,"href":"https:\/\/docdeletepr.com\/es\/wp-json\/wp\/v2\/pages\/37\/revisions\/1408"}],"wp:attachment":[{"href":"https:\/\/docdeletepr.com\/es\/wp-json\/wp\/v2\/media?parent=37"}],"curies":[{"name":"wp","href":"https:\/\/api.w.org\/{rel}","templated":true}]}}