{"id":591,"date":"2026-02-26T19:13:57","date_gmt":"2026-02-26T19:13:57","guid":{"rendered":"https:\/\/docdeletepr.com\/?page_id=591"},"modified":"2026-02-26T20:06:33","modified_gmt":"2026-02-27T00:06:33","slug":"why-shred","status":"publish","type":"page","link":"https:\/\/docdeletepr.com\/es\/why-shred\/","title":{"rendered":"\u00bfPor Qu\u00e9 Triturar?"},"content":{"rendered":"<div data-elementor-type=\"wp-page\" data-elementor-id=\"591\" class=\"elementor elementor-591\">\n\t\t\t\t\t\t<section class=\"elementor-section elementor-top-section elementor-element elementor-element-6184560 elementor-section-full_width elementor-section-height-default elementor-section-height-default cms-full-content-with-space-none cms-section-banner-no\" data-id=\"6184560\" data-element_type=\"section\" data-e-type=\"section\">\r\n\t\t\t<div class=\"cms-section-banner cms-section-banner-no cms-gradient- relative\"><div class=\"cms-gradient-render\"><\/div><\/div>\t\t\t<div class=\"elementor-container elementor-column-gap-no\" >\r\n\t\t\t        <div class=\"elementor-column elementor-col-100 elementor-top-column elementor-element elementor-element-4d8e1ae\" data-id=\"4d8e1ae\" data-element_type=\"column\" data-e-type=\"column\">\r\n            <div class=\"elementor-widget-wrap elementor-element-populated\">\r\n                \t\t<div class=\"elementor-element elementor-element-3f4f907 cms-eptitle-overlay-1 elementor-widget elementor-widget-cms_page_title\" data-id=\"3f4f907\" data-element_type=\"widget\" data-e-type=\"widget\" data-widget_type=\"cms_page_title.default\">\n\t\t\t\t<div class=\"elementor-widget-container\">\n\t\t\t\t\t<img width=\"\" height=\"\" data-src=\"https:\/\/docdeletepr.com\/wp-content\/uploads\/2026\/02\/shredded-paper-white-background-close-up-scaled.jpg\" title=\"El papel desmenuzado en el fondo blanco de cerca\" alt=\"Shredded paper on white background close up photo\" class=\"cms-lazy lazy-loading img-cover cms-overlay\" loading=\"lazy\" \/><div class=\"cms-eptitle-overlay cms-overlay\"><\/div><div class=\"cms-eptitle cms-eptitle-4\">\n\t<div class=\"cms-content relative z-top container\">\n\t\t<div class=\"cms--content\">\n\t\t\t<h1 class=\"cms-title text-75 text-tablet-50 text-mobile-40 font-700 lh-1066 text-white w-100\">\u00bfPor Qu\u00e9 Triturar?<\/h1>\n\t\t<\/div>\n\t<\/div>\n<\/div>\t\t\t\t<\/div>\n\t\t\t\t<\/div>\n\t\t            <\/div>\r\n        <\/div>\r\n        \t\t\t<\/div>\r\n\t\t<\/section>\r\n\t\t\t\t<section class=\"elementor-section elementor-top-section elementor-element elementor-element-ba5f931 pt-110 pb-80 p-tb-tablet-40 elementor-section-boxed elementor-section-height-default elementor-section-height-default cms-section-banner-no\" data-id=\"ba5f931\" data-element_type=\"section\" data-e-type=\"section\">\r\n\t\t\t<div class=\"cms-section-banner cms-section-banner-no cms-gradient- relative\"><div class=\"cms-gradient-render\"><\/div><\/div>\t\t\t<div class=\"elementor-container elementor-column-gap-default\" >\r\n\t\t\t        <div class=\"elementor-column elementor-col-100 elementor-top-column elementor-element elementor-element-c39a978\" data-id=\"c39a978\" data-element_type=\"column\" data-e-type=\"column\">\r\n            <div class=\"elementor-widget-wrap elementor-element-populated\">\r\n                \t\t<div class=\"elementor-element elementor-element-ffbf639 elementor-widget__width-initial pb-45 elementor-invisible elementor-widget elementor-widget-cms_heading\" data-id=\"ffbf639\" data-element_type=\"widget\" data-e-type=\"widget\" data-settings=\"{&quot;_animation&quot;:&quot;fadeInUp&quot;}\" data-widget_type=\"cms_heading.default\">\n\t\t\t\t<div class=\"elementor-widget-container\">\n\t\t\t\t\t<div class=\"cms-eheading cms-eheading-1 text-center\">\n\t<div class=\"cms-smallheading empty-none font-700 text-16 text-primary pb-10 mt-n7\"><\/div>\n\t<h2 class=\"cms-heading empty-none text-\">La destrucci\u00f3n de papel es la soluci\u00f3n segura<\/h2>\n<\/div>\t\t\t\t<\/div>\n\t\t\t\t<\/div>\n\t\t\t\t<div class=\"elementor-element elementor-element-f80a1bf pt-25 elementor-invisible elementor-widget elementor-widget-cms_heading\" data-id=\"f80a1bf\" data-element_type=\"widget\" data-e-type=\"widget\" data-settings=\"{&quot;_animation&quot;:&quot;fadeInUp&quot;}\" data-widget_type=\"cms_heading.default\">\n\t\t\t\t<div class=\"elementor-widget-container\">\n\t\t\t\t\t<div class=\"cms-eheading cms-eheading-3 text-start\">\n\t<h2 class=\"cms-heading text-24 font-700 text- empty-none\"><\/h2>\n\t<div class=\"cms-desc pt-15 empty-none text-\">Todas las empresas en Puerto Rico y las Islas V\u00edrgenes recopilan y distribuyen documentos que contienen informaci\u00f3n sensible y confidencial. Gran parte de estos registros incluye informaci\u00f3n crucial sobre clientes, empleados y planes\/contratos comerciales espec\u00edficos que deben protegerse en todo momento.<br \/>\n<br \/>\nEl robo de identidad y la exposici\u00f3n no autorizada de informaci\u00f3n privada siguen aumentando y, lamentablemente, pueden tener efectos perjudiciales para personas o empresas. El \u00fanico m\u00e9todo de seguridad que garantiza la irrecuperabilidad de los documentos es mediante servicios profesionales de destrucci\u00f3n de papel. La informaci\u00f3n que se desecha en un contenedor de reciclaje o de basura abierto deja a su empresa muy vulnerable a amenazas externas.<\/div>\n<\/div>\t\t\t\t<\/div>\n\t\t\t\t<\/div>\n\t\t\t\t<div class=\"elementor-element elementor-element-f3a822b elementor-widget__width-initial pb-45 elementor-invisible elementor-widget elementor-widget-cms_heading\" data-id=\"f3a822b\" data-element_type=\"widget\" data-e-type=\"widget\" data-settings=\"{&quot;_animation&quot;:&quot;fadeInUp&quot;}\" data-widget_type=\"cms_heading.default\">\n\t\t\t\t<div class=\"elementor-widget-container\">\n\t\t\t\t\t<div class=\"cms-eheading cms-eheading-1 text-center\">\n\t<div class=\"cms-smallheading empty-none font-700 text-16 text-primary pb-10 mt-n7\"><\/div>\n\t<h2 class=\"cms-heading empty-none text-\">Por Qu\u00e9 Usted Debe Destruir Sus Documentos<\/h2>\n<\/div>\t\t\t\t<\/div>\n\t\t\t\t<\/div>\n\t\t\t\t<div class=\"elementor-element elementor-element-28cca96 pt-25 elementor-invisible elementor-widget elementor-widget-cms_heading\" data-id=\"28cca96\" data-element_type=\"widget\" data-e-type=\"widget\" data-settings=\"{&quot;_animation&quot;:&quot;fadeInUp&quot;}\" data-widget_type=\"cms_heading.default\">\n\t\t\t\t<div class=\"elementor-widget-container\">\n\t\t\t\t\t<div class=\"cms-eheading cms-eheading-3 text-start\">\n\t<h2 class=\"cms-heading text-24 font-700 text- empty-none\">Mantener la seguridad de su Empresa<\/h2>\n\t<div class=\"cms-desc pt-15 empty-none text-\">Cualquier registro comercial que haya llegado al final de su vida \u00fatil o que simplemente ya no sea necesario debe destruirse completamente antes de desecharlo. Los registros confidenciales que terminan en el contenedor de basura local dejan de ser privados y se consideran p\u00fablicos, y cualquiera puede recuperarlos si tiene inter\u00e9s. Desafortunadamente, esto significa que es completamente legal que los residentes de Puerto Rico hurguen en su contenedor de basura si as\u00ed lo desean. Hurgar en contenedores de basura es un acto legal y puede proporcionar a los ladrones de identidad una gran cantidad de datos cr\u00edticos.<br \/>\n<br \/>\nTomar las medidas preventivas necesarias es el primer paso y el m\u00e1s importante, en la obtenci\u00f3n de su negocio a partir de la informaci\u00f3n de robo o fraude. Espec\u00edficamente, todos los documentos importantes que han llegado al final de su ciclo de vida debe ser almacenada en un seguro, con cierre de contenedores de recogida hasta que son recogidos por la destrucci\u00f3n. Estos triturar contenedores de ayuda a limitar la oficina de desorden mientras que proporciona un lugar f\u00e1cil para el personal de deshacerse de sus expedientes confidenciales. Los documentos que est\u00e1n bloqueados fuera de la exposici\u00f3n permanecer\u00e1 protegida de que se pierdan o se la roban y ayudar con la organizaci\u00f3n. Asegurarse de que su Puerto Rico negocio est\u00e1 protegido; ser proactivo regularmente la trituraci\u00f3n de todos los documentos que contengan privado modales.<\/div>\n<\/div>\t\t\t\t<\/div>\n\t\t\t\t<\/div>\n\t\t\t\t<div class=\"elementor-element elementor-element-16f4992 pt-25 elementor-invisible elementor-widget elementor-widget-cms_heading\" data-id=\"16f4992\" data-element_type=\"widget\" data-e-type=\"widget\" data-settings=\"{&quot;_animation&quot;:&quot;fadeInUp&quot;}\" data-widget_type=\"cms_heading.default\">\n\t\t\t\t<div class=\"elementor-widget-container\">\n\t\t\t\t\t<div class=\"cms-eheading cms-eheading-3 text-start\">\n\t<h2 class=\"cms-heading text-24 font-700 text- empty-none\">Es la Ley<\/h2>\n\t<div class=\"cms-desc pt-15 empty-none text-\">Con m\u00e1s de 40 leyes federales exigen que todas las organizaciones, centros de salud, instituciones financieras y de salvaguardar la informaci\u00f3n confidencial de sus clientes, los clientes,los empleados y los pacientes, simplemente es necesario que se establezca un papel trituraci\u00f3n programa. El no hacerlo puede exponer a su empresa a importantes multas, la publicidad negativa y la p\u00e9rdida de negocio.<br \/>\n<br \/>\nCurso de trituraci\u00f3n de papel no es s\u00f3lo una pr\u00e1ctica inteligente es legal as\u00ed. En Puerto Rico y en los Estados unidos, hay varias regulaciones que exigen que su empresa fija sus registros del negocio en todo momento, espec\u00edficamente de los archivos en relaci\u00f3n a los empleados o clientes.<br \/>\n<br \/>\nLa privacidad es tan f\u00e1cilmente comprometida. Cualquier persona que pase por la papelera de reciclaje, un contenedor de basura, el lobby de un hotel cesto de basura es capaz de recoger m\u00e1s informaci\u00f3n de lo que cabr\u00eda esperar. Como resultado, el gobierno ha instituido leyes para proteger la informaci\u00f3n privada de los clientes, empleados, pacientes y clientes. Estas leyes requieren que las empresas triture los documentos, crear papel de la trituraci\u00f3n de las pol\u00edticas de la compa\u00f1\u00eda o enfrentar sanciones.<br \/>\n<br \/>\nEl momento de empezar a hacer negocios con clientes o contratar a un empleado, hay un contrato impl\u00edcito para proteger la informaci\u00f3n basada en el hecho de que ha recopilado datos de ellos. En algunas industrias, como la salud y de los servicios financieros, hay leyes que la demanda de todos estos datos ser\u00e1n destruidos.<br \/>\n<br \/>\nPara mantener el cumplimiento con estas leyes de privacidad, es crucial que usted segura de destruir todos sensible y archivos obsoletos. Doc Eliminar provee a los profesionales de papel, trituraci\u00f3n de soluciones que son costo-efectivas, proporcionar la paz de la mente, y lo que es m\u00e1s importante asegurarse de que su negocio sigue siendo compatible con las leyes de privacidad.<br \/>\n<br \/>\nUsted tiene un requisito legal para proteger la privacidad de sus empleados y clientes; usted debe entender completamente el particular, los reglamentos y las implicaciones de cada uno de estos tiene:<br \/>\n<br \/>\n\u2022 La Health Insurance Portability and Accountability Act (HIPAA) Ordenado en 1995, esta ley obliga a que la industria de la salud los profesionales de la triturar bien todos los documentos paciente.<br \/>\n\u2022 La distribuci\u00f3n Justa y Precisa de la Ley de Transacciones de Cr\u00e9dito (FACTA), creada en 2003, esto comenz\u00f3 en un esfuerzo para reducir los riesgos de robo de identidad, dictando que las empresas triturar toda la informaci\u00f3n del cliente que ya no se almacenan.<br \/>\n\u2022 La ley Gramm-Leach-Bliley (GLBA), Promulgada en 1999, esta ley est\u00e1 en su lugar para asegurar que todas las instituciones financieras debidamente proteger la privacidad de la informaci\u00f3n del consumidor, a trav\u00e9s de documentos seguro de almacenamiento y los m\u00e9todos de disposici\u00f3n; esto se refiere tambi\u00e9n al papel de la trituraci\u00f3n.<br \/>\nReducir el riesgo de una violaci\u00f3n de seguridad; en caso de duda, siempre triturar. Casi la mitad de las brechas de seguridad reportados en los Estados unidos provienen de hurgar en la basura. Si los documentos sensibles se destruyen, no hay nada en la papelera para los ladrones de datos y reduce su riesgo de incumplimiento.<\/div>\n<\/div>\t\t\t\t<\/div>\n\t\t\t\t<\/div>\n\t\t\t\t<div class=\"elementor-element elementor-element-e1f2bed pt-25 elementor-invisible elementor-widget elementor-widget-cms_heading\" data-id=\"e1f2bed\" data-element_type=\"widget\" data-e-type=\"widget\" data-settings=\"{&quot;_animation&quot;:&quot;fadeInUp&quot;}\" data-widget_type=\"cms_heading.default\">\n\t\t\t\t<div class=\"elementor-widget-container\">\n\t\t\t\t\t<div class=\"cms-eheading cms-eheading-3 text-start\">\n\t<h2 class=\"cms-heading text-24 font-700 text- empty-none\">Reducir El Impacto Ambiental<\/h2>\n\t<div class=\"cms-desc pt-15 empty-none text-\">Se dice que cada persona genera aproximadamente 6.4 libras de basura cada d\u00eda; como resultado de ello, no es de extra\u00f1ar que las empresas est\u00e1n buscando pr\u00e1cticas m\u00e1s sostenibles que adem\u00e1s de garantizar su seguridad no est\u00e1 en peligro.<br \/>\n<br \/>\nEn Doc Delete, consideramos nuestro impacto ambiental en todo lo que hacemos. Reciclar todas las part\u00edculas de papel tras el proceso de trituraci\u00f3n segura es solo una de las maneras en que reducimos nuestra huella de carbono. De hecho, reciclamos el 100 % del papel que trituramos.<br \/>\n<br \/>\nAl trabajar con Doc Delete para la destrucci\u00f3n de papel, contribuye a un Puerto Rico m\u00e1s verde. Adem\u00e1s de la tranquilidad de saber que sus datos han sido destruidos de forma segura, su empresa contribuir\u00e1 al medio ambiente de las siguientes maneras:<br \/>\n<br \/>\n\u2022 Poner fin a las emisiones de gases de efecto invernadero y los contaminantes del agua<br \/>\n\u2022 Reducir la necesidad de los vertederos y las incineradoras<br \/>\n\u2022 Ofrecer valiosas materias primas para la industria<br \/>\n\u2022 Promover el desarrollo de tecnolog\u00edas m\u00e1s ecol\u00f3gicas<\/div>\n<\/div>\t\t\t\t<\/div>\n\t\t\t\t<\/div>\n\t\t            <\/div>\r\n        <\/div>\r\n        \t\t\t<\/div>\r\n\t\t<\/section>\r\n\t\t\t\t<\/div>","protected":false},"excerpt":{"rendered":"<p>Why Shred Paper Shredding Is the Secure Solution Each and every company in Puerto Rico and The Virgin Islands cumulates, and circulates documents that contain sensitive and confidential material. A bulk of these records includes critical details surrounding customers, employees, and specific business plans\/contracts that need to be protected at all times. Identity theft and [&hellip;]<\/p>\n","protected":false},"author":1,"featured_media":0,"parent":0,"menu_order":5,"comment_status":"closed","ping_status":"closed","template":"","meta":{"footnotes":""},"class_list":["post-591","page","type-page","status-publish","hentry"],"yoast_head":"<!-- This site is optimized with the Yoast SEO Premium plugin v25.8 (Yoast SEO v27.4) - https:\/\/yoast.com\/product\/yoast-seo-premium-wordpress\/ -->\n<title>Why Shred - Doc Delete PR<\/title>\n<meta name=\"robots\" content=\"index, follow, max-snippet:-1, max-image-preview:large, max-video-preview:-1\" \/>\n<link rel=\"canonical\" href=\"https:\/\/docdeletepr.com\/es\/why-shred\/\" \/>\n<meta property=\"og:locale\" content=\"es_ES\" \/>\n<meta property=\"og:type\" content=\"article\" \/>\n<meta property=\"og:title\" content=\"Why Shred\" \/>\n<meta property=\"og:description\" content=\"Locally owned business providing secure shredding and recycling services. With over 10 years in the industry, we serve clients across all Puerto Rico, protecting sensitive information with reliable and compliant solutions.\" \/>\n<meta property=\"og:url\" content=\"https:\/\/docdeletepr.com\/es\/why-shred\/\" \/>\n<meta property=\"og:site_name\" content=\"Doc Delete PR\" \/>\n<meta property=\"article:publisher\" content=\"https:\/\/www.facebook.com\/DocDeleteCorp\" \/>\n<meta property=\"article:modified_time\" content=\"2026-02-27T00:06:33+00:00\" \/>\n<meta property=\"og:image\" content=\"https:\/\/docdeletepr.com\/wp-content\/uploads\/2026\/02\/shredded-paper-white-background-close-up-scaled.jpg\" \/>\n<meta name=\"twitter:card\" content=\"summary_large_image\" \/>\n<meta name=\"twitter:label1\" content=\"Tiempo de lectura\" \/>\n\t<meta name=\"twitter:data1\" content=\"5 minutos\" \/>\n<!-- \/ Yoast SEO Premium plugin. -->","yoast_head_json":{"title":"Why Shred - Doc Delete PR","robots":{"index":"index","follow":"follow","max-snippet":"max-snippet:-1","max-image-preview":"max-image-preview:large","max-video-preview":"max-video-preview:-1"},"canonical":"https:\/\/docdeletepr.com\/es\/why-shred\/","og_locale":"es_ES","og_type":"article","og_title":"Why Shred","og_description":"Locally owned business providing secure shredding and recycling services. With over 10 years in the industry, we serve clients across all Puerto Rico, protecting sensitive information with reliable and compliant solutions.","og_url":"https:\/\/docdeletepr.com\/es\/why-shred\/","og_site_name":"Doc Delete PR","article_publisher":"https:\/\/www.facebook.com\/DocDeleteCorp","article_modified_time":"2026-02-27T00:06:33+00:00","og_image":[{"url":"https:\/\/docdeletepr.com\/wp-content\/uploads\/2026\/02\/shredded-paper-white-background-close-up-scaled.jpg","type":"","width":"","height":""}],"twitter_card":"summary_large_image","twitter_misc":{"Tiempo de lectura":"5 minutos"},"schema":{"@context":"https:\/\/schema.org","@graph":[{"@type":"WebPage","@id":"https:\/\/docdeletepr.com\/why-shred\/","url":"https:\/\/docdeletepr.com\/why-shred\/","name":"Why Shred - Doc Delete PR","isPartOf":{"@id":"https:\/\/docdeletepr.com\/#website"},"primaryImageOfPage":{"@id":"https:\/\/docdeletepr.com\/why-shred\/#primaryimage"},"image":{"@id":"https:\/\/docdeletepr.com\/why-shred\/#primaryimage"},"thumbnailUrl":"https:\/\/docdeletepr.com\/wp-content\/uploads\/2026\/02\/shredded-paper-white-background-close-up-scaled.jpg","datePublished":"2026-02-26T19:13:57+00:00","dateModified":"2026-02-27T00:06:33+00:00","breadcrumb":{"@id":"https:\/\/docdeletepr.com\/why-shred\/#breadcrumb"},"inLanguage":"es","potentialAction":[{"@type":"ReadAction","target":["https:\/\/docdeletepr.com\/why-shred\/"]}]},{"@type":"ImageObject","inLanguage":"es","@id":"https:\/\/docdeletepr.com\/why-shred\/#primaryimage","url":"https:\/\/docdeletepr.com\/wp-content\/uploads\/2026\/02\/shredded-paper-white-background-close-up-scaled.jpg","contentUrl":"https:\/\/docdeletepr.com\/wp-content\/uploads\/2026\/02\/shredded-paper-white-background-close-up-scaled.jpg"},{"@type":"BreadcrumbList","@id":"https:\/\/docdeletepr.com\/why-shred\/#breadcrumb","itemListElement":[{"@type":"ListItem","position":1,"name":"Home","item":"https:\/\/docdeletepr.com\/"},{"@type":"ListItem","position":2,"name":"Why Shred"}]},{"@type":"WebSite","@id":"https:\/\/docdeletepr.com\/#website","url":"https:\/\/docdeletepr.com\/","name":"Doc Delete PR","description":"Shredding &amp; Recycling Company in Puerto Rico","publisher":{"@id":"https:\/\/docdeletepr.com\/#organization"},"potentialAction":[{"@type":"SearchAction","target":{"@type":"EntryPoint","urlTemplate":"https:\/\/docdeletepr.com\/?s={search_term_string}"},"query-input":{"@type":"PropertyValueSpecification","valueRequired":true,"valueName":"search_term_string"}}],"inLanguage":"es"},{"@type":"Organization","@id":"https:\/\/docdeletepr.com\/#organization","name":"Doc Delete PR","url":"https:\/\/docdeletepr.com\/","logo":{"@type":"ImageObject","inLanguage":"es","@id":"https:\/\/docdeletepr.com\/#\/schema\/logo\/image\/","url":"https:\/\/docdeletepr.com\/wp-content\/uploads\/2026\/02\/cropped-docdelete-logo-1.png","contentUrl":"https:\/\/docdeletepr.com\/wp-content\/uploads\/2026\/02\/cropped-docdelete-logo-1.png","width":1535,"height":1535,"caption":"Doc Delete PR"},"image":{"@id":"https:\/\/docdeletepr.com\/#\/schema\/logo\/image\/"},"sameAs":["https:\/\/www.facebook.com\/DocDeleteCorp","https:\/\/www.instagram.com\/docdeletepr\/","https:\/\/www.linkedin.com\/company\/docdelete\/","https:\/\/www.youtube.com\/channel\/UCo05WoahBYJgsLehcKwtF3A"],"description":"Doc Delete PR es una empresa local que ofrece servicios seguros de destrucci\u00f3n y reciclaje. Con m\u00e1s de 10 a\u00f1os de experiencia en la industria, atendemos a clientes en todo Puerto Rico, protegiendo informaci\u00f3n confidencial con soluciones confiables y que cumplen con las normas.","email":"info@docdeletepr.com","telephone":"787-900-5511"}]}},"_links":{"self":[{"href":"https:\/\/docdeletepr.com\/es\/wp-json\/wp\/v2\/pages\/591","targetHints":{"allow":["GET"]}}],"collection":[{"href":"https:\/\/docdeletepr.com\/es\/wp-json\/wp\/v2\/pages"}],"about":[{"href":"https:\/\/docdeletepr.com\/es\/wp-json\/wp\/v2\/types\/page"}],"author":[{"embeddable":true,"href":"https:\/\/docdeletepr.com\/es\/wp-json\/wp\/v2\/users\/1"}],"replies":[{"embeddable":true,"href":"https:\/\/docdeletepr.com\/es\/wp-json\/wp\/v2\/comments?post=591"}],"version-history":[{"count":7,"href":"https:\/\/docdeletepr.com\/es\/wp-json\/wp\/v2\/pages\/591\/revisions"}],"predecessor-version":[{"id":943,"href":"https:\/\/docdeletepr.com\/es\/wp-json\/wp\/v2\/pages\/591\/revisions\/943"}],"wp:attachment":[{"href":"https:\/\/docdeletepr.com\/es\/wp-json\/wp\/v2\/media?parent=591"}],"curies":[{"name":"wp","href":"https:\/\/api.w.org\/{rel}","templated":true}]}}