{"id":593,"date":"2026-02-26T19:14:32","date_gmt":"2026-02-26T19:14:32","guid":{"rendered":"https:\/\/docdeletepr.com\/?page_id=593"},"modified":"2026-02-26T20:36:24","modified_gmt":"2026-02-27T00:36:24","slug":"shred-days","status":"publish","type":"page","link":"https:\/\/docdeletepr.com\/es\/why-shred\/shred-days\/","title":{"rendered":"D\u00edas de Trituraci\u00f3n"},"content":{"rendered":"<div data-elementor-type=\"wp-page\" data-elementor-id=\"593\" class=\"elementor elementor-593\">\n\t\t\t\t\t\t<section class=\"elementor-section elementor-top-section elementor-element elementor-element-6184560 elementor-section-full_width elementor-section-height-default elementor-section-height-default cms-full-content-with-space-none cms-section-banner-no\" data-id=\"6184560\" data-element_type=\"section\" data-e-type=\"section\">\r\n\t\t\t<div class=\"cms-section-banner cms-section-banner-no cms-gradient- relative\"><div class=\"cms-gradient-render\"><\/div><\/div>\t\t\t<div class=\"elementor-container elementor-column-gap-no\" >\r\n\t\t\t        <div class=\"elementor-column elementor-col-100 elementor-top-column elementor-element elementor-element-4d8e1ae\" data-id=\"4d8e1ae\" data-element_type=\"column\" data-e-type=\"column\">\r\n            <div class=\"elementor-widget-wrap elementor-element-populated\">\r\n                \t\t<div class=\"elementor-element elementor-element-3f4f907 cms-eptitle-overlay-1 elementor-widget elementor-widget-cms_page_title\" data-id=\"3f4f907\" data-element_type=\"widget\" data-e-type=\"widget\" data-widget_type=\"cms_page_title.default\">\n\t\t\t\t<div class=\"elementor-widget-container\">\n\t\t\t\t\t<img width=\"\" height=\"\" data-src=\"https:\/\/docdeletepr.com\/wp-content\/uploads\/2026\/02\/Shred-day.jpg\" title=\"Shred-d\u00eda\" alt=\"Shred-d\u00eda\" class=\"cms-lazy lazy-loading img-cover cms-overlay\" loading=\"lazy\" \/><div class=\"cms-eptitle-overlay cms-overlay\"><\/div><div class=\"cms-eptitle cms-eptitle-4\">\n\t<div class=\"cms-content relative z-top container\">\n\t\t<div class=\"cms--content\">\n\t\t\t<h1 class=\"cms-title text-75 text-tablet-50 text-mobile-40 font-700 lh-1066 text-white w-100\">D\u00edas de Trituraci\u00f3n<\/h1>\n\t\t<\/div>\n\t<\/div>\n<\/div>\t\t\t\t<\/div>\n\t\t\t\t<\/div>\n\t\t            <\/div>\r\n        <\/div>\r\n        \t\t\t<\/div>\r\n\t\t<\/section>\r\n\t\t\t\t<section class=\"elementor-section elementor-top-section elementor-element elementor-element-1c3829a pt-110 pb-80 p-tb-tablet-40 elementor-section-boxed elementor-section-height-default elementor-section-height-default cms-section-banner-no\" data-id=\"1c3829a\" data-element_type=\"section\" data-e-type=\"section\">\r\n\t\t\t<div class=\"cms-section-banner cms-section-banner-no cms-gradient- relative\"><div class=\"cms-gradient-render\"><\/div><\/div>\t\t\t<div class=\"elementor-container elementor-column-gap-default\" >\r\n\t\t\t        <div class=\"elementor-column elementor-col-100 elementor-top-column elementor-element elementor-element-44171b0\" data-id=\"44171b0\" data-element_type=\"column\" data-e-type=\"column\">\r\n            <div class=\"elementor-widget-wrap elementor-element-populated\">\r\n                \t\t<div class=\"elementor-element elementor-element-bb4427e elementor-widget__width-initial pb-45 elementor-invisible elementor-widget elementor-widget-cms_heading\" data-id=\"bb4427e\" data-element_type=\"widget\" data-e-type=\"widget\" data-settings=\"{&quot;_animation&quot;:&quot;fadeInUp&quot;}\" data-widget_type=\"cms_heading.default\">\n\t\t\t\t<div class=\"elementor-widget-container\">\n\t\t\t\t\t<div class=\"cms-eheading cms-eheading-1 text-center\">\n\t<div class=\"cms-smallheading empty-none font-700 text-16 text-primary pb-10 mt-n7\"><\/div>\n\t<h2 class=\"cms-heading empty-none text-\">Destrucci\u00f3n segura con Doc Delete<\/h2>\n<\/div>\t\t\t\t<\/div>\n\t\t\t\t<\/div>\n\t\t\t\t<div class=\"elementor-element elementor-element-ec23788 pt-25 elementor-invisible elementor-widget elementor-widget-cms_heading\" data-id=\"ec23788\" data-element_type=\"widget\" data-e-type=\"widget\" data-settings=\"{&quot;_animation&quot;:&quot;fadeInUp&quot;}\" data-widget_type=\"cms_heading.default\">\n\t\t\t\t<div class=\"elementor-widget-container\">\n\t\t\t\t\t<div class=\"cms-eheading cms-eheading-3 text-start\">\n\t<h2 class=\"cms-heading text-24 font-700 text- empty-none\">D\u00edas de Trituraci\u00f3n<\/h2>\n\t<div class=\"cms-desc pt-15 empty-none text-\">\u00bfHas vivido alguna vez un D\u00eda de Destruci\u00f3n? \u00bfQuieres demostrarle a tu comunidad que eres una organizaci\u00f3n solidaria y preocupada por la seguridad p\u00fablica? \u00a1Ayuda a protegerte a ti mismo, a tu negocio y a tus vecinos del robo de identidad colaborando con Doc Delete para celebrar un D\u00eda de Destruci\u00f3n!<br \/>\n<br \/>\nEs la soluci\u00f3n m\u00e1s f\u00e1cil y eficiente para que residentes y empresas de Puerto Rico se unan para deshacerse de informaci\u00f3n confidencial. Con demasiada frecuencia, los documentos financieros y otros archivos personales se desechan en contenedores de reciclaje y basura por conveniencia. Desafortunadamente, al hacerlo, su informaci\u00f3n cr\u00edtica queda expuesta a miradas indiscretas. Los documentos simplemente no est\u00e1n seguros si se desechan en la basura o en el contenedor de reciclaje; no se arriesgue a esta exposici\u00f3n; siempre opte por la destrucci\u00f3n segura.<br \/>\n<br \/>\nDoc Delete le anima a reunir sus documentos y archivos confidenciales antiguos para una destrucci\u00f3n segura y confidencial ante sus ojos. Adem\u00e1s, puede destruir y reciclar sus antiguos registros de impuestos, facturas, extractos bancarios y otros documentos confidenciales.<br \/>\n<br \/>\n\u00a1\u00danete a otras empresas locales y divi\u00e9rtete!<\/div>\n<\/div>\t\t\t\t<\/div>\n\t\t\t\t<\/div>\n\t\t            <\/div>\r\n        <\/div>\r\n        \t\t\t<\/div>\r\n\t\t<\/section>\r\n\t\t\t\t<section class=\"elementor-section elementor-top-section elementor-element elementor-element-e01a254 pt-100 pb-80 p-tb-tablet-40 elementor-section-boxed elementor-section-height-default elementor-section-height-default cms-section-banner-no\" data-id=\"e01a254\" data-element_type=\"section\" data-e-type=\"section\">\r\n\t\t\t<div class=\"cms-section-banner cms-section-banner-no cms-gradient- relative\"><div class=\"cms-gradient-render\"><\/div><\/div>\t\t\t<div class=\"elementor-container elementor-column-gap-default\" >\r\n\t\t\t        <div class=\"elementor-column elementor-col-100 elementor-top-column elementor-element elementor-element-43652fd\" data-id=\"43652fd\" data-element_type=\"column\" data-e-type=\"column\">\r\n            <div class=\"elementor-widget-wrap elementor-element-populated\">\r\n                \t\t<div class=\"elementor-element elementor-element-3c864c9 elementor-widget__width-initial pb-15 elementor-invisible elementor-widget elementor-widget-cms_heading\" data-id=\"3c864c9\" data-element_type=\"widget\" data-e-type=\"widget\" data-settings=\"{&quot;_animation&quot;:&quot;fadeInUp&quot;}\" data-widget_type=\"cms_heading.default\">\n\t\t\t\t<div class=\"elementor-widget-container\">\n\t\t\t\t\t<div class=\"cms-eheading cms-eheading-1 text-center\">\n\t<div class=\"cms-smallheading empty-none font-700 text-16 text-primary pb-10 mt-n7\">\u00bfEst\u00e1s organizando un d\u00eda de trituraci\u00f3n?<\/div>\n\t<h2 class=\"cms-heading empty-none text-\">Considerar los pasos a continuaci\u00f3n.<\/h2>\n<\/div>\t\t\t\t<\/div>\n\t\t\t\t<\/div>\n\t\t\t\t<div class=\"elementor-element elementor-element-18b0b15 elementor-invisible elementor-widget elementor-widget-cms_howitwork\" data-id=\"18b0b15\" data-element_type=\"widget\" data-e-type=\"widget\" data-settings=\"{&quot;_animation&quot;:&quot;fadeInUp&quot;}\" data-widget_type=\"cms_howitwork.default\">\n\t\t\t\t<div class=\"elementor-widget-container\">\n\t\t\t\t\t\n<div class=\"cms-hiw cms-hiw-3 d-flex flex-col-4 flex-col-tablet-extra-2 flex-col-smobile-1\">\n\t\t\t<div id=\"cms-ccd1001\" class=\"hiw-item relative bdr-1 bdr-border cms-hover-change\">\n\t\t\t\t\t\t\t\t<div class=\"hiw-item-arrow cms-box-48 circle absolute center-right cms-transition z-top mr bg-secondary-lighten9 text-secondary\" style=\"--mr:-24px; --cms-arrow-shadow:var(--cms-secondary-lighten9)\"><span class=\"cmsi cmsi-arrow-right text-10\"><\/span><\/div>\n\t\t\t\t\t\t<div class=\"cms-hiw-content cms-transition\">\n\t\t\t\t\t\t\t    <h4 class=\"cms-hiw-title cms-heading text-heading\">Paso 1:<\/h4>\n\t\t\t    <div class=\"cms-hiw-desc text-body text-15 pt-15\">Decidir sobre el Tama\u00f1o de Su Evento<\/div>\n\t\t\t    <a class=\"cms-btn btn-sm cms-btn-secondary text-white cms-btn-hover-primary text-hover-white\" href=\"#\">\n\t\t\t    \t<i class=\"cmsi-edge-right-up text-10 rtl-flip\"><\/i>\n\t\t\t    \t\t\t\t    <\/a>\n\t\t\t<\/div>\n\t\t<\/div>\n\t\t\t\t<div id=\"cms-2af5a14\" class=\"hiw-item relative bdr-1 bdr-border cms-hover-change\">\n\t\t\t\t\t\t\t\t<div class=\"hiw-item-arrow cms-box-48 circle absolute center-right cms-transition z-top mr bg-secondary-lighten9 text-secondary\" style=\"--mr:-24px; --cms-arrow-shadow:var(--cms-secondary-lighten9)\"><span class=\"cmsi cmsi-arrow-right text-10\"><\/span><\/div>\n\t\t\t\t\t\t<div class=\"cms-hiw-content cms-transition\">\n\t\t\t\t\t\t\t    <h4 class=\"cms-hiw-title cms-heading text-heading\">Paso 2:<\/h4>\n\t\t\t    <div class=\"cms-hiw-desc text-body text-15 pt-15\">Busque Voluntarios<\/div>\n\t\t\t    <a class=\"cms-btn btn-sm cms-btn-secondary text-white cms-btn-hover-primary text-hover-white\" href=\"#\">\n\t\t\t    \t<i class=\"cmsi-edge-right-up text-10 rtl-flip\"><\/i>\n\t\t\t    \t\t\t\t    <\/a>\n\t\t\t<\/div>\n\t\t<\/div>\n\t\t\t\t<div id=\"cms-063427c\" class=\"hiw-item relative bdr-1 bdr-border cms-hover-change\">\n\t\t\t\t\t\t\t\t<div class=\"hiw-item-arrow cms-box-48 circle absolute center-right cms-transition z-top mr bg-secondary-lighten9 text-secondary\" style=\"--mr:-24px; --cms-arrow-shadow:var(--cms-secondary-lighten9)\"><span class=\"cmsi cmsi-arrow-right text-10\"><\/span><\/div>\n\t\t\t\t\t\t<div class=\"cms-hiw-content cms-transition\">\n\t\t\t\t\t\t\t    <h4 class=\"cms-hiw-title cms-heading text-heading\">Paso 3:<\/h4>\n\t\t\t    <div class=\"cms-hiw-desc text-body text-15 pt-15\">Asociarse con Doc Delete para gestionar la destrucci\u00f3n<\/div>\n\t\t\t    <a class=\"cms-btn btn-sm cms-btn-secondary text-white cms-btn-hover-primary text-hover-white\" href=\"#\">\n\t\t\t    \t<i class=\"cmsi-edge-right-up text-10 rtl-flip\"><\/i>\n\t\t\t    \t\t\t\t    <\/a>\n\t\t\t<\/div>\n\t\t<\/div>\n\t\t\t\t<div id=\"cms-618dc69\" class=\"hiw-item relative bdr-1 bdr-border cms-hover-change\">\n\t\t\t\t\t\t\t\t<div class=\"hiw-item-arrow cms-box-48 circle absolute center-right cms-transition z-top mr bg-secondary-lighten9 text-secondary\" style=\"--mr:-24px; --cms-arrow-shadow:var(--cms-secondary-lighten9)\"><span class=\"cmsi cmsi-arrow-right text-10\"><\/span><\/div>\n\t\t\t\t\t\t<div class=\"cms-hiw-content cms-transition\">\n\t\t\t\t\t\t\t    <h4 class=\"cms-hiw-title cms-heading text-heading\">Paso 4:<\/h4>\n\t\t\t    <div class=\"cms-hiw-desc text-body text-15 pt-15\">Seleccione una ubicaci\u00f3n adecuada para la trituraci\u00f3n<\/div>\n\t\t\t    <a class=\"cms-btn btn-sm cms-btn-secondary text-white cms-btn-hover-primary text-hover-white\" href=\"#\">\n\t\t\t    \t<i class=\"cmsi-edge-right-up text-10 rtl-flip\"><\/i>\n\t\t\t    \t\t\t\t    <\/a>\n\t\t\t<\/div>\n\t\t<\/div>\n\t\t\t\t<div id=\"cms-7db503d\" class=\"hiw-item relative bdr-1 bdr-border cms-hover-change\">\n\t\t\t\t\t\t\t\t<div class=\"hiw-item-arrow cms-box-48 circle absolute center-right cms-transition z-top mr bg-secondary-lighten9 text-secondary\" style=\"--mr:-24px; --cms-arrow-shadow:var(--cms-secondary-lighten9)\"><span class=\"cmsi cmsi-arrow-right text-10\"><\/span><\/div>\n\t\t\t\t\t\t<div class=\"cms-hiw-content cms-transition\">\n\t\t\t\t\t\t\t    <h4 class=\"cms-hiw-title cms-heading text-heading\">Paso 5:<\/h4>\n\t\t\t    <div class=\"cms-hiw-desc text-body text-15 pt-15\">Corre la voz<\/div>\n\t\t\t    <a class=\"cms-btn btn-sm cms-btn-secondary text-white cms-btn-hover-primary text-hover-white\" href=\"#\">\n\t\t\t    \t<i class=\"cmsi-edge-right-up text-10 rtl-flip\"><\/i>\n\t\t\t    \t\t\t\t    <\/a>\n\t\t\t<\/div>\n\t\t<\/div>\n\t\t\t\t<div id=\"cms-b6c77f3\" class=\"hiw-item relative bdr-1 bdr-border cms-hover-change\">\n\t\t\t\t\t\t<div class=\"cms-hiw-content cms-transition\">\n\t\t\t\t\t\t\t    <h4 class=\"cms-hiw-title cms-heading text-heading\">Paso 6:<\/h4>\n\t\t\t    <div class=\"cms-hiw-desc text-body text-15 pt-15\">\u00a1Empieza a triturar!<\/div>\n\t\t\t    <a class=\"cms-btn btn-sm cms-btn-secondary text-white cms-btn-hover-primary text-hover-white\" href=\"#\">\n\t\t\t    \t<i class=\"cmsi-edge-right-up text-10 rtl-flip\"><\/i>\n\t\t\t    \t\u00a1Empieza a triturar!\t\t\t    <\/a>\n\t\t\t<\/div>\n\t\t<\/div>\n\t\t<\/div>\n\n\t\t\t\t<\/div>\n\t\t\t\t<\/div>\n\t\t\t\t<div class=\"elementor-element elementor-element-2325cb0 pt-25 elementor-invisible elementor-widget elementor-widget-cms_heading\" data-id=\"2325cb0\" data-element_type=\"widget\" data-e-type=\"widget\" data-settings=\"{&quot;_animation&quot;:&quot;fadeInUp&quot;}\" data-widget_type=\"cms_heading.default\">\n\t\t\t\t<div class=\"elementor-widget-container\">\n\t\t\t\t\t<div class=\"cms-eheading cms-eheading-3 text-start\">\n\t<h2 class=\"cms-heading text-24 font-700 text- empty-none\"><\/h2>\n\t<div class=\"cms-desc pt-15 empty-none text-\">Doc Delete colaborar\u00e1 con su empresa en Puerto Rico para que su D\u00eda de Destrucci\u00f3n sea un \u00e9xito. Si tiene preguntas sobre nuestro Calendario del D\u00eda de Destrucci\u00f3n o desea obtener m\u00e1s informaci\u00f3n sobre la destrucci\u00f3n segura, ll\u00e1menos al (787)-900-5511. Tambi\u00e9n puede enviarnos un correo electr\u00f3nico o completar nuestro formulario de contacto. \u00a1Un miembro de nuestro equipo estar\u00e1 encantado de ayudarle!<\/div>\n<\/div>\t\t\t\t<\/div>\n\t\t\t\t<\/div>\n\t\t            <\/div>\r\n        <\/div>\r\n        \t\t\t<\/div>\r\n\t\t<\/section>\r\n\t\t\t\t<\/div>","protected":false},"excerpt":{"rendered":"<p>Shred Days Secure Shredding with Doc Delete Shred Days Have you ever experienced a Shred Day? Want to show your community that you\u2019re a supportive organization who is concerned about the general public\u2019s security? Help keep yourself, your business, and your neighbors protected from the risks of identity theft, by partnering with Doc Delete to [&hellip;]<\/p>\n","protected":false},"author":1,"featured_media":0,"parent":591,"menu_order":5,"comment_status":"closed","ping_status":"closed","template":"","meta":{"footnotes":""},"class_list":["post-593","page","type-page","status-publish","hentry"],"yoast_head":"<!-- This site is optimized with the Yoast SEO Premium plugin v25.8 (Yoast SEO v27.4) - https:\/\/yoast.com\/product\/yoast-seo-premium-wordpress\/ -->\n<title>Shred Days - Doc Delete PR<\/title>\n<meta name=\"robots\" content=\"index, follow, max-snippet:-1, max-image-preview:large, max-video-preview:-1\" \/>\n<link rel=\"canonical\" href=\"https:\/\/docdeletepr.com\/es\/why-shred\/shred-days\/\" \/>\n<meta property=\"og:locale\" content=\"es_ES\" \/>\n<meta property=\"og:type\" content=\"article\" \/>\n<meta property=\"og:title\" content=\"Shred Days\" \/>\n<meta property=\"og:description\" content=\"Locally owned business providing secure shredding and recycling services. With over 10 years in the industry, we serve clients across all Puerto Rico, protecting sensitive information with reliable and compliant solutions.\" \/>\n<meta property=\"og:url\" content=\"https:\/\/docdeletepr.com\/es\/why-shred\/shred-days\/\" \/>\n<meta property=\"og:site_name\" content=\"Doc Delete PR\" \/>\n<meta property=\"article:publisher\" content=\"https:\/\/www.facebook.com\/DocDeleteCorp\" \/>\n<meta property=\"article:modified_time\" content=\"2026-02-27T00:36:24+00:00\" \/>\n<meta property=\"og:image\" content=\"https:\/\/docdeletepr.com\/wp-content\/uploads\/2026\/02\/Shred-day.jpg\" \/>\n<meta name=\"twitter:card\" content=\"summary_large_image\" \/>\n<meta name=\"twitter:label1\" content=\"Tiempo de lectura\" \/>\n\t<meta name=\"twitter:data1\" content=\"2 minutos\" \/>\n<!-- \/ Yoast SEO Premium plugin. -->","yoast_head_json":{"title":"Shred Days - Doc Delete PR","robots":{"index":"index","follow":"follow","max-snippet":"max-snippet:-1","max-image-preview":"max-image-preview:large","max-video-preview":"max-video-preview:-1"},"canonical":"https:\/\/docdeletepr.com\/es\/why-shred\/shred-days\/","og_locale":"es_ES","og_type":"article","og_title":"Shred Days","og_description":"Locally owned business providing secure shredding and recycling services. With over 10 years in the industry, we serve clients across all Puerto Rico, protecting sensitive information with reliable and compliant solutions.","og_url":"https:\/\/docdeletepr.com\/es\/why-shred\/shred-days\/","og_site_name":"Doc Delete PR","article_publisher":"https:\/\/www.facebook.com\/DocDeleteCorp","article_modified_time":"2026-02-27T00:36:24+00:00","og_image":[{"url":"https:\/\/docdeletepr.com\/wp-content\/uploads\/2026\/02\/Shred-day.jpg","type":"","width":"","height":""}],"twitter_card":"summary_large_image","twitter_misc":{"Tiempo de lectura":"2 minutos"},"schema":{"@context":"https:\/\/schema.org","@graph":[{"@type":"WebPage","@id":"https:\/\/docdeletepr.com\/why-shred\/shred-days\/","url":"https:\/\/docdeletepr.com\/why-shred\/shred-days\/","name":"Shred Days - Doc Delete PR","isPartOf":{"@id":"https:\/\/docdeletepr.com\/#website"},"primaryImageOfPage":{"@id":"https:\/\/docdeletepr.com\/why-shred\/shred-days\/#primaryimage"},"image":{"@id":"https:\/\/docdeletepr.com\/why-shred\/shred-days\/#primaryimage"},"thumbnailUrl":"https:\/\/docdeletepr.com\/wp-content\/uploads\/2026\/02\/Shred-day.jpg","datePublished":"2026-02-26T19:14:32+00:00","dateModified":"2026-02-27T00:36:24+00:00","breadcrumb":{"@id":"https:\/\/docdeletepr.com\/why-shred\/shred-days\/#breadcrumb"},"inLanguage":"es","potentialAction":[{"@type":"ReadAction","target":["https:\/\/docdeletepr.com\/why-shred\/shred-days\/"]}]},{"@type":"ImageObject","inLanguage":"es","@id":"https:\/\/docdeletepr.com\/why-shred\/shred-days\/#primaryimage","url":"https:\/\/docdeletepr.com\/wp-content\/uploads\/2026\/02\/Shred-day.jpg","contentUrl":"https:\/\/docdeletepr.com\/wp-content\/uploads\/2026\/02\/Shred-day.jpg"},{"@type":"BreadcrumbList","@id":"https:\/\/docdeletepr.com\/why-shred\/shred-days\/#breadcrumb","itemListElement":[{"@type":"ListItem","position":1,"name":"Home","item":"https:\/\/docdeletepr.com\/"},{"@type":"ListItem","position":2,"name":"Why Shred","item":"https:\/\/docdeletepr.com\/why-shred\/"},{"@type":"ListItem","position":3,"name":"Shred Days"}]},{"@type":"WebSite","@id":"https:\/\/docdeletepr.com\/#website","url":"https:\/\/docdeletepr.com\/","name":"Doc Delete PR","description":"Shredding &amp; Recycling Company in Puerto Rico","publisher":{"@id":"https:\/\/docdeletepr.com\/#organization"},"potentialAction":[{"@type":"SearchAction","target":{"@type":"EntryPoint","urlTemplate":"https:\/\/docdeletepr.com\/?s={search_term_string}"},"query-input":{"@type":"PropertyValueSpecification","valueRequired":true,"valueName":"search_term_string"}}],"inLanguage":"es"},{"@type":"Organization","@id":"https:\/\/docdeletepr.com\/#organization","name":"Doc Delete PR","url":"https:\/\/docdeletepr.com\/","logo":{"@type":"ImageObject","inLanguage":"es","@id":"https:\/\/docdeletepr.com\/#\/schema\/logo\/image\/","url":"https:\/\/docdeletepr.com\/wp-content\/uploads\/2026\/02\/cropped-docdelete-logo-1.png","contentUrl":"https:\/\/docdeletepr.com\/wp-content\/uploads\/2026\/02\/cropped-docdelete-logo-1.png","width":1535,"height":1535,"caption":"Doc Delete PR"},"image":{"@id":"https:\/\/docdeletepr.com\/#\/schema\/logo\/image\/"},"sameAs":["https:\/\/www.facebook.com\/DocDeleteCorp","https:\/\/www.instagram.com\/docdeletepr\/","https:\/\/www.linkedin.com\/company\/docdelete\/","https:\/\/www.youtube.com\/channel\/UCo05WoahBYJgsLehcKwtF3A"],"description":"Doc Delete PR es una empresa local que ofrece servicios seguros de destrucci\u00f3n y reciclaje. Con m\u00e1s de 10 a\u00f1os de experiencia en la industria, atendemos a clientes en todo Puerto Rico, protegiendo informaci\u00f3n confidencial con soluciones confiables y que cumplen con las normas.","email":"info@docdeletepr.com","telephone":"787-900-5511"}]}},"_links":{"self":[{"href":"https:\/\/docdeletepr.com\/es\/wp-json\/wp\/v2\/pages\/593","targetHints":{"allow":["GET"]}}],"collection":[{"href":"https:\/\/docdeletepr.com\/es\/wp-json\/wp\/v2\/pages"}],"about":[{"href":"https:\/\/docdeletepr.com\/es\/wp-json\/wp\/v2\/types\/page"}],"author":[{"embeddable":true,"href":"https:\/\/docdeletepr.com\/es\/wp-json\/wp\/v2\/users\/1"}],"replies":[{"embeddable":true,"href":"https:\/\/docdeletepr.com\/es\/wp-json\/wp\/v2\/comments?post=593"}],"version-history":[{"count":7,"href":"https:\/\/docdeletepr.com\/es\/wp-json\/wp\/v2\/pages\/593\/revisions"}],"predecessor-version":[{"id":968,"href":"https:\/\/docdeletepr.com\/es\/wp-json\/wp\/v2\/pages\/593\/revisions\/968"}],"up":[{"embeddable":true,"href":"https:\/\/docdeletepr.com\/es\/wp-json\/wp\/v2\/pages\/591"}],"wp:attachment":[{"href":"https:\/\/docdeletepr.com\/es\/wp-json\/wp\/v2\/media?parent=593"}],"curies":[{"name":"wp","href":"https:\/\/api.w.org\/{rel}","templated":true}]}}